{"id":747086,"date":"2025-08-28T02:58:46","date_gmt":"2025-08-27T23:58:46","guid":{"rendered":"https:\/\/roveyayinevi.com.tr\/index.php\/urun\/muhasebe-ve-finans-alaninda-guncel-konular\/"},"modified":"2026-04-16T02:59:45","modified_gmt":"2026-04-15T23:59:45","slug":"muhasebe-ve-finans-alaninda-guncel-konular","status":"publish","type":"product","link":"https:\/\/roveyayinevi.com.tr\/index.php\/urun\/muhasebe-ve-finans-alaninda-guncel-konular\/","title":{"rendered":"Muhasebe ve Finans Alan\u0131nda G\u00fcncel Konular"},"content":{"rendered":"<p>1.      B\u00d6L\u00dcM ENTEGRE RAPORLAMADA G\u00dcNCEL GEL\u0130\u015eMELER   2.      B\u00d6L\u00dcM KURUMSAL S\u00dcRD\u00dcR\u00dcLEB\u0130L\u0130RL\u0130K PERFORMANSININ \u00d6L\u00c7\u00dcLMES\u0130 MAL\u0130YET-FAYDA ANAL\u0130Z\u0130NE DAYALI B\u0130R MODEL \u00d6NER\u0130S\u0130   3.      B\u00d6L\u00dcM MUHASEBE \u00d6\u011eRENC\u0130LER\u0130N\u0130N \u00d6\u011eRENME YET\u0130S\u0130 VE \u00d6\u011eRENME YAKLA\u015eIMLARI   4.      B\u00d6L\u00dcM BA\u011eIMSIZ DENET\u00c7\u0130L\u0130K SINAV SORULARININ \u0130\u00c7ER\u0130K ANAL\u0130Z\u0130 2013-2022 YILLARI ARASI   5.      B\u00d6L\u00dcM \u0130\u015eLETMELER\u0130N MUHASEBE S\u00dcRE\u00c7LER\u0130NDE YAPAY ZEK\u00c2 UYGULAMALARI   6.      B\u00d6L\u00dcM BANKACILIK SEKT\u00d6R\u00dcNDE YAPAY ZEK\u00c2 TEKNOLOJ\u0130S\u0130 7.      B\u00d6L\u00dcM A REVIEW OF THE FINANCIAL DEVELOPMENT-CAPITAL FLOWS NEXUS IN THE BALKAN   8.      B\u00d6L\u00dcM MARKOEKONOM\u0130K PERSPEKT\u0130FTEN F\u0130NANSAL DI\u015eA A\u00c7IKLIK   9.      B\u00d6L\u00dcM \u0130KL\u0130M DE\u011e\u0130\u015e\u0130KL\u0130\u011e\u0130N\u0130N ETK\u0130LER\u0130NE Y\u00d6NEL\u0130K F\u0130NANSAL TABLOLARDA YAPILACAK A\u00c7IKLAMALAR   10.      B\u00d6L\u00dcM \u0130KL\u0130M DE\u011e\u0130\u015e\u0130KL\u0130\u011e\u0130 ETK\u0130LER\u0130N\u0130N UFRS KAPSAMINDA DE\u011eERLEND\u0130R\u0130LMES\u0130   11.      B\u00d6L\u00dcM KUR KORUMALI MEVDUAT DUYURUSUNUN BORSA \u0130STANBUL\u2018A ETK\u0130S\u0130   12.      B\u00d6L\u00dcM TMS 16, BOB\u0130 FRS VE VUK KAPSAMINDA AMORT\u0130SMAN   13.      B\u00d6L\u00dcM SALGIN BEL\u0130RS\u0130ZL\u0130\u011e\u0130N\u0130N T\u00dcRK\u0130YE H\u0130SSE SENED\u0130 P\u0130YASASINA ETK\u0130S\u0130: E\u015eANLI KANT\u0130L REGRESYON ANAL\u0130Z\u0130   14.      B\u00d6L\u00dcM F\u0130NANSTA B\u00dcY\u00dcK VER\u0130 ARA\u015eTIRMALARI   15.      B\u00d6L\u00dcM F\u0130NANSAL BA\u015eARISIZLI\u011eIN TAHM\u0130N ED\u0130LMES\u0130  VE F\u0130NANSAL G\u00d6STERGELER\u0130N ANAL\u0130Z\u0130: BIST\u2018TE B\u0130R UYGULAMA   16.  B\u00d6L\u00dcM ETK\u0130 YATIRIMLARI: D\u00dcN\u00dc, BUG\u00dcN\u00dc VE YARINI   17.  B\u00d6L\u00dcM MEVS\u0130ML\u0130K OLGUSU: H\u0130SSE SENED\u0130, D\u00d6V\u0130Z VE EMT\u0130A P\u0130YASALARINA KAR\u015eILA\u015eTIRMALI BAKI\u015e <\/p>\n","protected":false},"excerpt":{"rendered":"<p>1. B\u00d6L\u00dcM ENTEGRE RAPORLAMADA G\u00dcNCEL GEL\u0130\u015eMELER 2. B\u00d6L\u00dcM KURUMSAL S\u00dcRD\u00dcR\u00dcLEB\u0130L\u0130RL\u0130K PERFORMANSININ \u00d6L\u00c7\u00dcLMES\u0130 MAL\u0130YET-FAYDA ANAL\u0130Z\u0130NE DAYALI B\u0130R MODEL \u00d6NER\u0130S\u0130 3. B\u00d6L\u00dcM MUHASEBE \u00d6\u011eRENC\u0130LER\u0130N\u0130N \u00d6\u011eRENME YET\u0130S\u0130 VE \u00d6\u011eRENME<span class=\"excerpt-hellip\"> [\u2026]<\/span><\/p>\n","protected":false},"featured_media":0,"template":"","meta":{"_monsterinsights_skip_tracking":false,"_monsterinsights_sitenote_active":false,"_monsterinsights_sitenote_note":"","_monsterinsights_sitenote_category":0},"product_brand":[],"product_cat":[20333,13043],"product_tag":[],"class_list":{"0":"post-747086","1":"product","2":"type-product","3":"status-publish","5":"product_cat-diger-ekonomi","6":"product_cat-ekonomi","7":"pa_cilt-ciltsiz","8":"pa_tur-kitap","9":"pa_yayinevi-gazi-kitabevi","10":"pa_yazar-tayfun-cicek","12":"first","13":"instock","14":"sale","15":"shipping-taxable","16":"purchasable","17":"product-type-simple"},"_links":{"self":[{"href":"https:\/\/roveyayinevi.com.tr\/index.php\/wp-json\/wp\/v2\/product\/747086","targetHints":{"allow":["GET"]}}],"collection":[{"href":"https:\/\/roveyayinevi.com.tr\/index.php\/wp-json\/wp\/v2\/product"}],"about":[{"href":"https:\/\/roveyayinevi.com.tr\/index.php\/wp-json\/wp\/v2\/types\/product"}],"wp:attachment":[{"href":"https:\/\/roveyayinevi.com.tr\/index.php\/wp-json\/wp\/v2\/media?parent=747086"}],"wp:term":[{"taxonomy":"product_brand","embeddable":true,"href":"https:\/\/roveyayinevi.com.tr\/index.php\/wp-json\/wp\/v2\/product_brand?post=747086"},{"taxonomy":"product_cat","embeddable":true,"href":"https:\/\/roveyayinevi.com.tr\/index.php\/wp-json\/wp\/v2\/product_cat?post=747086"},{"taxonomy":"product_tag","embeddable":true,"href":"https:\/\/roveyayinevi.com.tr\/index.php\/wp-json\/wp\/v2\/product_tag?post=747086"}],"curies":[{"name":"wp","href":"https:\/\/api.w.org\/{rel}","templated":true}]}}