{"id":747085,"date":"2025-08-28T02:58:45","date_gmt":"2025-08-27T23:58:45","guid":{"rendered":"https:\/\/roveyayinevi.com.tr\/index.php\/urun\/beden-egitimi-ogretmenlerinin-inovasyon-duygusal-zeka-ve-yasam-boyu-ogrenme-duzeyleri-arasindaki-iliskinin-incelenmesi\/"},"modified":"2026-04-16T02:59:45","modified_gmt":"2026-04-15T23:59:45","slug":"beden-egitimi-ogretmenlerinin-inovasyon-duygusal-zeka-ve-yasam-boyu-ogrenme-duzeyleri-arasindaki-iliskinin-incelenmesi","status":"publish","type":"product","link":"https:\/\/roveyayinevi.com.tr\/index.php\/urun\/beden-egitimi-ogretmenlerinin-inovasyon-duygusal-zeka-ve-yasam-boyu-ogrenme-duzeyleri-arasindaki-iliskinin-incelenmesi\/","title":{"rendered":"Beden E\u011fitimi \u00d6\u011fretmenlerinin \u0130novasyon, Duygusal Zeka ve Ya\u015fam Boyu \u00d6\u011frenme D\u00fczeyleri Aras\u0131ndaki \u0130li\u015fkinin \u0130ncelenmesi"},"content":{"rendered":"<p>B\u0130R\u0130NC\u0130 B\u00d6L\u00dcM G\u0130R\u0130\u015e   \u0130K\u0130NC\u0130 B\u00d6L\u00dcM KURAMSAL \u00c7ER\u00c7EVE\/\u0130LG\u0130L\u0130 \u00c7ALI\u015eMALAR   \u00dc\u00c7\u00dcNC\u00dc B\u00d6L\u00dcM ARA\u015eTIRMA METODOLOJ\u0130S\u0130\/MATERYAL VE Y\u00d6NTEM   D\u00d6RD\u00dcNC\u00dc B\u00d6L\u00dcM ARA\u015eTIRMA BULGULARI   BE\u015e\u0130NC\u0130 B\u00d6L\u00dcM TARTI\u015eMA\/ SONU\u00c7 VE \u00d6NER\u0130LER <\/p>\n","protected":false},"excerpt":{"rendered":"<p>B\u0130R\u0130NC\u0130 B\u00d6L\u00dcM G\u0130R\u0130\u015e \u0130K\u0130NC\u0130 B\u00d6L\u00dcM KURAMSAL \u00c7ER\u00c7EVE\/\u0130LG\u0130L\u0130 \u00c7ALI\u015eMALAR \u00dc\u00c7\u00dcNC\u00dc B\u00d6L\u00dcM ARA\u015eTIRMA METODOLOJ\u0130S\u0130\/MATERYAL VE Y\u00d6NTEM D\u00d6RD\u00dcNC\u00dc B\u00d6L\u00dcM ARA\u015eTIRMA BULGULARI BE\u015e\u0130NC\u0130 B\u00d6L\u00dcM TARTI\u015eMA\/ SONU\u00c7 VE \u00d6NER\u0130LER<\/p>\n","protected":false},"featured_media":0,"template":"","meta":{"_monsterinsights_skip_tracking":false,"_monsterinsights_sitenote_active":false,"_monsterinsights_sitenote_note":"","_monsterinsights_sitenote_category":0},"product_brand":[],"product_cat":[15563,15564],"product_tag":[],"class_list":{"0":"post-747085","1":"product","2":"type-product","3":"status-publish","5":"product_cat-hobi","6":"product_cat-spor","7":"pa_cilt-ciltsiz","8":"pa_tur-kitap","9":"pa_yayinevi-gazi-kitabevi","10":"pa_yazar-turkan-sogutcu","12":"first","13":"instock","14":"sale","15":"shipping-taxable","16":"purchasable","17":"product-type-simple"},"_links":{"self":[{"href":"https:\/\/roveyayinevi.com.tr\/index.php\/wp-json\/wp\/v2\/product\/747085","targetHints":{"allow":["GET"]}}],"collection":[{"href":"https:\/\/roveyayinevi.com.tr\/index.php\/wp-json\/wp\/v2\/product"}],"about":[{"href":"https:\/\/roveyayinevi.com.tr\/index.php\/wp-json\/wp\/v2\/types\/product"}],"wp:attachment":[{"href":"https:\/\/roveyayinevi.com.tr\/index.php\/wp-json\/wp\/v2\/media?parent=747085"}],"wp:term":[{"taxonomy":"product_brand","embeddable":true,"href":"https:\/\/roveyayinevi.com.tr\/index.php\/wp-json\/wp\/v2\/product_brand?post=747085"},{"taxonomy":"product_cat","embeddable":true,"href":"https:\/\/roveyayinevi.com.tr\/index.php\/wp-json\/wp\/v2\/product_cat?post=747085"},{"taxonomy":"product_tag","embeddable":true,"href":"https:\/\/roveyayinevi.com.tr\/index.php\/wp-json\/wp\/v2\/product_tag?post=747085"}],"curies":[{"name":"wp","href":"https:\/\/api.w.org\/{rel}","templated":true}]}}