{"id":747084,"date":"2025-08-28T02:58:44","date_gmt":"2025-08-27T23:58:44","guid":{"rendered":"https:\/\/roveyayinevi.com.tr\/index.php\/urun\/guzellik-merkezlerinde-is-sagligi-ve-guvenligi-yukumlulukleri\/"},"modified":"2026-04-16T02:59:45","modified_gmt":"2026-04-15T23:59:45","slug":"guzellik-merkezlerinde-is-sagligi-ve-guvenligi-yukumlulukleri","status":"publish","type":"product","link":"https:\/\/roveyayinevi.com.tr\/index.php\/urun\/guzellik-merkezlerinde-is-sagligi-ve-guvenligi-yukumlulukleri\/","title":{"rendered":"G\u00fczellik Merkezlerinde \u0130\u015f Sa\u011fl\u0131\u011f\u0131 ve G\u00fcvenli\u011fi Y\u00fck\u00fcml\u00fcl\u00fckleri"},"content":{"rendered":"<p>B\u00d6L\u00dcM I G\u0130R\u0130\u015e   B\u00d6L\u00dcM II \u0130\u015e SA\u011eLI\u011eI VE G\u00dcVENL\u0130\u011e\u0130N\u0130N KURAMSAL TEMELLER\u0130   B\u00d6L\u00dcM III Y\u00d6NTEM   B\u00d6L\u00dcM IV BULGULAR VE YORUMLAR   B\u00d6L\u00dcM V SONU\u00c7 VE \u00d6NER\u0130LER   <\/p>\n","protected":false},"excerpt":{"rendered":"<p>B\u00d6L\u00dcM I G\u0130R\u0130\u015e B\u00d6L\u00dcM II \u0130\u015e SA\u011eLI\u011eI VE G\u00dcVENL\u0130\u011e\u0130N\u0130N KURAMSAL TEMELLER\u0130 B\u00d6L\u00dcM III Y\u00d6NTEM B\u00d6L\u00dcM IV BULGULAR VE YORUMLAR B\u00d6L\u00dcM V SONU\u00c7 VE \u00d6NER\u0130LER<\/p>\n","protected":false},"featured_media":0,"template":"","meta":{"_monsterinsights_skip_tracking":false,"_monsterinsights_sitenote_active":false,"_monsterinsights_sitenote_note":"","_monsterinsights_sitenote_category":0},"product_brand":[],"product_cat":[12573,12566],"product_tag":[],"class_list":{"0":"post-747084","1":"product","2":"type-product","3":"status-publish","5":"product_cat-akademik-kitaplar","6":"product_cat-egitim","7":"pa_cilt-ciltsiz","8":"pa_tur-kitap","9":"pa_yayinevi-gazi-kitabevi","10":"pa_yazar-zulal-zeynep-caglar","12":"first","13":"instock","14":"sale","15":"shipping-taxable","16":"purchasable","17":"product-type-simple"},"_links":{"self":[{"href":"https:\/\/roveyayinevi.com.tr\/index.php\/wp-json\/wp\/v2\/product\/747084","targetHints":{"allow":["GET"]}}],"collection":[{"href":"https:\/\/roveyayinevi.com.tr\/index.php\/wp-json\/wp\/v2\/product"}],"about":[{"href":"https:\/\/roveyayinevi.com.tr\/index.php\/wp-json\/wp\/v2\/types\/product"}],"wp:attachment":[{"href":"https:\/\/roveyayinevi.com.tr\/index.php\/wp-json\/wp\/v2\/media?parent=747084"}],"wp:term":[{"taxonomy":"product_brand","embeddable":true,"href":"https:\/\/roveyayinevi.com.tr\/index.php\/wp-json\/wp\/v2\/product_brand?post=747084"},{"taxonomy":"product_cat","embeddable":true,"href":"https:\/\/roveyayinevi.com.tr\/index.php\/wp-json\/wp\/v2\/product_cat?post=747084"},{"taxonomy":"product_tag","embeddable":true,"href":"https:\/\/roveyayinevi.com.tr\/index.php\/wp-json\/wp\/v2\/product_tag?post=747084"}],"curies":[{"name":"wp","href":"https:\/\/api.w.org\/{rel}","templated":true}]}}