{"id":747083,"date":"2025-08-28T02:58:43","date_gmt":"2025-08-27T23:58:43","guid":{"rendered":"https:\/\/roveyayinevi.com.tr\/index.php\/urun\/sporda-guncel-yaklasimlar\/"},"modified":"2026-04-16T02:59:45","modified_gmt":"2026-04-15T23:59:45","slug":"sporda-guncel-yaklasimlar","status":"publish","type":"product","link":"https:\/\/roveyayinevi.com.tr\/index.php\/urun\/sporda-guncel-yaklasimlar\/","title":{"rendered":"Sporda G\u00fcncel Yakla\u015f\u0131mlar"},"content":{"rendered":"<p>\u00b7         K\u00fcreselle\u015fme S\u00fcrecinde Spor ve \u0130leti\u015fim \u00b7         Toplumsal Cinsiyet A\u00e7\u0131s\u0131ndan Spor \u00b7         Serbest Zaman Olgusunun Ku\u015faklara G\u00f6re De\u011fi\u015fimi \u00b7         Spor ve Sosyalle\u015fme \u00b7         Y\u00fczen Otellerde Serbest Zaman Etkinliklerinin \u0130ncelenmesi \u00b7         Espor Ekonomisi \u00b7         Sporda \u0130nsan Kaynaklar\u0131 \u00b7         Sporda Beceri \u00d6\u011frenimi D\u0131\u015f Kaynak Kullan\u0131m\u0131 \u00b7         Futbolda Performans\u0131 Etkileyen Bacak Kaslar\u0131 ve Elektromiyografi ile \u0130l\u015fkilendirilmesi \u00b7         Sporda Odaklanm\u0131\u015f Dikkatin \u00d6nemi   <\/p>\n","protected":false},"excerpt":{"rendered":"<p>\u00b7 K\u00fcreselle\u015fme S\u00fcrecinde Spor ve \u0130leti\u015fim \u00b7 Toplumsal Cinsiyet A\u00e7\u0131s\u0131ndan Spor \u00b7 Serbest Zaman Olgusunun Ku\u015faklara G\u00f6re De\u011fi\u015fimi \u00b7 Spor ve Sosyalle\u015fme \u00b7 Y\u00fczen Otellerde Serbest<span class=\"excerpt-hellip\"> [\u2026]<\/span><\/p>\n","protected":false},"featured_media":0,"template":"","meta":{"_monsterinsights_skip_tracking":false,"_monsterinsights_sitenote_active":false,"_monsterinsights_sitenote_note":"","_monsterinsights_sitenote_category":0},"product_brand":[],"product_cat":[15563,15564],"product_tag":[],"class_list":{"0":"post-747083","1":"product","2":"type-product","3":"status-publish","5":"product_cat-hobi","6":"product_cat-spor","7":"pa_cilt-ciltsiz","8":"pa_tur-kitap","9":"pa_yayinevi-gazi-kitabevi","10":"pa_yazar-kolektif","12":"first","13":"instock","14":"sale","15":"shipping-taxable","16":"purchasable","17":"product-type-simple"},"_links":{"self":[{"href":"https:\/\/roveyayinevi.com.tr\/index.php\/wp-json\/wp\/v2\/product\/747083","targetHints":{"allow":["GET"]}}],"collection":[{"href":"https:\/\/roveyayinevi.com.tr\/index.php\/wp-json\/wp\/v2\/product"}],"about":[{"href":"https:\/\/roveyayinevi.com.tr\/index.php\/wp-json\/wp\/v2\/types\/product"}],"wp:attachment":[{"href":"https:\/\/roveyayinevi.com.tr\/index.php\/wp-json\/wp\/v2\/media?parent=747083"}],"wp:term":[{"taxonomy":"product_brand","embeddable":true,"href":"https:\/\/roveyayinevi.com.tr\/index.php\/wp-json\/wp\/v2\/product_brand?post=747083"},{"taxonomy":"product_cat","embeddable":true,"href":"https:\/\/roveyayinevi.com.tr\/index.php\/wp-json\/wp\/v2\/product_cat?post=747083"},{"taxonomy":"product_tag","embeddable":true,"href":"https:\/\/roveyayinevi.com.tr\/index.php\/wp-json\/wp\/v2\/product_tag?post=747083"}],"curies":[{"name":"wp","href":"https:\/\/api.w.org\/{rel}","templated":true}]}}