{"id":747082,"date":"2025-08-28T02:58:42","date_gmt":"2025-08-27T23:58:42","guid":{"rendered":"https:\/\/roveyayinevi.com.tr\/index.php\/urun\/maliyet-ve-yonetim-muhasebesinde-secme-konular-2\/"},"modified":"2026-04-16T02:59:45","modified_gmt":"2026-04-15T23:59:45","slug":"maliyet-ve-yonetim-muhasebesinde-secme-konular-2","status":"publish","type":"product","link":"https:\/\/roveyayinevi.com.tr\/index.php\/urun\/maliyet-ve-yonetim-muhasebesinde-secme-konular-2\/","title":{"rendered":"Maliyet ve Y\u00f6netim Muhasebesinde Se\u00e7me Konular -2"},"content":{"rendered":"<p>B\u00d6L\u00dcM 1 SAFHA MAL\u0130YET Y\u00d6NTEM\u0130NE Y\u00d6NEL\u0130K ALTERNAT\u0130F MAL\u0130YET S\u0130STEM\u0130 UYGULAMALARI: IFRS YAKLA\u015eIMI   B\u00d6L\u00dcM 2 B\u0130R YALIN \u00dcRET\u0130M TEKN\u0130\u011e\u0130 OLARAK SMED UYGULAMASININ MAL\u0130YET AZALTMA \u00c7ALI\u015eMALARINA ETK\u0130S\u0130 (MAL\u0130YETLER\u0130 SMED\u2019LE)   B\u00d6L\u00dcM 3 \u00dcR\u00dcN MAL\u0130YETLER\u0130N\u0130 D\u00dc\u015e\u00dcRMEDE DE\u011eER AKI\u015e MAL\u0130YETLEMES\u0130N\u0130N ROL\u00dc   B\u00d6L\u00dcM 4 S\u00dcRD\u00dcR\u00dcLEB\u0130L\u0130RL\u0130K \u00c7ER\u00c7EVES\u0130NDE EKSERJ\u0130 MAL\u0130YETLER\u0130: TEOR\u0130K B\u0130R \u0130NCELEME   B\u00d6L\u00dcM 5 COVID-19 S\u00dcREC\u0130NDE MAL\u0130YET DE\u011e\u0130\u015e\u0130MLER\u0130N\u0130N OTOMOT\u0130V SEKT\u00d6R\u00dcNDE \u0130NCELENMES\u0130: TOFA\u015e A.\u015e. \u00d6RNE\u011e\u0130   B\u00d6L\u00dcM 6 KAMU KURULU\u015eLARINDA MAL\u0130YET MUHASEBES\u0130: MAL\u0130YETLEMEN\u0130N S\u00dcRD\u00dcR\u00dcLEB\u0130L\u0130RL\u0130K STRATEJ\u0130LER\u0130YLE BA\u011eLANTILARI B\u00d6L\u00dcM 7 END\u00dcSTR\u0130 4.0 S\u00dcREC\u0130NDE KAL\u0130TE MAL\u0130YETLER\u0130N\u0130N Y\u00d6NETSEL ETK\u0130S\u0130   B\u00d6L\u00dcM 8 LOJ\u0130ST\u0130K H\u0130ZMETLER\u0130NDE MAL\u0130YET VE Y\u00d6NET\u0130M MUHASEBES\u0130 \u00c7ALI\u015eMALARINA Y\u00d6NEL\u0130K B\u0130BL\u0130YOMETR\u0130K B\u0130R ANAL\u0130Z   B\u00d6L\u00dcM 9 STRATEJ\u0130K Y\u00d6NET\u0130M MUHASEBES\u0130 \u00c7ER\u00c7EVES\u0130NDE YEN\u0130 \u00dcR\u00dcN GEL\u0130\u015eT\u0130RMEN\u0130N F\u0130YATLANDIRMA KARARLARINA ETK\u0130S\u0130: GIDA SEKT\u00d6R\u00dcNDE B\u0130R UYGULAMA   B\u00d6L\u00dcM 10 Y\u00d6NET\u0130M MUHASEBES\u0130 VE \u0130\u00c7 KONTROL \u0130L\u0130\u015eK\u0130S\u0130   B\u00d6L\u00dcM 11 STRATEJ\u0130K MAL\u0130YET Y\u00d6NET\u0130M\u0130 ARACI OLARAK \u00d6ZELL\u0130K TABANLI  MAL\u0130YETLEME VE KAYNAK T\u00dcKET\u0130M MUHASEBES\u0130 ENTEGRASYONU   <\/p>\n","protected":false},"excerpt":{"rendered":"<p>B\u00d6L\u00dcM 1 SAFHA MAL\u0130YET Y\u00d6NTEM\u0130NE Y\u00d6NEL\u0130K ALTERNAT\u0130F MAL\u0130YET S\u0130STEM\u0130 UYGULAMALARI: IFRS YAKLA\u015eIMI B\u00d6L\u00dcM 2 B\u0130R YALIN \u00dcRET\u0130M TEKN\u0130\u011e\u0130 OLARAK SMED UYGULAMASININ MAL\u0130YET AZALTMA \u00c7ALI\u015eMALARINA ETK\u0130S\u0130 (MAL\u0130YETLER\u0130<span class=\"excerpt-hellip\"> [\u2026]<\/span><\/p>\n","protected":false},"featured_media":0,"template":"","meta":{"_monsterinsights_skip_tracking":false,"_monsterinsights_sitenote_active":false,"_monsterinsights_sitenote_note":"","_monsterinsights_sitenote_category":0},"product_brand":[],"product_cat":[20333,13043],"product_tag":[],"class_list":{"0":"post-747082","1":"product","2":"type-product","3":"status-publish","5":"product_cat-diger-ekonomi","6":"product_cat-ekonomi","7":"pa_cilt-ciltsiz","8":"pa_tur-kitap","9":"pa_yayinevi-gazi-kitabevi","10":"pa_yazar-kolektif","12":"first","13":"instock","14":"sale","15":"shipping-taxable","16":"purchasable","17":"product-type-simple"},"_links":{"self":[{"href":"https:\/\/roveyayinevi.com.tr\/index.php\/wp-json\/wp\/v2\/product\/747082","targetHints":{"allow":["GET"]}}],"collection":[{"href":"https:\/\/roveyayinevi.com.tr\/index.php\/wp-json\/wp\/v2\/product"}],"about":[{"href":"https:\/\/roveyayinevi.com.tr\/index.php\/wp-json\/wp\/v2\/types\/product"}],"wp:attachment":[{"href":"https:\/\/roveyayinevi.com.tr\/index.php\/wp-json\/wp\/v2\/media?parent=747082"}],"wp:term":[{"taxonomy":"product_brand","embeddable":true,"href":"https:\/\/roveyayinevi.com.tr\/index.php\/wp-json\/wp\/v2\/product_brand?post=747082"},{"taxonomy":"product_cat","embeddable":true,"href":"https:\/\/roveyayinevi.com.tr\/index.php\/wp-json\/wp\/v2\/product_cat?post=747082"},{"taxonomy":"product_tag","embeddable":true,"href":"https:\/\/roveyayinevi.com.tr\/index.php\/wp-json\/wp\/v2\/product_tag?post=747082"}],"curies":[{"name":"wp","href":"https:\/\/api.w.org\/{rel}","templated":true}]}}