{"id":747081,"date":"2025-08-28T02:58:41","date_gmt":"2025-08-27T23:58:41","guid":{"rendered":"https:\/\/roveyayinevi.com.tr\/index.php\/urun\/finansal-raporlamadan-entegre-raporlamaya-kurumsal-raporlamanin-gelisimi\/"},"modified":"2026-04-16T02:59:45","modified_gmt":"2026-04-15T23:59:45","slug":"finansal-raporlamadan-entegre-raporlamaya-kurumsal-raporlamanin-gelisimi","status":"publish","type":"product","link":"https:\/\/roveyayinevi.com.tr\/index.php\/urun\/finansal-raporlamadan-entegre-raporlamaya-kurumsal-raporlamanin-gelisimi\/","title":{"rendered":"Finansal Raporlamadan Entegre Raporlamaya Kurumsal Raporlaman\u0131n Geli\u015fimi"},"content":{"rendered":"<p>1.      B\u00d6L\u00dcM ENTEGRE RAPORLAMA: KAVRAMSAL \u00c7ER\u00c7EVE VE TAR\u0130HSEL GEL\u0130\u015e\u0130M   2.      B\u00d6L\u00dcM ENTEGRE RAPORLAMANIN F\u0130NANSAL B\u0130LG\u0130LERE \u0130L\u0130\u015eK\u0130NN UNSURU: F\u0130NANSAL RAPORLAMA   3.      B\u00d6L\u00dcM ENTEGRE RAPORLAMANIN F\u0130NANSAL OLMAYAN B\u0130LG\u0130YE \u0130L\u0130\u015eK\u0130N UNSURU: S\u00dcRD\u00dcR\u00dcLEB\u0130L\u0130RL\u0130K RAPORLAMASI   4.      B\u00d6L\u00dcM ENTEGRE RAPORLAMANIN GEL\u0130\u015e\u0130M\u0130NDE ETK\u0130L\u0130 OLAN \u00c7ER\u00c7EVELER <\/p>\n","protected":false},"excerpt":{"rendered":"<p>1. B\u00d6L\u00dcM ENTEGRE RAPORLAMA: KAVRAMSAL \u00c7ER\u00c7EVE VE TAR\u0130HSEL GEL\u0130\u015e\u0130M 2. B\u00d6L\u00dcM ENTEGRE RAPORLAMANIN F\u0130NANSAL B\u0130LG\u0130LERE \u0130L\u0130\u015eK\u0130NN UNSURU: F\u0130NANSAL RAPORLAMA 3. B\u00d6L\u00dcM ENTEGRE RAPORLAMANIN F\u0130NANSAL OLMAYAN B\u0130LG\u0130YE<span class=\"excerpt-hellip\"> [\u2026]<\/span><\/p>\n","protected":false},"featured_media":0,"template":"","meta":{"_monsterinsights_skip_tracking":false,"_monsterinsights_sitenote_active":false,"_monsterinsights_sitenote_note":"","_monsterinsights_sitenote_category":0},"product_brand":[],"product_cat":[20333,13043],"product_tag":[],"class_list":{"0":"post-747081","1":"product","2":"type-product","3":"status-publish","5":"product_cat-diger-ekonomi","6":"product_cat-ekonomi","7":"pa_cilt-ciltsiz","8":"pa_tur-kitap","9":"pa_yayinevi-gazi-kitabevi","10":"pa_yazar-ibrahim-yavuz","12":"first","13":"instock","14":"sale","15":"shipping-taxable","16":"purchasable","17":"product-type-simple"},"_links":{"self":[{"href":"https:\/\/roveyayinevi.com.tr\/index.php\/wp-json\/wp\/v2\/product\/747081","targetHints":{"allow":["GET"]}}],"collection":[{"href":"https:\/\/roveyayinevi.com.tr\/index.php\/wp-json\/wp\/v2\/product"}],"about":[{"href":"https:\/\/roveyayinevi.com.tr\/index.php\/wp-json\/wp\/v2\/types\/product"}],"wp:attachment":[{"href":"https:\/\/roveyayinevi.com.tr\/index.php\/wp-json\/wp\/v2\/media?parent=747081"}],"wp:term":[{"taxonomy":"product_brand","embeddable":true,"href":"https:\/\/roveyayinevi.com.tr\/index.php\/wp-json\/wp\/v2\/product_brand?post=747081"},{"taxonomy":"product_cat","embeddable":true,"href":"https:\/\/roveyayinevi.com.tr\/index.php\/wp-json\/wp\/v2\/product_cat?post=747081"},{"taxonomy":"product_tag","embeddable":true,"href":"https:\/\/roveyayinevi.com.tr\/index.php\/wp-json\/wp\/v2\/product_tag?post=747081"}],"curies":[{"name":"wp","href":"https:\/\/api.w.org\/{rel}","templated":true}]}}