{"id":747080,"date":"2025-08-28T02:58:40","date_gmt":"2025-08-27T23:58:40","guid":{"rendered":"https:\/\/roveyayinevi.com.tr\/index.php\/urun\/yol-oldu-bize-hasretin-adi\/"},"modified":"2026-03-12T03:08:03","modified_gmt":"2026-03-12T00:08:03","slug":"yol-oldu-bize-hasretin-adi","status":"publish","type":"product","link":"https:\/\/roveyayinevi.com.tr\/index.php\/urun\/yol-oldu-bize-hasretin-adi\/","title":{"rendered":"Yol Oldu Bize Hasretin Ad\u0131"},"content":{"rendered":"<p>\u00c7ok y\u0131llar geldi ge\u00e7ti. Kederle gamlan. Her da\u011fa y\u00fcksekli\u011fine g\u00f6re Kar verir Mevla\u2019m Koparmad\u0131 kimseler Bizi bu hayattan Bazen oldu bizi a\u011flatan Bazen oldu bizi g\u00fcld\u00fcren Silmedik inanc\u0131m\u0131z\u0131 Sabr\u0131m\u0131z\u0131 g\u00f6n\u00fclden Yaradana teslim olan Korkmaz \u00f6l\u00fcmden Biz y\u00fcz\u00fcm\u00fcze g\u00fclenlerden \u00c7ok vurgunlar yedik. <\/p>\n","protected":false},"excerpt":{"rendered":"<p>\u00c7ok y\u0131llar geldi ge\u00e7ti. Kederle gamlan. Her da\u011fa y\u00fcksekli\u011fine g\u00f6re Kar verir Mevla\u2019m Koparmad\u0131 kimseler Bizi bu hayattan Bazen oldu bizi a\u011flatan Bazen oldu bizi g\u00fcld\u00fcren<span class=\"excerpt-hellip\"> [\u2026]<\/span><\/p>\n","protected":false},"featured_media":0,"template":"","meta":{"_monsterinsights_skip_tracking":false,"_monsterinsights_sitenote_active":false,"_monsterinsights_sitenote_note":"","_monsterinsights_sitenote_category":0},"product_brand":[],"product_cat":[12291,12509],"product_tag":[],"class_list":{"0":"post-747080","1":"product","2":"type-product","3":"status-publish","5":"product_cat-edebiyat","6":"product_cat-siir","7":"pa_cilt-ciltsiz","8":"pa_tur-kitap","9":"pa_yayinevi-kirmizi-cati-yayinlari","10":"pa_yazar-hursit-kose","12":"first","13":"instock","14":"sale","15":"shipping-taxable","16":"purchasable","17":"product-type-simple"},"_links":{"self":[{"href":"https:\/\/roveyayinevi.com.tr\/index.php\/wp-json\/wp\/v2\/product\/747080","targetHints":{"allow":["GET"]}}],"collection":[{"href":"https:\/\/roveyayinevi.com.tr\/index.php\/wp-json\/wp\/v2\/product"}],"about":[{"href":"https:\/\/roveyayinevi.com.tr\/index.php\/wp-json\/wp\/v2\/types\/product"}],"wp:attachment":[{"href":"https:\/\/roveyayinevi.com.tr\/index.php\/wp-json\/wp\/v2\/media?parent=747080"}],"wp:term":[{"taxonomy":"product_brand","embeddable":true,"href":"https:\/\/roveyayinevi.com.tr\/index.php\/wp-json\/wp\/v2\/product_brand?post=747080"},{"taxonomy":"product_cat","embeddable":true,"href":"https:\/\/roveyayinevi.com.tr\/index.php\/wp-json\/wp\/v2\/product_cat?post=747080"},{"taxonomy":"product_tag","embeddable":true,"href":"https:\/\/roveyayinevi.com.tr\/index.php\/wp-json\/wp\/v2\/product_tag?post=747080"}],"curies":[{"name":"wp","href":"https:\/\/api.w.org\/{rel}","templated":true}]}}