{"id":747079,"date":"2025-08-28T02:58:38","date_gmt":"2025-08-27T23:58:38","guid":{"rendered":"https:\/\/roveyayinevi.com.tr\/index.php\/urun\/engelsiz-sevgi\/"},"modified":"2026-04-16T02:59:45","modified_gmt":"2026-04-15T23:59:45","slug":"engelsiz-sevgi","status":"publish","type":"product","link":"https:\/\/roveyayinevi.com.tr\/index.php\/urun\/engelsiz-sevgi\/","title":{"rendered":"Engelsiz Sevgi"},"content":{"rendered":"<p>Bu \u015fiir kitab\u0131ndaki t\u00fcm \u015fiirler, bir tarih s\u0131ras\u0131na g\u00f6re s\u0131ralanm\u0131\u015ft\u0131r. Baz\u0131 \u015fiirlerin hemen alt\u0131nda, nerede, kim ve hangi nedenlerden dolay\u0131 yaz\u0131ld\u0131klar\u0131 da \u2013k\u0131saca- a\u00e7\u0131klanm\u0131\u015ft\u0131r.   178 adet sevgi dolu \u015fiirin, kimisi bir insan, kimisi bir \u015fehir i\u00e7in ve kimisi de tarif edilemez co\u015fkulu ruh halini yans\u0131tmaya \u00e7al\u0131\u015fan dizelerle yaz\u0131lmaya \u00e7al\u0131\u015f\u0131lm\u0131\u015ft\u0131r. Bu sunulan 178 adet se\u00e7ili \u015firin d\u0131\u015f\u0131nda, 6 ya\u015f\u0131ndan beri yazd\u0131\u011f\u0131m ve say\u0131lar\u0131 bine yakla\u015fan \u015fiirlerim de vard\u0131r. Ayr\u0131ca \u015fiirlerimin baz\u0131s\u0131, yazm\u0131\u015f oldu\u011fum di\u011fer kitaplar\u0131mda ve uygun b\u00f6l\u00fcmlerinde kullan\u0131lm\u0131\u015ft\u0131r. Kitapta, bestelenmi\u015f olan bir \u015fiirim de bulunmaktad\u0131r.   S\u0131k\u0131lmadan okuyaca\u011f\u0131n\u0131z\u0131 d\u00fc\u015f\u00fcn\u00fcyorum\u2026   <\/p>\n","protected":false},"excerpt":{"rendered":"<p>Bu \u015fiir kitab\u0131ndaki t\u00fcm \u015fiirler, bir tarih s\u0131ras\u0131na g\u00f6re s\u0131ralanm\u0131\u015ft\u0131r. Baz\u0131 \u015fiirlerin hemen alt\u0131nda, nerede, kim ve hangi nedenlerden dolay\u0131 yaz\u0131ld\u0131klar\u0131 da \u2013k\u0131saca- a\u00e7\u0131klanm\u0131\u015ft\u0131r. 178 adet<span class=\"excerpt-hellip\"> [\u2026]<\/span><\/p>\n","protected":false},"featured_media":0,"template":"","meta":{"_monsterinsights_skip_tracking":false,"_monsterinsights_sitenote_active":false,"_monsterinsights_sitenote_note":"","_monsterinsights_sitenote_category":0},"product_brand":[],"product_cat":[12291,12509],"product_tag":[],"class_list":{"0":"post-747079","1":"product","2":"type-product","3":"status-publish","5":"product_cat-edebiyat","6":"product_cat-siir","7":"pa_cilt-ciltsiz","8":"pa_tur-kitap","9":"pa_yayinevi-gulnar-yayinlari","10":"pa_yazar-sedat-sadioglu","12":"first","13":"instock","14":"sale","15":"shipping-taxable","16":"purchasable","17":"product-type-simple"},"_links":{"self":[{"href":"https:\/\/roveyayinevi.com.tr\/index.php\/wp-json\/wp\/v2\/product\/747079","targetHints":{"allow":["GET"]}}],"collection":[{"href":"https:\/\/roveyayinevi.com.tr\/index.php\/wp-json\/wp\/v2\/product"}],"about":[{"href":"https:\/\/roveyayinevi.com.tr\/index.php\/wp-json\/wp\/v2\/types\/product"}],"wp:attachment":[{"href":"https:\/\/roveyayinevi.com.tr\/index.php\/wp-json\/wp\/v2\/media?parent=747079"}],"wp:term":[{"taxonomy":"product_brand","embeddable":true,"href":"https:\/\/roveyayinevi.com.tr\/index.php\/wp-json\/wp\/v2\/product_brand?post=747079"},{"taxonomy":"product_cat","embeddable":true,"href":"https:\/\/roveyayinevi.com.tr\/index.php\/wp-json\/wp\/v2\/product_cat?post=747079"},{"taxonomy":"product_tag","embeddable":true,"href":"https:\/\/roveyayinevi.com.tr\/index.php\/wp-json\/wp\/v2\/product_tag?post=747079"}],"curies":[{"name":"wp","href":"https:\/\/api.w.org\/{rel}","templated":true}]}}