{"id":747078,"date":"2025-08-28T02:58:37","date_gmt":"2025-08-27T23:58:37","guid":{"rendered":"https:\/\/roveyayinevi.com.tr\/index.php\/urun\/antik-yunan-felsefesi-tarihi\/"},"modified":"2026-04-16T02:59:45","modified_gmt":"2026-04-15T23:59:45","slug":"antik-yunan-felsefesi-tarihi","status":"publish","type":"product","link":"https:\/\/roveyayinevi.com.tr\/index.php\/urun\/antik-yunan-felsefesi-tarihi\/","title":{"rendered":"Antik Yunan Felsefesi Tarihi"},"content":{"rendered":"<p>Sadece ge\u00e7mi\u015fin entelekt\u00fcel d\u00fcnyas\u0131n\u0131 anlamak i\u00e7in de\u011fil, \u00e7a\u011f\u0131m\u0131z\u0131 me\u015fgul eden sorular\u0131 farkl\u0131 bir perspektiften ele alabilmek i\u00e7in de felsefe tarihleri her zaman k\u00fct\u00fcphanelerimizin en g\u00fczide konuklar\u0131 oldular. Windelband\u2019\u0131n bu eseri gibi, bir k\u0131sm\u0131 yaz\u0131ld\u0131klar\u0131 g\u00fcnden beri alan\u0131n vazge\u00e7ilmez ba\u015fvuru kaynaklar\u0131ndan oldular. Yeni Kant\u00e7\u0131 Baden Okulunun kurucusu kabul edilen Windelband, \u201cFelsefe Tarihi\u201dnin bu ilk kitab\u0131nda, tarih sahnesinde kendilerine sars\u0131lmaz bir yer edinen Yunan d\u00fc\u015f\u00fcn\u00fcrleri ve ortaya koyduklar\u0131 fikirleri kozmolojik, antropolojik ve sistematik d\u00f6nem ba\u015fl\u0131klar\u0131 alt\u0131nda inceliyor. Kozmolojik d\u00f6nemde, \u201cT\u00fcm de\u011fi\u015fimlerin de\u011fi\u015fmeden kalan kayna\u011f\u0131 nedir?\u201d sorusu Antik d\u00fcnyan\u0131n d\u00fc\u015f\u00fcn\u00fcrlerini uzunca bir s\u00fcre me\u015fgul etmi\u015f ve d\u0131\u015far\u0131daki d\u00fcnyay\u0131 anlama \u00e7abalar\u0131 bilimin i\u00e7eri\u011finde belirleyici olmu\u015ftur. Antropolojik d\u00f6nemde Sofistler ve Sokrates ile birlikte bilim, insan\u0131n i\u00e7sel etkinlikleriyle ilgilenmeye ba\u015flayarak pratik bir \u00f6nem kazanm\u0131\u015ft\u0131r. Demokritos, Platon ve Aristoteles ise bu iki d\u00f6neme ait d\u00fc\u015f\u00fcnceleri kendi felsefelerinde bir araya getirmi\u015f olduklar\u0131ndan, Windelband taraf\u0131ndan Antik felsefenin sistem filozoflar\u0131 olarak ele al\u0131nm\u0131\u015ft\u0131r. Milet Okulunun do\u011fa bilimcileri Thales, Anaksimenes, Anaksimandros\u2019un evrenin kuma\u015f\u0131n\u0131 aray\u0131\u015flar\u0131; Kynik ve Kyrene okullar\u0131n\u0131n haz anlay\u0131\u015f\u0131; \u2018karanl\u0131k\u2019 Herakleitos\u2019un de\u011fi\u015fim yasas\u0131; Parmenides\u2019in \u2018varl\u0131k\u2019 \u00f6\u011fretisi; Pythagoras\u00e7\u0131 say\u0131 teorisi; Leukippos\u2019un atomculu\u011fu; Zenon\u2019un paradokslar\u0131; Protagoras\u2019\u0131n bilgi kuram\u0131 bu kitab\u0131n sundu\u011fu ba\u015fl\u0131ca tart\u0131\u015fma konular\u0131d\u0131r.<\/p>\n","protected":false},"excerpt":{"rendered":"<p>Sadece ge\u00e7mi\u015fin entelekt\u00fcel d\u00fcnyas\u0131n\u0131 anlamak i\u00e7in de\u011fil, \u00e7a\u011f\u0131m\u0131z\u0131 me\u015fgul eden sorular\u0131 farkl\u0131 bir perspektiften ele alabilmek i\u00e7in de felsefe tarihleri her zaman k\u00fct\u00fcphanelerimizin en g\u00fczide konuklar\u0131<span class=\"excerpt-hellip\"> [\u2026]<\/span><\/p>\n","protected":false},"featured_media":0,"template":"","meta":{"_monsterinsights_skip_tracking":false,"_monsterinsights_sitenote_active":false,"_monsterinsights_sitenote_note":"","_monsterinsights_sitenote_category":0},"product_brand":[],"product_cat":[12388],"product_tag":[],"class_list":{"0":"post-747078","1":"product","2":"type-product","3":"status-publish","5":"product_cat-felsefe","6":"pa_cilt-ciltsiz","7":"pa_tur-kitap","8":"pa_yayinevi-fol-kitap","9":"pa_yazar-wilhelm-windelband","11":"first","12":"instock","13":"sale","14":"shipping-taxable","15":"purchasable","16":"product-type-simple"},"_links":{"self":[{"href":"https:\/\/roveyayinevi.com.tr\/index.php\/wp-json\/wp\/v2\/product\/747078","targetHints":{"allow":["GET"]}}],"collection":[{"href":"https:\/\/roveyayinevi.com.tr\/index.php\/wp-json\/wp\/v2\/product"}],"about":[{"href":"https:\/\/roveyayinevi.com.tr\/index.php\/wp-json\/wp\/v2\/types\/product"}],"wp:attachment":[{"href":"https:\/\/roveyayinevi.com.tr\/index.php\/wp-json\/wp\/v2\/media?parent=747078"}],"wp:term":[{"taxonomy":"product_brand","embeddable":true,"href":"https:\/\/roveyayinevi.com.tr\/index.php\/wp-json\/wp\/v2\/product_brand?post=747078"},{"taxonomy":"product_cat","embeddable":true,"href":"https:\/\/roveyayinevi.com.tr\/index.php\/wp-json\/wp\/v2\/product_cat?post=747078"},{"taxonomy":"product_tag","embeddable":true,"href":"https:\/\/roveyayinevi.com.tr\/index.php\/wp-json\/wp\/v2\/product_tag?post=747078"}],"curies":[{"name":"wp","href":"https:\/\/api.w.org\/{rel}","templated":true}]}}