{"id":747077,"date":"2025-08-28T02:58:36","date_gmt":"2025-08-27T23:58:36","guid":{"rendered":"https:\/\/roveyayinevi.com.tr\/index.php\/urun\/demokrasinin-krizleri\/"},"modified":"2026-04-16T02:59:45","modified_gmt":"2026-04-15T23:59:45","slug":"demokrasinin-krizleri","status":"publish","type":"product","link":"https:\/\/roveyayinevi.com.tr\/index.php\/urun\/demokrasinin-krizleri\/","title":{"rendered":"Demokrasinin Krizleri"},"content":{"rendered":"<p>Bir \u015feyler oluyor. Bat\u0131\u2019n\u0131n k\u00f6kl\u00fc demokrasilerinde \u2018kurulu d\u00fczene\u2019 kar\u015f\u0131, \u2018sisteme\u2019 kar\u015f\u0131, \u2018elitlere\u2019 kar\u015f\u0131, \u2018pop\u00fclist\u2019 hissiyat g\u00fcn ge\u00e7tik\u00e7e kabar\u0131yor. Ayn\u0131 partilerin istikrarl\u0131 bi\u00e7imde demokratik siyasete hakim olduklar\u0131 neredeyse bir y\u00fczy\u0131ll\u0131k s\u00fcreden sonra geleneksel partilere verilen destek gittik\u00e7e azal\u0131rken, sa\u011fda ve solda yeni partiler adeta mantar gibi bitiyor. Se\u00e7imlere kat\u0131l\u0131m bir\u00e7ok \u00fclkede tarihte daha \u00f6nce g\u00f6r\u00fclmemi\u015f d\u00fczeylere inerken siyaset\u00e7ilere, partilere, meclislere, h\u00fck\u00fcmetlere duyulan g\u00fcven azal\u0131yor. \u2018Tek adam\u2019lar sahneye yeniden \u00e7\u0131k\u0131yor. Farkl\u0131 siyasi g\u00f6r\u00fc\u015flere, de\u011ferlere ve k\u00fclt\u00fcrlere sahip insanlar giderek birbirini d\u00fc\u015fman olarak g\u00f6r\u00fcyorlar. Birbirine fena \u015feyler yapmaya haz\u0131rlar. Peki, demokrasi bir krizde mi? Bir \u00e7a\u011f\u0131n sonuna m\u0131 tan\u0131kl\u0131k ediyoruz? Adam Przeworski, bu kitapta k\u00f6kl\u00fc demokrasiler d\u00fcnyas\u0131ndaki g\u00fcncel siyasi ahvalin \u00e7arp\u0131c\u0131 bir panoramas\u0131n\u0131 sunuyor. Weimar Almanyas\u0131\u2019ndan \u015eili\u2019ye ve Fransa\u2019ya, 20. y\u00fczy\u0131lda edinilen \u00f6nemli deneyimlerin \u0131\u015f\u0131\u011f\u0131nda bug\u00fcn otoriter rejimlerin k\u0131y\u0131s\u0131nda bulunan Venezuela, Polonya, Macaristan ve T\u00fcrkiye gibi \u00fclkelerin \u00e7\u0131kmazlar\u0131na \u0131\u015f\u0131k tutuyor. Demokrasi fikrinin ve bu eski fikrin \u00e7a\u011fda\u015f g\u00f6r\u00fcn\u00fcmlerinin i\u00e7 \u00e7eli\u015fkilerini ve meziyetlerini g\u00f6zler \u00f6n\u00fcne sererek, bir \u00e7at\u0131\u015fmalar\u0131 y\u00f6netme bi\u00e7imi olarak demokrasinin i\u015fleyi\u015fini ve ak\u0131betini sorguluyor. Teknik ayr\u0131nt\u0131larda bo\u011fulmaktan ka\u00e7\u0131nan bu kitap, meslekten sosyal bilimcilerin yan\u0131 s\u0131ra \u015fu g\u00fcnlerde demokrasinin gelece\u011finden kayg\u0131 duyan herkese hitap ediyor. <\/p>\n","protected":false},"excerpt":{"rendered":"<p>Bir \u015feyler oluyor. Bat\u0131\u2019n\u0131n k\u00f6kl\u00fc demokrasilerinde \u2018kurulu d\u00fczene\u2019 kar\u015f\u0131, \u2018sisteme\u2019 kar\u015f\u0131, \u2018elitlere\u2019 kar\u015f\u0131, \u2018pop\u00fclist\u2019 hissiyat g\u00fcn ge\u00e7tik\u00e7e kabar\u0131yor. Ayn\u0131 partilerin istikrarl\u0131 bi\u00e7imde demokratik siyasete hakim olduklar\u0131<span class=\"excerpt-hellip\"> [\u2026]<\/span><\/p>\n","protected":false},"featured_media":0,"template":"","meta":{"_monsterinsights_skip_tracking":false,"_monsterinsights_sitenote_active":false,"_monsterinsights_sitenote_note":"","_monsterinsights_sitenote_category":0},"product_brand":[],"product_cat":[12337,14706],"product_tag":[],"class_list":{"0":"post-747077","1":"product","2":"type-product","3":"status-publish","5":"product_cat-politika-siyaset","6":"product_cat-siyaset-bilimi","7":"pa_cilt-ciltsiz","8":"pa_tur-kitap","9":"pa_yayinevi-fol-kitap","10":"pa_yazar-adam-przeworski","12":"first","13":"instock","14":"sale","15":"shipping-taxable","16":"purchasable","17":"product-type-simple"},"_links":{"self":[{"href":"https:\/\/roveyayinevi.com.tr\/index.php\/wp-json\/wp\/v2\/product\/747077","targetHints":{"allow":["GET"]}}],"collection":[{"href":"https:\/\/roveyayinevi.com.tr\/index.php\/wp-json\/wp\/v2\/product"}],"about":[{"href":"https:\/\/roveyayinevi.com.tr\/index.php\/wp-json\/wp\/v2\/types\/product"}],"wp:attachment":[{"href":"https:\/\/roveyayinevi.com.tr\/index.php\/wp-json\/wp\/v2\/media?parent=747077"}],"wp:term":[{"taxonomy":"product_brand","embeddable":true,"href":"https:\/\/roveyayinevi.com.tr\/index.php\/wp-json\/wp\/v2\/product_brand?post=747077"},{"taxonomy":"product_cat","embeddable":true,"href":"https:\/\/roveyayinevi.com.tr\/index.php\/wp-json\/wp\/v2\/product_cat?post=747077"},{"taxonomy":"product_tag","embeddable":true,"href":"https:\/\/roveyayinevi.com.tr\/index.php\/wp-json\/wp\/v2\/product_tag?post=747077"}],"curies":[{"name":"wp","href":"https:\/\/api.w.org\/{rel}","templated":true}]}}