{"id":747073,"date":"2025-08-28T02:58:32","date_gmt":"2025-08-27T23:58:32","guid":{"rendered":"https:\/\/roveyayinevi.com.tr\/index.php\/urun\/bakislar-mayalar-tarihoncesi\/"},"modified":"2026-04-16T02:59:45","modified_gmt":"2026-04-15T23:59:45","slug":"bakislar-mayalar-tarihoncesi","status":"publish","type":"product","link":"https:\/\/roveyayinevi.com.tr\/index.php\/urun\/bakislar-mayalar-tarihoncesi\/","title":{"rendered":"Bak\u0131\u015flar Mayalar Tarih\u00f6ncesi"},"content":{"rendered":"<p>Ya\u015fam \u00e7ilesinden de\u011fil de ya\u015fam korkusundan kurtulu\u015f yolu: Tek bir soluk al\u0131p verme d\u00f6ng\u00fcs\u00fcyle (tek bir nefesle) t\u00fcm zorluk ve ac\u0131lar\u0131 yenen bir fiziksel ya\u015fam doyuncu ald\u0131\u011f\u0131m\u0131z, sunuldu\u011fumuz veya kendimize sundu\u011fumuz: Do\u011frudur. Bu form\u00fcl benim i\u00e7imde, Nietzsche\u2019nin \u00f6nerdi\u011fi \u201cb\u00fcy\u00fck ya\u015fam evet\u201dinin kendime uyarlanm\u0131\u015f hali. Kuru bir teslimiyet\u00e7ilik de\u011fil, b\u00fct\u00fcn i\u00e7erimleriyle birlikte mutlak teslimiyet\u00e7ilik.   *** \u00d6zg\u00fcr de\u011filiz, evetiz! Hay\u0131r demek \u00f6zg\u00fcrl\u00fckse- \u0130\u00e7 karars\u0131zl\u0131\u011fa hay\u0131r! \u0130\u00e7 sava\u015fs\u0131zl\u0131\u011fa evet! \u0130\u00e7 bar\u0131\u015fs\u0131zl\u0131\u011fa hay\u0131r!   Sevginin, evet, insan\u0131n\u0131 k\u00fc\u00e7\u00fcltmesi, al\u00e7akg\u00f6n\u00fcllendirmesi gerekiyor. Belki bu evrensel i\u015flevi veya i\u015flev \u00e7\u0131kt\u0131lar\u0131ndan fark edilir biridir. Hay\u0131r (giri\u015fkenlik ve kimlik i\u00e7in) gereklidir; evet kutsald\u0131r. Evet b\u00fcy\u00fcl\u00fcd\u00fcr. B\u00fcy\u00fcl\u00fc c\u00fcmle \u201cA\u00e7\u0131l susam a\u00e7\u0131l!\u201d ise, b\u00fcy\u00fcl\u00fc s\u00f6zc\u00fck Evet\u2019tir.   <\/p>\n","protected":false},"excerpt":{"rendered":"<p>Ya\u015fam \u00e7ilesinden de\u011fil de ya\u015fam korkusundan kurtulu\u015f yolu: Tek bir soluk al\u0131p verme d\u00f6ng\u00fcs\u00fcyle (tek bir nefesle) t\u00fcm zorluk ve ac\u0131lar\u0131 yenen bir fiziksel ya\u015fam doyuncu<span class=\"excerpt-hellip\"> [\u2026]<\/span><\/p>\n","protected":false},"featured_media":0,"template":"","meta":{"_monsterinsights_skip_tracking":false,"_monsterinsights_sitenote_active":false,"_monsterinsights_sitenote_note":"","_monsterinsights_sitenote_category":0},"product_brand":[],"product_cat":[18545,12291],"product_tag":[],"class_list":{"0":"post-747073","1":"product","2":"type-product","3":"status-publish","5":"product_cat-anlati","6":"product_cat-edebiyat","7":"pa_cilt-ciltsiz","8":"pa_tur-kitap","9":"pa_yayinevi-kirmizi-ada-yayinlari","10":"pa_yazar-mehmet-ibis","12":"first","13":"instock","14":"sale","15":"shipping-taxable","16":"purchasable","17":"product-type-simple"},"_links":{"self":[{"href":"https:\/\/roveyayinevi.com.tr\/index.php\/wp-json\/wp\/v2\/product\/747073","targetHints":{"allow":["GET"]}}],"collection":[{"href":"https:\/\/roveyayinevi.com.tr\/index.php\/wp-json\/wp\/v2\/product"}],"about":[{"href":"https:\/\/roveyayinevi.com.tr\/index.php\/wp-json\/wp\/v2\/types\/product"}],"wp:attachment":[{"href":"https:\/\/roveyayinevi.com.tr\/index.php\/wp-json\/wp\/v2\/media?parent=747073"}],"wp:term":[{"taxonomy":"product_brand","embeddable":true,"href":"https:\/\/roveyayinevi.com.tr\/index.php\/wp-json\/wp\/v2\/product_brand?post=747073"},{"taxonomy":"product_cat","embeddable":true,"href":"https:\/\/roveyayinevi.com.tr\/index.php\/wp-json\/wp\/v2\/product_cat?post=747073"},{"taxonomy":"product_tag","embeddable":true,"href":"https:\/\/roveyayinevi.com.tr\/index.php\/wp-json\/wp\/v2\/product_tag?post=747073"}],"curies":[{"name":"wp","href":"https:\/\/api.w.org\/{rel}","templated":true}]}}