{"id":747071,"date":"2025-08-28T02:58:29","date_gmt":"2025-08-27T23:58:29","guid":{"rendered":"https:\/\/roveyayinevi.com.tr\/index.php\/urun\/aklimda-tuhaf-sorular\/"},"modified":"2026-04-16T02:59:44","modified_gmt":"2026-04-15T23:59:44","slug":"aklimda-tuhaf-sorular","status":"publish","type":"product","link":"https:\/\/roveyayinevi.com.tr\/index.php\/urun\/aklimda-tuhaf-sorular\/","title":{"rendered":"Akl\u0131mda Tuhaf Sorular"},"content":{"rendered":"<p>Akl\u0131nda tuhaf sorular\u0131 bulunan \u00e7ocuklar i\u00e7in delidolu ciddilik vakti!Mavisel Yener&#8217;in, s\u00f6zc\u00fckleri uykudan uyand\u0131r\u0131p onlar\u0131 keyifli bir d\u00fc\u015f\u00fcnme oyununda bulu\u015fturdu\u011fu Akl\u0131mda Tuhaf Sorular; hayata dair merak uyand\u0131r\u0131c\u0131, sorgulatan, felsefi y\u00f6n\u00fc a\u011f\u0131r basan konular\u0131 oda\u011f\u0131na alan bir denemeler toplam\u0131.Denemenin \u00f6zg\u00fcr bir yaz\u0131 t\u00fcr\u00fc oldu\u011funu g\u00f6stermek amac\u0131yla haz\u0131rlanan kitap, \u00e7ocuklar\u0131 t\u00fcr\u00fcn incelikleriyle tan\u0131\u015ft\u0131rmakla kalm\u0131yor ayn\u0131 zamanda deneme yazmak ve ba\u015fka denemeler okumak i\u00e7in de heveslendiriyor.Yazar\u0131n denemelerinde g\u00fcndeme getirdi\u011fi sorular gen\u00e7 zihinleri \u00f6nyarg\u0131lardan uzakla\u015ft\u0131r\u0131p, \u201cAcaba\u201d, \u201cBelki\u201d, \u201c\u015e\u00f6yle de olabilir\u201d gibi de\u011fi\u015fik d\u00fc\u015f\u00fcncelere y\u00f6nlendirirken; i\u00e7lerindeki ara\u015ft\u0131rmac\u0131 ruhu da a\u00e7\u0131\u011fa \u00e7\u0131kar\u0131yor. \u0130nsanlarla s\u00fcm\u00fckl\u00fc b\u00f6ceklerin ortak yan\u0131 nedir?Sanal d\u00fcnyan\u0131n bize sundu\u011fu bilgiler ne kadar g\u00fcvenli?\u0130\u00e7inde ya\u015fad\u0131\u011f\u0131m\u0131z y\u00fczy\u0131l\u0131n bask\u0131n bir kokusu var m\u0131?Kalemlerle insanlar\u0131 birbirinden ay\u0131ran en \u00f6nemli \u00f6zellik ne?\u0130simlerimiz midir bizi biz yapan?Sahi, ne zaman ger\u00e7ek ihtiya\u00e7 ile sahte ihtiyac\u0131 ay\u0131rt edemeyecek kadar d\u00fc\u015f\u00fcnce yoksunu olduk biz?Eyvah, yoksa son y\u0131llardaki espriler \u00e7abuk mu bayatl\u0131yor?Akl\u0131m\u0131zdaki ve akl\u0131n\u0131zdaki nice \u201ctuhaf\u201d soruya a\u00e7\u0131kl\u0131k getiren bu delidolu kitap; ya\u015fama sanat\u0131ndan bilim ve teknolojiye, dil bilincinden hayvanlar \u00e2lemine uzanarak i\u00e7inde ya\u015fad\u0131\u011f\u0131m\u0131z d\u00fcnyaya dair g\u00fcndemin ve g\u00fcncelin nabz\u0131n\u0131 tutan payla\u015f\u0131mlarda bulunuyor. Deneme t\u00fcr\u00fcn\u00fcn kendilerine \u00e7ok benzedi\u011fini fark eden \u00e7ocuklar, Mavisel Yener&#8217;in incelikli g\u00fclmece \u00fcslubundan ald\u0131klar\u0131 cesaretle, \u00f6zg\u00fcrce \u201cdeneyebilmenin\u201d tad\u0131na var\u0131yor; duygu ve d\u00fc\u015f\u00fcncelerini s\u00f6zc\u00fcklerle ifade edebilmenin getirdi\u011fi rahatlama hissiyle soru sorman\u0131n s\u0131n\u0131rs\u0131zl\u0131\u011f\u0131n\u0131 ke\u015ffediyor. Kim demi\u015f deneme ciddi bir yaz\u0131 t\u00fcr\u00fcd\u00fcr diye? Yaz\u0131n\u0131n efendilerinden Nermi Uygur&#8217;a g\u00f6re deneme \u201cDelidolu ciddilik,\u201d demek. Eh, zaten kim sevmez ki delidolu ciddilikleri?..<\/p>\n","protected":false},"excerpt":{"rendered":"<p>Akl\u0131nda tuhaf sorular\u0131 bulunan \u00e7ocuklar i\u00e7in delidolu ciddilik vakti!Mavisel Yener&#8217;in, s\u00f6zc\u00fckleri uykudan uyand\u0131r\u0131p onlar\u0131 keyifli bir d\u00fc\u015f\u00fcnme oyununda bulu\u015fturdu\u011fu Akl\u0131mda Tuhaf Sorular; hayata dair merak uyand\u0131r\u0131c\u0131,<span class=\"excerpt-hellip\"> [\u2026]<\/span><\/p>\n","protected":false},"featured_media":0,"template":"","meta":{"_monsterinsights_skip_tracking":false,"_monsterinsights_sitenote_active":false,"_monsterinsights_sitenote_note":"","_monsterinsights_sitenote_category":0},"product_brand":[],"product_cat":[12274,12284],"product_tag":[],"class_list":{"0":"post-747071","1":"product","2":"type-product","3":"status-publish","5":"product_cat-cocuk-ve-genclik-kitaplari","6":"product_cat-hikayeler","7":"pa_cilt-ciltsiz","8":"pa_tur-kitap","9":"pa_yayinevi-tudem-yayinlari","10":"pa_yazar-mavisel-yener","12":"first","13":"instock","14":"sale","15":"shipping-taxable","16":"purchasable","17":"product-type-simple"},"_links":{"self":[{"href":"https:\/\/roveyayinevi.com.tr\/index.php\/wp-json\/wp\/v2\/product\/747071","targetHints":{"allow":["GET"]}}],"collection":[{"href":"https:\/\/roveyayinevi.com.tr\/index.php\/wp-json\/wp\/v2\/product"}],"about":[{"href":"https:\/\/roveyayinevi.com.tr\/index.php\/wp-json\/wp\/v2\/types\/product"}],"wp:attachment":[{"href":"https:\/\/roveyayinevi.com.tr\/index.php\/wp-json\/wp\/v2\/media?parent=747071"}],"wp:term":[{"taxonomy":"product_brand","embeddable":true,"href":"https:\/\/roveyayinevi.com.tr\/index.php\/wp-json\/wp\/v2\/product_brand?post=747071"},{"taxonomy":"product_cat","embeddable":true,"href":"https:\/\/roveyayinevi.com.tr\/index.php\/wp-json\/wp\/v2\/product_cat?post=747071"},{"taxonomy":"product_tag","embeddable":true,"href":"https:\/\/roveyayinevi.com.tr\/index.php\/wp-json\/wp\/v2\/product_tag?post=747071"}],"curies":[{"name":"wp","href":"https:\/\/api.w.org\/{rel}","templated":true}]}}