{"id":747069,"date":"2025-08-28T02:58:26","date_gmt":"2025-08-27T23:58:26","guid":{"rendered":"https:\/\/roveyayinevi.com.tr\/index.php\/urun\/hint-gece-muzigi\/"},"modified":"2026-04-16T02:59:44","modified_gmt":"2026-04-15T23:59:44","slug":"hint-gece-muzigi","status":"publish","type":"product","link":"https:\/\/roveyayinevi.com.tr\/index.php\/urun\/hint-gece-muzigi\/","title":{"rendered":"Hint Gece M\u00fczi\u011fi"},"content":{"rendered":"<p>20 y\u00fczy\u0131l \u0130talyan edebiyat\u0131n\u0131n en \u00f6nde gelen isimlerinden Antonio Tabucchi\u2019nin 1984 y\u0131l\u0131nda yay\u0131mlanan k\u0131sa roman\u0131 Hint Gece M\u00fczi\u011fi, okurunu Hindistan\u2019\u0131n dolamba\u00e7l\u0131 co\u011frafyas\u0131nda bir aray\u0131\u015f\u0131n \u00f6yk\u00fcs\u00fcne ortak ediyor. Mumbai\u2019nin l\u00fcks otellerinde ba\u015flayan macera, do\u011fu k\u0131y\u0131lar\u0131ndaki sefil pansiyonlarda, tren kompart\u0131manlar\u0131nda, sars\u0131c\u0131 taksi yolculuklar\u0131nda, kiliselerde, hastane ko\u011fu\u015flar\u0131nda ve dalgal\u0131 sahillerde devam ediyor. Ger\u00e7ekle sanr\u0131n\u0131n birbirine kar\u0131\u015f\u0131p bulan\u0131kla\u015ft\u0131\u011f\u0131 s\u0131n\u0131rlarda, g\u00f6lgelerin aras\u0131nda \u201ckendisine \u00e7ok benzeyen\u201d sevgili arkada\u015f\u0131n\u0131 arayan kahraman\u0131m\u0131z, Hindistan\u2019\u0131n zamans\u0131z labirentlerinde asl\u0131nda kimi ve neyi aramaktad\u0131r? Var\u0131\u015f noktas\u0131ndan ba\u011f\u0131ms\u0131z olarak yoldaki kar\u015f\u0131la\u015fmalarla zenginle\u015fen, aranan\u0131n her k\u00f6\u015fe ba\u015f\u0131nda daha da uzakla\u015ft\u0131\u011f\u0131, yolculuk i\u00e7inde bir yolculuk ve yol \u00fczerine bir tefekk\u00fcr. <\/p>\n","protected":false},"excerpt":{"rendered":"<p>20 y\u00fczy\u0131l \u0130talyan edebiyat\u0131n\u0131n en \u00f6nde gelen isimlerinden Antonio Tabucchi\u2019nin 1984 y\u0131l\u0131nda yay\u0131mlanan k\u0131sa roman\u0131 Hint Gece M\u00fczi\u011fi, okurunu Hindistan\u2019\u0131n dolamba\u00e7l\u0131 co\u011frafyas\u0131nda bir aray\u0131\u015f\u0131n \u00f6yk\u00fcs\u00fcne ortak<span class=\"excerpt-hellip\"> [\u2026]<\/span><\/p>\n","protected":false},"featured_media":0,"template":"","meta":{"_monsterinsights_skip_tracking":false,"_monsterinsights_sitenote_active":false,"_monsterinsights_sitenote_note":"","_monsterinsights_sitenote_category":0},"product_brand":[],"product_cat":[12291,12711],"product_tag":[],"class_list":{"0":"post-747069","1":"product","2":"type-product","3":"status-publish","5":"product_cat-edebiyat","6":"product_cat-roman-oyku","7":"pa_cilt-ciltsiz","8":"pa_tur-kitap","9":"pa_yayinevi-everest-yayinlari","10":"pa_yazar-antonio-tabucchi","12":"first","13":"instock","14":"sale","15":"shipping-taxable","16":"purchasable","17":"product-type-simple"},"_links":{"self":[{"href":"https:\/\/roveyayinevi.com.tr\/index.php\/wp-json\/wp\/v2\/product\/747069","targetHints":{"allow":["GET"]}}],"collection":[{"href":"https:\/\/roveyayinevi.com.tr\/index.php\/wp-json\/wp\/v2\/product"}],"about":[{"href":"https:\/\/roveyayinevi.com.tr\/index.php\/wp-json\/wp\/v2\/types\/product"}],"wp:attachment":[{"href":"https:\/\/roveyayinevi.com.tr\/index.php\/wp-json\/wp\/v2\/media?parent=747069"}],"wp:term":[{"taxonomy":"product_brand","embeddable":true,"href":"https:\/\/roveyayinevi.com.tr\/index.php\/wp-json\/wp\/v2\/product_brand?post=747069"},{"taxonomy":"product_cat","embeddable":true,"href":"https:\/\/roveyayinevi.com.tr\/index.php\/wp-json\/wp\/v2\/product_cat?post=747069"},{"taxonomy":"product_tag","embeddable":true,"href":"https:\/\/roveyayinevi.com.tr\/index.php\/wp-json\/wp\/v2\/product_tag?post=747069"}],"curies":[{"name":"wp","href":"https:\/\/api.w.org\/{rel}","templated":true}]}}