{"id":747068,"date":"2025-08-28T02:58:25","date_gmt":"2025-08-27T23:58:25","guid":{"rendered":"https:\/\/roveyayinevi.com.tr\/index.php\/urun\/peygamberim-bugun-yasasaydi\/"},"modified":"2026-04-16T02:59:44","modified_gmt":"2026-04-15T23:59:44","slug":"peygamberim-bugun-yasasaydi","status":"publish","type":"product","link":"https:\/\/roveyayinevi.com.tr\/index.php\/urun\/peygamberim-bugun-yasasaydi\/","title":{"rendered":"Peygamber\u2019im Bug\u00fcn Ya\u015fasayd\u0131"},"content":{"rendered":"<p>Peygamber\u2019imizi kendimize model alabilmemiz i\u00e7in \u00d6nce O\u2019nu tan\u0131mam\u0131z gerekir. Sahi, sormay\u0131 unuttum\u2026 Sen Peygamber\u2019imizi tan\u0131yor musun?   Peygamber\u2019im Bug\u00fcn Ya\u015fasayd\u0131 bir g\u00fcn\u00fcn\u00fc nas\u0131l ge\u00e7irirdi? Mesela playstation oynar m\u0131yd\u0131? \u00c7ocuklarla nas\u0131l ileti\u015fim kurard\u0131? Hayvanlara olan sevgisini nas\u0131l g\u00f6sterirdi? Bug\u00fcn okula giden bir \u00f6\u011frenci olsa s\u0131navda kopya \u00e7eker miydi? Televizyon izler miydi ya da her \u015feyi mi izlerdi? Bir marketi olsa nas\u0131l bir i\u015f adam\u0131 olurdu? Zararl\u0131 \u015feyleri satar m\u0131yd\u0131? \u0130nsanlarla sohbet ederken elindeki telefona m\u0131 bakard\u0131 yoksa insanlar\u0131n g\u00f6z\u00fcn\u00fcn i\u00e7ine mi?   T\u00fcm bu sorular\u0131n cevaplar\u0131, beni bin d\u00f6rt y\u00fcz y\u0131l \u00f6nce ya\u015fayan ama \u00f6\u011fretileriyle bug\u00fcn h\u00e2l\u00e2 ya\u015famaya devam eden G\u00fczel Peygamber\u2019imle tan\u0131\u015ft\u0131rd\u0131. Sonra ald\u0131m kalemi k\u00e2\u011f\u0131d\u0131 elime, \u00f6\u011frendiklerimi yazmaya ba\u015flad\u0131m. Sen de oku&#8230; Sen de Peygamber\u2019imizi bug\u00fcn\u00fcne ta\u015f\u0131&#8230; Peygamber\u2019im bug\u00fcn ya\u015fasayd\u0131 nas\u0131l bir hayat\u0131 olurdu, sen de \u00f6\u011fren diye&#8230; <\/p>\n","protected":false},"excerpt":{"rendered":"<p>Peygamber\u2019imizi kendimize model alabilmemiz i\u00e7in \u00d6nce O\u2019nu tan\u0131mam\u0131z gerekir. Sahi, sormay\u0131 unuttum\u2026 Sen Peygamber\u2019imizi tan\u0131yor musun? Peygamber\u2019im Bug\u00fcn Ya\u015fasayd\u0131 bir g\u00fcn\u00fcn\u00fc nas\u0131l ge\u00e7irirdi? Mesela playstation oynar<span class=\"excerpt-hellip\"> [\u2026]<\/span><\/p>\n","protected":false},"featured_media":0,"template":"","meta":{"_monsterinsights_skip_tracking":false,"_monsterinsights_sitenote_active":false,"_monsterinsights_sitenote_note":"","_monsterinsights_sitenote_category":0},"product_brand":[],"product_cat":[12274,15842],"product_tag":[],"class_list":{"0":"post-747068","1":"product","2":"type-product","3":"status-publish","5":"product_cat-cocuk-ve-genclik-kitaplari","6":"product_cat-egitici-kitaplar","7":"pa_cilt-ciltsiz","8":"pa_tur-kitap","9":"pa_yayinevi-hayykitap","10":"pa_yazar-hatice-kubra-tongar","12":"first","13":"instock","14":"sale","15":"shipping-taxable","16":"purchasable","17":"product-type-simple"},"_links":{"self":[{"href":"https:\/\/roveyayinevi.com.tr\/index.php\/wp-json\/wp\/v2\/product\/747068","targetHints":{"allow":["GET"]}}],"collection":[{"href":"https:\/\/roveyayinevi.com.tr\/index.php\/wp-json\/wp\/v2\/product"}],"about":[{"href":"https:\/\/roveyayinevi.com.tr\/index.php\/wp-json\/wp\/v2\/types\/product"}],"wp:attachment":[{"href":"https:\/\/roveyayinevi.com.tr\/index.php\/wp-json\/wp\/v2\/media?parent=747068"}],"wp:term":[{"taxonomy":"product_brand","embeddable":true,"href":"https:\/\/roveyayinevi.com.tr\/index.php\/wp-json\/wp\/v2\/product_brand?post=747068"},{"taxonomy":"product_cat","embeddable":true,"href":"https:\/\/roveyayinevi.com.tr\/index.php\/wp-json\/wp\/v2\/product_cat?post=747068"},{"taxonomy":"product_tag","embeddable":true,"href":"https:\/\/roveyayinevi.com.tr\/index.php\/wp-json\/wp\/v2\/product_tag?post=747068"}],"curies":[{"name":"wp","href":"https:\/\/api.w.org\/{rel}","templated":true}]}}