{"id":747067,"date":"2025-08-28T02:58:23","date_gmt":"2025-08-27T23:58:23","guid":{"rendered":"https:\/\/roveyayinevi.com.tr\/index.php\/urun\/yeniden-biz-olmak\/"},"modified":"2026-04-16T02:59:44","modified_gmt":"2026-04-15T23:59:44","slug":"yeniden-biz-olmak","status":"publish","type":"product","link":"https:\/\/roveyayinevi.com.tr\/index.php\/urun\/yeniden-biz-olmak\/","title":{"rendered":"Yeniden Biz Olmak"},"content":{"rendered":"<p>\u201cKim mutlu bir hayat istemez ki? Ama hayatta neyin mutlu olmam\u0131za yard\u0131mc\u0131 olabilece\u011finianlamak i\u00e7in do\u011fru bak\u0131\u015f a\u00e7\u0131s\u0131na sahip de\u011filiz. Allah bizi bu sebeplerle imtihana sokar, bazenkolay bazen zor. \u00c7\u00fcnk\u00fc bizler e\u015fsiz ve de\u011ferli oldu\u011fumuzun fark\u0131nda de\u011filiz.Fark\u0131na varman\u0131z ve ya\u015fama sevincinizi yeniden ke\u015ffetmeniz i\u00e7in i\u015fte size sevgi dolu, pozitifbir kitap\u2026\u201dElinizdeki bu kitapta Hakan \u00d6zkan\u2019\u0131n; yaln\u0131zl\u0131k, aldat\u0131lma, kaybetme korkusu, terk edilme,a\u015fa\u011f\u0131lanma, de\u011fersizlik, mutsuzluk gibi insan\u0131n hi\u00e7bir zaman ka\u00e7amad\u0131\u011f\u0131 durumlara dairdan\u0131\u015fanlar\u0131yla yapt\u0131\u011f\u0131 g\u00f6r\u00fc\u015fmelerden ilgin\u00e7 hik\u00e2yeler bulacaks\u0131n\u0131z.Hakan \u00d6zkan bu hik\u00e2yeleri aktar\u0131rken insan\u0131n, ya\u015fad\u0131\u011f\u0131 ac\u0131 verici olaylardan ve ili\u015fkilerdenkurtulmas\u0131 i\u00e7in gereken yollar\u0131 duygusal ve \u00e7\u00f6z\u00fcm odakl\u0131 basit bir dille anlat\u0131yor.<\/p>\n","protected":false},"excerpt":{"rendered":"<p>\u201cKim mutlu bir hayat istemez ki? Ama hayatta neyin mutlu olmam\u0131za yard\u0131mc\u0131 olabilece\u011finianlamak i\u00e7in do\u011fru bak\u0131\u015f a\u00e7\u0131s\u0131na sahip de\u011filiz. Allah bizi bu sebeplerle imtihana sokar, bazenkolay<span class=\"excerpt-hellip\"> [\u2026]<\/span><\/p>\n","protected":false},"featured_media":0,"template":"","meta":{"_monsterinsights_skip_tracking":false,"_monsterinsights_sitenote_active":false,"_monsterinsights_sitenote_note":"","_monsterinsights_sitenote_category":0},"product_brand":[],"product_cat":[12777,12291],"product_tag":[],"class_list":{"0":"post-747067","1":"product","2":"type-product","3":"status-publish","5":"product_cat-deneme","6":"product_cat-edebiyat","7":"pa_cilt-ciltsiz","8":"pa_tur-kitap","9":"pa_yayinevi-olimpos-yayinlari","10":"pa_yazar-hakan-ozkan","12":"first","13":"instock","14":"sale","15":"shipping-taxable","16":"purchasable","17":"product-type-simple"},"_links":{"self":[{"href":"https:\/\/roveyayinevi.com.tr\/index.php\/wp-json\/wp\/v2\/product\/747067","targetHints":{"allow":["GET"]}}],"collection":[{"href":"https:\/\/roveyayinevi.com.tr\/index.php\/wp-json\/wp\/v2\/product"}],"about":[{"href":"https:\/\/roveyayinevi.com.tr\/index.php\/wp-json\/wp\/v2\/types\/product"}],"wp:attachment":[{"href":"https:\/\/roveyayinevi.com.tr\/index.php\/wp-json\/wp\/v2\/media?parent=747067"}],"wp:term":[{"taxonomy":"product_brand","embeddable":true,"href":"https:\/\/roveyayinevi.com.tr\/index.php\/wp-json\/wp\/v2\/product_brand?post=747067"},{"taxonomy":"product_cat","embeddable":true,"href":"https:\/\/roveyayinevi.com.tr\/index.php\/wp-json\/wp\/v2\/product_cat?post=747067"},{"taxonomy":"product_tag","embeddable":true,"href":"https:\/\/roveyayinevi.com.tr\/index.php\/wp-json\/wp\/v2\/product_tag?post=747067"}],"curies":[{"name":"wp","href":"https:\/\/api.w.org\/{rel}","templated":true}]}}