{"id":747065,"date":"2025-08-28T02:58:20","date_gmt":"2025-08-27T23:58:20","guid":{"rendered":"https:\/\/roveyayinevi.com.tr\/index.php\/urun\/dunyaya-benimle-bak\/"},"modified":"2026-04-16T02:59:44","modified_gmt":"2026-04-15T23:59:44","slug":"dunyaya-benimle-bak","status":"publish","type":"product","link":"https:\/\/roveyayinevi.com.tr\/index.php\/urun\/dunyaya-benimle-bak\/","title":{"rendered":"D\u00fcnyaya Benimle Bak"},"content":{"rendered":"<p>Yirmi yedi y\u0131ll\u0131k cenazemin bir mezar ta\u015f\u0131n\u0131 tutuyorsun. Zira bu kitap, yirmi yedi y\u0131ll\u0131k \u00f6mr\u00fcm\u00fcn nihayete ermesiyle hayat buldu. Sat\u0131rlar aras\u0131nda dola\u015f\u0131p akl\u0131m\u0131n ve kalbimin yirmi yedi y\u0131ll\u0131k odalar\u0131ndan d\u00fcnyay\u0131 seyredince g\u00f6receksin ki ben a\u011flad\u0131\u011f\u0131mda kelimelerim de a\u011flayabilir, g\u00fcl\u00fcmsedi\u011fimde ise sat\u0131r aralar\u0131nda mutlulu\u011fu hissedebilirsin, korkuya kap\u0131lm\u0131\u015fken y\u00fcre\u011fim, kelimelerin tela\u015fla art arda y\u0131\u011f\u0131ld\u0131\u011f\u0131n\u0131 izleyebilirsin, \u00fcmitlendi\u011fimdeki co\u015fkuyu noktalar\u0131n ard\u0131ndan al\u0131p hayat\u0131na aktarabilirsin. Merakla, heyecanla ve bazen de t\u00fckenmi\u015flikle burada nefes ald\u0131\u011f\u0131m\u0131 hissedebilirsin. K\u0131sacas\u0131 bu kitap, d\u00fcnyaya kalbimi a\u00e7t\u0131\u011f\u0131m bir pencere. D\u00fcnyaya benimle bakmak ister misin? <\/p>\n","protected":false},"excerpt":{"rendered":"<p>Yirmi yedi y\u0131ll\u0131k cenazemin bir mezar ta\u015f\u0131n\u0131 tutuyorsun. Zira bu kitap, yirmi yedi y\u0131ll\u0131k \u00f6mr\u00fcm\u00fcn nihayete ermesiyle hayat buldu. Sat\u0131rlar aras\u0131nda dola\u015f\u0131p akl\u0131m\u0131n ve kalbimin yirmi<span class=\"excerpt-hellip\"> [\u2026]<\/span><\/p>\n","protected":false},"featured_media":0,"template":"","meta":{"_monsterinsights_skip_tracking":false,"_monsterinsights_sitenote_active":false,"_monsterinsights_sitenote_note":"","_monsterinsights_sitenote_category":0},"product_brand":[],"product_cat":[12777,12291],"product_tag":[],"class_list":{"0":"post-747065","1":"product","2":"type-product","3":"status-publish","5":"product_cat-deneme","6":"product_cat-edebiyat","7":"pa_cilt-ciltsiz","8":"pa_tur-kitap","9":"pa_yayinevi-elpis-yayinlari","10":"pa_yazar-yahya-harun-toprak","12":"first","13":"instock","14":"sale","15":"shipping-taxable","16":"purchasable","17":"product-type-simple"},"_links":{"self":[{"href":"https:\/\/roveyayinevi.com.tr\/index.php\/wp-json\/wp\/v2\/product\/747065","targetHints":{"allow":["GET"]}}],"collection":[{"href":"https:\/\/roveyayinevi.com.tr\/index.php\/wp-json\/wp\/v2\/product"}],"about":[{"href":"https:\/\/roveyayinevi.com.tr\/index.php\/wp-json\/wp\/v2\/types\/product"}],"wp:attachment":[{"href":"https:\/\/roveyayinevi.com.tr\/index.php\/wp-json\/wp\/v2\/media?parent=747065"}],"wp:term":[{"taxonomy":"product_brand","embeddable":true,"href":"https:\/\/roveyayinevi.com.tr\/index.php\/wp-json\/wp\/v2\/product_brand?post=747065"},{"taxonomy":"product_cat","embeddable":true,"href":"https:\/\/roveyayinevi.com.tr\/index.php\/wp-json\/wp\/v2\/product_cat?post=747065"},{"taxonomy":"product_tag","embeddable":true,"href":"https:\/\/roveyayinevi.com.tr\/index.php\/wp-json\/wp\/v2\/product_tag?post=747065"}],"curies":[{"name":"wp","href":"https:\/\/api.w.org\/{rel}","templated":true}]}}