{"id":747062,"date":"2025-08-28T02:58:15","date_gmt":"2025-08-27T23:58:15","guid":{"rendered":"https:\/\/roveyayinevi.com.tr\/index.php\/urun\/zihin-kutuphanesi\/"},"modified":"2026-04-16T02:59:44","modified_gmt":"2026-04-15T23:59:44","slug":"zihin-kutuphanesi","status":"publish","type":"product","link":"https:\/\/roveyayinevi.com.tr\/index.php\/urun\/zihin-kutuphanesi\/","title":{"rendered":"Zihin K\u00fct\u00fcphanesi"},"content":{"rendered":"<p>\u201cY\u00fcr\u00fcmeye devam ettim. Bana hi\u00e7 tan\u0131d\u0131k gelmeyen bir yerde, \u00fczerimde daha \u00f6nce hi\u00e7 g\u00f6rmedi\u011fim bir k\u0131yafetle uyanm\u0131\u015f oldu\u011fum, lo\u015f ve sessiz, metalden yap\u0131lma bir koridorda nereye gitti\u011fimi bilmeden y\u00fcr\u00fcd\u00fc\u011f\u00fcm i\u00e7in korkuyordum. Buraya nas\u0131l gelmi\u015ftim? K\u0131yafetimi kendim mi giymi\u015ftim, yoksa ben uyurken biri mi beni giydirmi\u015fti? Neden hat\u0131rlayam\u0131yordum?\u201d   Post apokaliptik bir d\u00fcnyada yeni bir d\u00fczen in\u015fa edilmi\u015ftir. Fakat bu yeni d\u00fczende, insanlar\u0131n d\u0131\u015f\u0131nda ba\u015fka yarat\u0131klar da var.   \u0130lk sayfadan itibaren kendinizi kurgusuna kapt\u0131raca\u011f\u0131n\u0131z Zihin K\u00fct\u00fcphanesi, yazar\u0131n kendine has \u00fcslubuyla sizi karanl\u0131k bir d\u00fcnyaya davet ediyor. <\/p>\n","protected":false},"excerpt":{"rendered":"<p>\u201cY\u00fcr\u00fcmeye devam ettim. Bana hi\u00e7 tan\u0131d\u0131k gelmeyen bir yerde, \u00fczerimde daha \u00f6nce hi\u00e7 g\u00f6rmedi\u011fim bir k\u0131yafetle uyanm\u0131\u015f oldu\u011fum, lo\u015f ve sessiz, metalden yap\u0131lma bir koridorda nereye<span class=\"excerpt-hellip\"> [\u2026]<\/span><\/p>\n","protected":false},"featured_media":0,"template":"","meta":{"_monsterinsights_skip_tracking":false,"_monsterinsights_sitenote_active":false,"_monsterinsights_sitenote_note":"","_monsterinsights_sitenote_category":0},"product_brand":[],"product_cat":[12540,12291],"product_tag":[],"class_list":{"0":"post-747062","1":"product","2":"type-product","3":"status-publish","5":"product_cat-bilim-kurgu","6":"product_cat-edebiyat","7":"pa_cilt-ciltsiz","8":"pa_tur-kitap","9":"pa_yayinevi-elpis-yayinlari","10":"pa_yazar-anil-sahal","12":"first","13":"instock","14":"sale","15":"shipping-taxable","16":"purchasable","17":"product-type-simple"},"_links":{"self":[{"href":"https:\/\/roveyayinevi.com.tr\/index.php\/wp-json\/wp\/v2\/product\/747062","targetHints":{"allow":["GET"]}}],"collection":[{"href":"https:\/\/roveyayinevi.com.tr\/index.php\/wp-json\/wp\/v2\/product"}],"about":[{"href":"https:\/\/roveyayinevi.com.tr\/index.php\/wp-json\/wp\/v2\/types\/product"}],"wp:attachment":[{"href":"https:\/\/roveyayinevi.com.tr\/index.php\/wp-json\/wp\/v2\/media?parent=747062"}],"wp:term":[{"taxonomy":"product_brand","embeddable":true,"href":"https:\/\/roveyayinevi.com.tr\/index.php\/wp-json\/wp\/v2\/product_brand?post=747062"},{"taxonomy":"product_cat","embeddable":true,"href":"https:\/\/roveyayinevi.com.tr\/index.php\/wp-json\/wp\/v2\/product_cat?post=747062"},{"taxonomy":"product_tag","embeddable":true,"href":"https:\/\/roveyayinevi.com.tr\/index.php\/wp-json\/wp\/v2\/product_tag?post=747062"}],"curies":[{"name":"wp","href":"https:\/\/api.w.org\/{rel}","templated":true}]}}