{"id":747061,"date":"2025-08-28T02:58:13","date_gmt":"2025-08-27T23:58:13","guid":{"rendered":"https:\/\/roveyayinevi.com.tr\/index.php\/urun\/gorulmezler-kulubu\/"},"modified":"2026-04-16T02:59:44","modified_gmt":"2026-04-15T23:59:44","slug":"gorulmezler-kulubu","status":"publish","type":"product","link":"https:\/\/roveyayinevi.com.tr\/index.php\/urun\/gorulmezler-kulubu\/","title":{"rendered":"G\u00f6r\u00fclmezler Kul\u00fcb\u00fc"},"content":{"rendered":"<p>Ailesini trafik kazas\u0131nda kaybeden Mert\u2019in tek akrabas\u0131 olan anneannesi de vefat ettikten sonra Mert yapayaln\u0131z kalm\u0131\u015ft\u0131r. Evini payla\u015faca\u011f\u0131 bir arkada\u015f bulmak i\u00e7in ilan vermi\u015f ve bir g\u00fcn eve d\u00f6nd\u00fc\u011f\u00fcnde kap\u0131s\u0131n\u0131n \u00f6n\u00fcnde gen\u00e7 bir k\u0131z ile kar\u015f\u0131la\u015fm\u0131\u015ft\u0131r. K\u0131z\u0131n gidecek ba\u015fka bir yeri, kimsesi yoktur ve Mert\u2019in ilan\u0131n\u0131 g\u00f6rmese geceyi d\u0131\u015far\u0131da ge\u00e7irecektir. Mert her ne kadar bu \u00fcst\u00fc ba\u015f\u0131 kir i\u00e7inde kalm\u0131\u015f bu gizemli k\u0131z\u0131 g\u00f6z\u00fc tutmasa da onu sokakta b\u0131rakmaya da g\u00f6nl\u00fc raz\u0131 olmam\u0131\u015f ve evini onunla payla\u015fm\u0131\u015ft\u0131r. K\u0131z en k\u0131sa s\u00fcrede i\u015f bulup kiraya ortak olaca\u011f\u0131n\u0131n s\u00f6z\u00fcn\u00fc vermi\u015ftir Mert\u2019e. \u0130\u015f aramak ile ge\u00e7en \u00fc\u00e7 g\u00fcn\u00fcn sonunda nihayet i\u015f bulmu\u015ftur ve bu s\u00fcre zarf\u0131nda birbirlerini tan\u0131ma f\u0131rsat\u0131 da bulmu\u015flard\u0131r. Bahar\u2019\u0131n bulmu\u015f oldu\u011fu i\u015f yerini \u00fcniversiteden be\u015f ortak arkada\u015f i\u015fletiyordur ve Bahar k\u0131sa s\u00fcrede bu insanlara g\u00fcvenmi\u015f, Mert\u2019i de bu insanlarla tan\u0131\u015ft\u0131rmak istemi\u015fti. Hayat\u0131na bir anda giren bu gizemli k\u0131z ile tuhaf dostlar\u0131, Mert\u2019in hayat\u0131n\u0131 de\u011fi\u015ftirecektir. Bahar kimden ve neden ka\u00e7\u0131yordu? Kafe i\u015fleten bu be\u015f gizemli ortak ile Bahar\u2019\u0131n ne gibi bir ba\u011flant\u0131s\u0131 olabilirdi? Mert\u2019in kimselere anlatmad\u0131\u011f\u0131 gizli s\u0131rr\u0131 neydi? Bahar\u2019\u0131n pe\u015findeki adamlar kimdi ve neden Bahar hi\u00e7bir \u015fekilde ge\u00e7mi\u015fi hakk\u0131nda soru sorulmas\u0131n\u0131 istemiyordu? Mert\u2019i nas\u0131l bir son bekliyordu? Bu sorular\u0131n t\u00fcm cevaplar\u0131 kitap i\u00e7erisinde a\u00e7\u0131\u011fa \u00e7\u0131kmay\u0131 bekliyor.<\/p>\n","protected":false},"excerpt":{"rendered":"<p>Ailesini trafik kazas\u0131nda kaybeden Mert\u2019in tek akrabas\u0131 olan anneannesi de vefat ettikten sonra Mert yapayaln\u0131z kalm\u0131\u015ft\u0131r. Evini payla\u015faca\u011f\u0131 bir arkada\u015f bulmak i\u00e7in ilan vermi\u015f ve bir<span class=\"excerpt-hellip\"> [\u2026]<\/span><\/p>\n","protected":false},"featured_media":0,"template":"","meta":{"_monsterinsights_skip_tracking":false,"_monsterinsights_sitenote_active":false,"_monsterinsights_sitenote_note":"","_monsterinsights_sitenote_category":0},"product_brand":[],"product_cat":[12291,12711],"product_tag":[],"class_list":{"0":"post-747061","1":"product","2":"type-product","3":"status-publish","5":"product_cat-edebiyat","6":"product_cat-roman-oyku","7":"pa_cilt-ciltsiz","8":"pa_tur-kitap","9":"pa_yayinevi-elpis-yayinlari","10":"pa_yazar-harun-gulle","12":"first","13":"instock","14":"sale","15":"shipping-taxable","16":"purchasable","17":"product-type-simple"},"_links":{"self":[{"href":"https:\/\/roveyayinevi.com.tr\/index.php\/wp-json\/wp\/v2\/product\/747061","targetHints":{"allow":["GET"]}}],"collection":[{"href":"https:\/\/roveyayinevi.com.tr\/index.php\/wp-json\/wp\/v2\/product"}],"about":[{"href":"https:\/\/roveyayinevi.com.tr\/index.php\/wp-json\/wp\/v2\/types\/product"}],"wp:attachment":[{"href":"https:\/\/roveyayinevi.com.tr\/index.php\/wp-json\/wp\/v2\/media?parent=747061"}],"wp:term":[{"taxonomy":"product_brand","embeddable":true,"href":"https:\/\/roveyayinevi.com.tr\/index.php\/wp-json\/wp\/v2\/product_brand?post=747061"},{"taxonomy":"product_cat","embeddable":true,"href":"https:\/\/roveyayinevi.com.tr\/index.php\/wp-json\/wp\/v2\/product_cat?post=747061"},{"taxonomy":"product_tag","embeddable":true,"href":"https:\/\/roveyayinevi.com.tr\/index.php\/wp-json\/wp\/v2\/product_tag?post=747061"}],"curies":[{"name":"wp","href":"https:\/\/api.w.org\/{rel}","templated":true}]}}