{"id":747059,"date":"2025-08-28T02:58:10","date_gmt":"2025-08-27T23:58:10","guid":{"rendered":"https:\/\/roveyayinevi.com.tr\/index.php\/urun\/mobukonun-aski-2\/"},"modified":"2026-04-16T02:59:44","modified_gmt":"2026-04-15T23:59:44","slug":"mobukonun-aski-2","status":"publish","type":"product","link":"https:\/\/roveyayinevi.com.tr\/index.php\/urun\/mobukonun-aski-2\/","title":{"rendered":"Mobuko\u2019nun A\u015fk\u0131 2"},"content":{"rendered":"<p>Sana \u201cSeni seviyorum.\u201d diyemem. O y\u00fczden sen bana yakla\u015f\u0131r m\u0131s\u0131n? Hislerinin a\u015fk oldu\u011funu fark eden Nobuko Tanaka (Nam\u0131di\u011fer Mobuko)&#8230; Di\u011fer yandan a\u015fk\u0131n nas\u0131l bir \u015fey oldu\u011funu anlamayan Irie, i\u00e7indeki baz\u0131 duygular\u0131n harekete ge\u00e7ti\u011fini fark ediyor. Yoksa a\u015f\u0131k m\u0131 oluyor? Ba\u015f karakterlerin var olmad\u0131\u011f\u0131, onlara gerek de duyulmad\u0131\u011f\u0131 bu a\u015fk hikayesi, bir yang\u0131n gibi giderek b\u00fcy\u00fcyor.<\/p>\n","protected":false},"excerpt":{"rendered":"<p>Sana \u201cSeni seviyorum.\u201d diyemem. O y\u00fczden sen bana yakla\u015f\u0131r m\u0131s\u0131n? Hislerinin a\u015fk oldu\u011funu fark eden Nobuko Tanaka (Nam\u0131di\u011fer Mobuko)&#8230; Di\u011fer yandan a\u015fk\u0131n nas\u0131l bir \u015fey oldu\u011funu<span class=\"excerpt-hellip\"> [\u2026]<\/span><\/p>\n","protected":false},"featured_media":0,"template":"","meta":{"_monsterinsights_skip_tracking":false,"_monsterinsights_sitenote_active":false,"_monsterinsights_sitenote_note":"","_monsterinsights_sitenote_category":0},"product_brand":[],"product_cat":[12416,12291],"product_tag":[],"class_list":{"0":"post-747059","1":"product","2":"type-product","3":"status-publish","5":"product_cat-cizgi-roman","6":"product_cat-edebiyat","7":"pa_cilt-ciltsiz","8":"pa_tur-kitap","9":"pa_yayinevi-kayip-kita-yayinlari","10":"pa_yazar-akane-tamura","12":"first","13":"instock","14":"sale","15":"shipping-taxable","16":"purchasable","17":"product-type-simple"},"_links":{"self":[{"href":"https:\/\/roveyayinevi.com.tr\/index.php\/wp-json\/wp\/v2\/product\/747059","targetHints":{"allow":["GET"]}}],"collection":[{"href":"https:\/\/roveyayinevi.com.tr\/index.php\/wp-json\/wp\/v2\/product"}],"about":[{"href":"https:\/\/roveyayinevi.com.tr\/index.php\/wp-json\/wp\/v2\/types\/product"}],"wp:attachment":[{"href":"https:\/\/roveyayinevi.com.tr\/index.php\/wp-json\/wp\/v2\/media?parent=747059"}],"wp:term":[{"taxonomy":"product_brand","embeddable":true,"href":"https:\/\/roveyayinevi.com.tr\/index.php\/wp-json\/wp\/v2\/product_brand?post=747059"},{"taxonomy":"product_cat","embeddable":true,"href":"https:\/\/roveyayinevi.com.tr\/index.php\/wp-json\/wp\/v2\/product_cat?post=747059"},{"taxonomy":"product_tag","embeddable":true,"href":"https:\/\/roveyayinevi.com.tr\/index.php\/wp-json\/wp\/v2\/product_tag?post=747059"}],"curies":[{"name":"wp","href":"https:\/\/api.w.org\/{rel}","templated":true}]}}