{"id":747058,"date":"2025-08-28T02:58:08","date_gmt":"2025-08-27T23:58:08","guid":{"rendered":"https:\/\/roveyayinevi.com.tr\/index.php\/urun\/harika-bir-hayat\/"},"modified":"2026-04-08T03:06:33","modified_gmt":"2026-04-08T00:06:33","slug":"harika-bir-hayat","status":"publish","type":"product","link":"https:\/\/roveyayinevi.com.tr\/index.php\/urun\/harika-bir-hayat\/","title":{"rendered":"Harika Bir Hayat"},"content":{"rendered":"<p>Harika! \u0130\u015flenmemi\u015f bir elmas. Patlamaya haz\u0131r bir bomba. \u00d6l\u00fcme u\u00e7an e\u015fsiz bir kelebek. 1919\u2019da ba\u015flayan, ne zaman bitti\u011fini \u2013hen\u00fcz\u2013 bilemedi\u011fimiz bir hayat. Dokundu\u011fu her \u015feyi g\u00fczelle\u015ftiren, dokunmad\u0131klar\u0131nda bile izini b\u0131rakan inan\u0131lmaz bir kad\u0131n\u0131n, Harika\u2019n\u0131n hayat\u0131. Baz\u0131lar\u0131m\u0131z Harika, baz\u0131lar\u0131m\u0131z H. Kara, baz\u0131lar\u0131m\u0131z H. Ak olarak tan\u0131yor onu \u2013 ki bunlar sadece bilinen kimlikleri. Yak\u0131n tarihimizin zor y\u0131llar\u0131nda, tan\u0131d\u0131\u011f\u0131m\u0131z simalar\u0131n aras\u0131nda dola\u015fan, d\u0131\u015far\u0131dan normal g\u00f6r\u00fcnse de ne zaman ne ola\u011fan\u00fcst\u00fcl\u00fck g\u00f6sterece\u011fi asla kestirilemeyen bir kad\u0131n. Harika bir oyuncu, Harika bir \u015fair, Harika bir istihbarat\u00e7\u0131, Harika bir\u2026 Harika! K\u00f6rburun\u2019un yazar\u0131 Hikmet H\u00fck\u00fcmeno\u011flu \u015fa\u015f\u0131rtmaya devam ediyor. Her an yeni bir Harika\u2019yla kar\u015f\u0131la\u015fabilirsiniz. Harika, hislerini tarif ederken, \u201cSanki ben geriye \u00e7ekildim ve ba\u015fka bir kad\u0131n \u0131\u015f\u0131\u011fa ad\u0131m att\u0131,\u201d c\u00fcmlesini kuracakt\u0131 aylar sonra. Bu di\u011fer kad\u0131n, kararl\u0131, kendine g\u00fcvenen ve ba\u015fkalar\u0131n\u0131n ne d\u00fc\u015f\u00fcnd\u00fc\u011f\u00fcne ald\u0131rmayan biriydi. S\u00fcrekli kafas\u0131n\u0131n i\u00e7inde ona yeteri kadar iyi olmad\u0131\u011f\u0131n\u0131 s\u00f6yleyip duran ses yok olmu\u015f ve s\u0131rt\u0131ndaki y\u00fck kalkar kalkmaz ruhu hafiflemi\u015fti.<\/p>\n","protected":false},"excerpt":{"rendered":"<p>Harika! \u0130\u015flenmemi\u015f bir elmas. Patlamaya haz\u0131r bir bomba. \u00d6l\u00fcme u\u00e7an e\u015fsiz bir kelebek. 1919\u2019da ba\u015flayan, ne zaman bitti\u011fini \u2013hen\u00fcz\u2013 bilemedi\u011fimiz bir hayat. Dokundu\u011fu her \u015feyi g\u00fczelle\u015ftiren,<span class=\"excerpt-hellip\"> [\u2026]<\/span><\/p>\n","protected":false},"featured_media":0,"template":"","meta":{"_monsterinsights_skip_tracking":false,"_monsterinsights_sitenote_active":false,"_monsterinsights_sitenote_note":"","_monsterinsights_sitenote_category":0},"product_brand":[],"product_cat":[12291,12711],"product_tag":[],"class_list":{"0":"post-747058","1":"product","2":"type-product","3":"status-publish","5":"product_cat-edebiyat","6":"product_cat-roman-oyku","7":"pa_cilt-ciltsiz","8":"pa_tur-kitap","9":"pa_yayinevi-can-yayinlari","10":"pa_yazar-hikmet-hukumenoglu","12":"first","13":"instock","14":"sale","15":"shipping-taxable","16":"purchasable","17":"product-type-simple"},"_links":{"self":[{"href":"https:\/\/roveyayinevi.com.tr\/index.php\/wp-json\/wp\/v2\/product\/747058","targetHints":{"allow":["GET"]}}],"collection":[{"href":"https:\/\/roveyayinevi.com.tr\/index.php\/wp-json\/wp\/v2\/product"}],"about":[{"href":"https:\/\/roveyayinevi.com.tr\/index.php\/wp-json\/wp\/v2\/types\/product"}],"wp:attachment":[{"href":"https:\/\/roveyayinevi.com.tr\/index.php\/wp-json\/wp\/v2\/media?parent=747058"}],"wp:term":[{"taxonomy":"product_brand","embeddable":true,"href":"https:\/\/roveyayinevi.com.tr\/index.php\/wp-json\/wp\/v2\/product_brand?post=747058"},{"taxonomy":"product_cat","embeddable":true,"href":"https:\/\/roveyayinevi.com.tr\/index.php\/wp-json\/wp\/v2\/product_cat?post=747058"},{"taxonomy":"product_tag","embeddable":true,"href":"https:\/\/roveyayinevi.com.tr\/index.php\/wp-json\/wp\/v2\/product_tag?post=747058"}],"curies":[{"name":"wp","href":"https:\/\/api.w.org\/{rel}","templated":true}]}}