{"id":747057,"date":"2025-08-28T02:58:07","date_gmt":"2025-08-27T23:58:07","guid":{"rendered":"https:\/\/roveyayinevi.com.tr\/index.php\/urun\/beyaz-yemeni\/"},"modified":"2026-04-16T02:59:44","modified_gmt":"2026-04-15T23:59:44","slug":"beyaz-yemeni","status":"publish","type":"product","link":"https:\/\/roveyayinevi.com.tr\/index.php\/urun\/beyaz-yemeni\/","title":{"rendered":"Beyaz Yemeni"},"content":{"rendered":"<p>Birinin y\u00fcz\u00fcn\u00fc unutmak nas\u0131l bir \u015feydir sen bilir misin?Ben s\u00f6yleyeyim sanaB\u00fct\u00fcn kemiklerin ayn\u0131 anda k\u0131r\u0131l\u0131r Hani kur\u015fun yersin de Hissedemezsin ya o anda kur\u015fun yedi\u011fini Sonradan anlars\u0131n vuruldu\u011funu Ac\u0131maz v\u00fccudun o anda \u0130\u015fte o kur\u015fun i\u00e7erde yer durur seni Ac\u0131t\u0131r, kanat\u0131r ama \u00f6ld\u00fcrmez Birinin y\u00fcz\u00fcn\u00fc unutmak i\u015fte b\u00f6yle bir \u015feydir.<\/p>\n","protected":false},"excerpt":{"rendered":"<p>Birinin y\u00fcz\u00fcn\u00fc unutmak nas\u0131l bir \u015feydir sen bilir misin?Ben s\u00f6yleyeyim sanaB\u00fct\u00fcn kemiklerin ayn\u0131 anda k\u0131r\u0131l\u0131r Hani kur\u015fun yersin de Hissedemezsin ya o anda kur\u015fun yedi\u011fini Sonradan<span class=\"excerpt-hellip\"> [\u2026]<\/span><\/p>\n","protected":false},"featured_media":0,"template":"","meta":{"_monsterinsights_skip_tracking":false,"_monsterinsights_sitenote_active":false,"_monsterinsights_sitenote_note":"","_monsterinsights_sitenote_category":0},"product_brand":[],"product_cat":[12291],"product_tag":[],"class_list":{"0":"post-747057","1":"product","2":"type-product","3":"status-publish","5":"product_cat-edebiyat","6":"pa_cilt-ciltsiz","7":"pa_tur-kitap","8":"pa_yayinevi-kuytu-yayinlari","9":"pa_yazar-gul-kacar","11":"first","12":"instock","13":"sale","14":"shipping-taxable","15":"purchasable","16":"product-type-simple"},"_links":{"self":[{"href":"https:\/\/roveyayinevi.com.tr\/index.php\/wp-json\/wp\/v2\/product\/747057","targetHints":{"allow":["GET"]}}],"collection":[{"href":"https:\/\/roveyayinevi.com.tr\/index.php\/wp-json\/wp\/v2\/product"}],"about":[{"href":"https:\/\/roveyayinevi.com.tr\/index.php\/wp-json\/wp\/v2\/types\/product"}],"wp:attachment":[{"href":"https:\/\/roveyayinevi.com.tr\/index.php\/wp-json\/wp\/v2\/media?parent=747057"}],"wp:term":[{"taxonomy":"product_brand","embeddable":true,"href":"https:\/\/roveyayinevi.com.tr\/index.php\/wp-json\/wp\/v2\/product_brand?post=747057"},{"taxonomy":"product_cat","embeddable":true,"href":"https:\/\/roveyayinevi.com.tr\/index.php\/wp-json\/wp\/v2\/product_cat?post=747057"},{"taxonomy":"product_tag","embeddable":true,"href":"https:\/\/roveyayinevi.com.tr\/index.php\/wp-json\/wp\/v2\/product_tag?post=747057"}],"curies":[{"name":"wp","href":"https:\/\/api.w.org\/{rel}","templated":true}]}}