{"id":747053,"date":"2025-08-28T02:58:00","date_gmt":"2025-08-27T23:58:00","guid":{"rendered":"https:\/\/roveyayinevi.com.tr\/index.php\/urun\/solucan-2-aci\/"},"modified":"2026-04-16T02:59:44","modified_gmt":"2026-04-15T23:59:44","slug":"solucan-2-aci","status":"publish","type":"product","link":"https:\/\/roveyayinevi.com.tr\/index.php\/urun\/solucan-2-aci\/","title":{"rendered":"Solucan 2 : Ac\u0131"},"content":{"rendered":"<p>Sevildi\u011fini hissetmemi\u015f insanlar, birini sevmenin ne demek oldu\u011funu bilemez. Kalbi a\u015fk i\u00e7in \u00e7arpmak istese de akl\u0131 buna m\u00fcsaade etmez.   Nehir, arad\u0131\u011f\u0131 a\u015fk\u0131 o insanlardan biri olan K\u0131van\u00e7\u2019ta buldu\u011funda anlam\u0131\u015ft\u0131; onun varl\u0131\u011f\u0131 en az yoklu\u011fu kadar ac\u0131 verici olacakt\u0131. K\u0131van\u00e7\u2019\u0131n yaralar\u0131n\u0131 iyile\u015ftirmeyi umdu\u011fu bu yolun, kendisine de iyi gelece\u011fini d\u00fc\u015f\u00fcn\u00fcyordu. Ta ki K\u0131van\u00e7\u2019\u0131n saklad\u0131\u011f\u0131 bir s\u0131r a\u00e7\u0131\u011fa \u00e7\u0131kana dek&#8230;   Bazen komik, bazen h\u00fcz\u00fcnl\u00fc bu hikayenin ba\u015fkahraman\u0131 olan Nehir, nam-\u0131 di\u011fer Solucan, cevaplanmas\u0131 gereken yeni bir soruya sahipti:   \u201cA\u015fk her \u015feye yeter mi?\u201d <\/p>\n","protected":false},"excerpt":{"rendered":"<p>Sevildi\u011fini hissetmemi\u015f insanlar, birini sevmenin ne demek oldu\u011funu bilemez. Kalbi a\u015fk i\u00e7in \u00e7arpmak istese de akl\u0131 buna m\u00fcsaade etmez. Nehir, arad\u0131\u011f\u0131 a\u015fk\u0131 o insanlardan biri olan<span class=\"excerpt-hellip\"> [\u2026]<\/span><\/p>\n","protected":false},"featured_media":0,"template":"","meta":{"_monsterinsights_skip_tracking":false,"_monsterinsights_sitenote_active":false,"_monsterinsights_sitenote_note":"","_monsterinsights_sitenote_category":0},"product_brand":[],"product_cat":[12291,50487],"product_tag":[],"class_list":{"0":"post-747053","1":"product","2":"type-product","3":"status-publish","5":"product_cat-edebiyat","6":"product_cat-kurgu","7":"pa_cilt-ciltsiz","8":"pa_tur-kitap","9":"pa_yayinevi-marti-yayinlari","10":"pa_yazar-zeynep-sey","12":"first","13":"instock","14":"sale","15":"shipping-taxable","16":"purchasable","17":"product-type-simple"},"_links":{"self":[{"href":"https:\/\/roveyayinevi.com.tr\/index.php\/wp-json\/wp\/v2\/product\/747053","targetHints":{"allow":["GET"]}}],"collection":[{"href":"https:\/\/roveyayinevi.com.tr\/index.php\/wp-json\/wp\/v2\/product"}],"about":[{"href":"https:\/\/roveyayinevi.com.tr\/index.php\/wp-json\/wp\/v2\/types\/product"}],"wp:attachment":[{"href":"https:\/\/roveyayinevi.com.tr\/index.php\/wp-json\/wp\/v2\/media?parent=747053"}],"wp:term":[{"taxonomy":"product_brand","embeddable":true,"href":"https:\/\/roveyayinevi.com.tr\/index.php\/wp-json\/wp\/v2\/product_brand?post=747053"},{"taxonomy":"product_cat","embeddable":true,"href":"https:\/\/roveyayinevi.com.tr\/index.php\/wp-json\/wp\/v2\/product_cat?post=747053"},{"taxonomy":"product_tag","embeddable":true,"href":"https:\/\/roveyayinevi.com.tr\/index.php\/wp-json\/wp\/v2\/product_tag?post=747053"}],"curies":[{"name":"wp","href":"https:\/\/api.w.org\/{rel}","templated":true}]}}