{"id":747052,"date":"2025-08-28T02:57:59","date_gmt":"2025-08-27T23:57:59","guid":{"rendered":"https:\/\/roveyayinevi.com.tr\/index.php\/urun\/turk-izi\/"},"modified":"2025-11-21T08:45:07","modified_gmt":"2025-11-21T05:45:07","slug":"turk-izi","status":"publish","type":"product","link":"https:\/\/roveyayinevi.com.tr\/index.php\/urun\/turk-izi\/","title":{"rendered":"T\u00fcrk \u0130zi"},"content":{"rendered":"<p>T\u00fcrk k\u00fclt\u00fcr\u00fc hakk\u0131nda somut bilgiler toplamak olduk\u00e7a zor bir u\u011fra\u015f\u0131d\u0131r \u015f\u00fcphesiz. Ancak, eski T\u00fcrk devletlerinin kuruldu\u011fu Asya ve Avrupa k\u0131talar\u0131na yay\u0131lm\u0131\u015f devasa topraklarda bazen bilerek bazen de tesad\u00fcfen bulunan kal\u0131nt\u0131lardan elde edilen bilgileri yorumlayan yeni d\u00f6nem bilim insanlar\u0131 ve arkeologlar T\u00fcrk k\u00fclt\u00fcr\u00fc hakk\u0131ndaki kan\u0131lar\u0131n\u0131 de\u011fi\u015ftirmeye ba\u015flam\u0131\u015flard\u0131r. D\u00fczeltilmesinin zaman alaca\u011f\u0131 kesin olan \u00f6nyarg\u0131 ve yanl\u0131 bilgi kaynaklar\u0131n\u0131n neler oldu\u011fu ve ger\u00e7eklerin ortaya \u00e7\u0131kar\u0131lmas\u0131 en b\u00fcy\u00fck dile\u011fimizdir. \u0130\u015fte elinizdeki kitab\u0131n yaz\u0131lma nedeni budur.<\/p>\n","protected":false},"excerpt":{"rendered":"<p>T\u00fcrk k\u00fclt\u00fcr\u00fc hakk\u0131nda somut bilgiler toplamak olduk\u00e7a zor bir u\u011fra\u015f\u0131d\u0131r \u015f\u00fcphesiz. Ancak, eski T\u00fcrk devletlerinin kuruldu\u011fu Asya ve Avrupa k\u0131talar\u0131na yay\u0131lm\u0131\u015f devasa topraklarda bazen bilerek bazen<span class=\"excerpt-hellip\"> [\u2026]<\/span><\/p>\n","protected":false},"featured_media":0,"template":"","meta":{"_monsterinsights_skip_tracking":false,"_monsterinsights_sitenote_active":false,"_monsterinsights_sitenote_note":"","_monsterinsights_sitenote_category":0},"product_brand":[],"product_cat":[12408,14197],"product_tag":[],"class_list":{"0":"post-747052","1":"product","2":"type-product","3":"status-publish","5":"product_cat-sanat","6":"product_cat-sanat-tarihi","7":"pa_cilt-ciltsiz","8":"pa_tur-kitap","9":"pa_yayinevi-asi-kitap","10":"pa_yazar-mihri-nisa-eti","12":"first","13":"instock","14":"sale","15":"shipping-taxable","16":"purchasable","17":"product-type-simple"},"_links":{"self":[{"href":"https:\/\/roveyayinevi.com.tr\/index.php\/wp-json\/wp\/v2\/product\/747052","targetHints":{"allow":["GET"]}}],"collection":[{"href":"https:\/\/roveyayinevi.com.tr\/index.php\/wp-json\/wp\/v2\/product"}],"about":[{"href":"https:\/\/roveyayinevi.com.tr\/index.php\/wp-json\/wp\/v2\/types\/product"}],"wp:attachment":[{"href":"https:\/\/roveyayinevi.com.tr\/index.php\/wp-json\/wp\/v2\/media?parent=747052"}],"wp:term":[{"taxonomy":"product_brand","embeddable":true,"href":"https:\/\/roveyayinevi.com.tr\/index.php\/wp-json\/wp\/v2\/product_brand?post=747052"},{"taxonomy":"product_cat","embeddable":true,"href":"https:\/\/roveyayinevi.com.tr\/index.php\/wp-json\/wp\/v2\/product_cat?post=747052"},{"taxonomy":"product_tag","embeddable":true,"href":"https:\/\/roveyayinevi.com.tr\/index.php\/wp-json\/wp\/v2\/product_tag?post=747052"}],"curies":[{"name":"wp","href":"https:\/\/api.w.org\/{rel}","templated":true}]}}