{"id":747051,"date":"2025-08-28T02:57:58","date_gmt":"2025-08-27T23:57:58","guid":{"rendered":"https:\/\/roveyayinevi.com.tr\/index.php\/urun\/duslerinde-gezen-sair\/"},"modified":"2026-04-16T02:59:44","modified_gmt":"2026-04-15T23:59:44","slug":"duslerinde-gezen-sair","status":"publish","type":"product","link":"https:\/\/roveyayinevi.com.tr\/index.php\/urun\/duslerinde-gezen-sair\/","title":{"rendered":"D\u00fc\u015flerinde Gezen \u015eair"},"content":{"rendered":"<p>Sevilen yazar Nazl\u0131 Deniz G\u00fcler\u2019den uykuyla uyan\u0131kl\u0131k, d\u00fc\u015fle ger\u00e7ek aras\u0131 \u015fiirler. \u0130pek Kay\u2019\u0131n ger\u00e7ek\u00fcst\u00fc desenleriyle renklenen kitap, okurlar\u0131n\u0131 g\u00fcnd\u00fcz d\u00fc\u015fleri g\u00f6rmeye davet ediyor.   \u201cUyurgezer diyorlar bana, Desinler ald\u0131rma. Ayakta uyumaktan iyidir d\u00fc\u015flerde gezmek, \u015eiir bile yazd\u0131r\u0131r insana.\u201d <\/p>\n","protected":false},"excerpt":{"rendered":"<p>Sevilen yazar Nazl\u0131 Deniz G\u00fcler\u2019den uykuyla uyan\u0131kl\u0131k, d\u00fc\u015fle ger\u00e7ek aras\u0131 \u015fiirler. \u0130pek Kay\u2019\u0131n ger\u00e7ek\u00fcst\u00fc desenleriyle renklenen kitap, okurlar\u0131n\u0131 g\u00fcnd\u00fcz d\u00fc\u015fleri g\u00f6rmeye davet ediyor. \u201cUyurgezer diyorlar bana,<span class=\"excerpt-hellip\"> [\u2026]<\/span><\/p>\n","protected":false},"featured_media":0,"template":"","meta":{"_monsterinsights_skip_tracking":false,"_monsterinsights_sitenote_active":false,"_monsterinsights_sitenote_note":"","_monsterinsights_sitenote_category":0},"product_brand":[],"product_cat":[12274,12284],"product_tag":[],"class_list":{"0":"post-747051","1":"product","2":"type-product","3":"status-publish","5":"product_cat-cocuk-ve-genclik-kitaplari","6":"product_cat-hikayeler","7":"pa_cilt-ciltsiz","8":"pa_tur-kitap","9":"pa_yayinevi-kirmizi-kedi-yayinevi","10":"pa_yazar-nazli-deniz-guler","12":"first","13":"instock","14":"sale","15":"shipping-taxable","16":"purchasable","17":"product-type-simple"},"_links":{"self":[{"href":"https:\/\/roveyayinevi.com.tr\/index.php\/wp-json\/wp\/v2\/product\/747051","targetHints":{"allow":["GET"]}}],"collection":[{"href":"https:\/\/roveyayinevi.com.tr\/index.php\/wp-json\/wp\/v2\/product"}],"about":[{"href":"https:\/\/roveyayinevi.com.tr\/index.php\/wp-json\/wp\/v2\/types\/product"}],"wp:attachment":[{"href":"https:\/\/roveyayinevi.com.tr\/index.php\/wp-json\/wp\/v2\/media?parent=747051"}],"wp:term":[{"taxonomy":"product_brand","embeddable":true,"href":"https:\/\/roveyayinevi.com.tr\/index.php\/wp-json\/wp\/v2\/product_brand?post=747051"},{"taxonomy":"product_cat","embeddable":true,"href":"https:\/\/roveyayinevi.com.tr\/index.php\/wp-json\/wp\/v2\/product_cat?post=747051"},{"taxonomy":"product_tag","embeddable":true,"href":"https:\/\/roveyayinevi.com.tr\/index.php\/wp-json\/wp\/v2\/product_tag?post=747051"}],"curies":[{"name":"wp","href":"https:\/\/api.w.org\/{rel}","templated":true}]}}