{"id":747048,"date":"2025-08-28T02:57:55","date_gmt":"2025-08-27T23:57:55","guid":{"rendered":"https:\/\/roveyayinevi.com.tr\/index.php\/urun\/agacin-kurdu\/"},"modified":"2026-04-16T02:59:44","modified_gmt":"2026-04-15T23:59:44","slug":"agacin-kurdu","status":"publish","type":"product","link":"https:\/\/roveyayinevi.com.tr\/index.php\/urun\/agacin-kurdu\/","title":{"rendered":"A\u011fac\u0131n Kurdu"},"content":{"rendered":"<p>Bunca kumpas i\u00e7eriden ciddi bir destek olmadan yap\u0131labilir miydi? Mustafa \u00d6nsel, i\u015fte bu soru etraf\u0131nda geni\u015f bir muhasebe yap\u0131yor; \u201cA\u011fac\u0131n kurdu i\u00e7inde olur\u201d diyerek, kumpas\u0131n ilk g\u00fcn\u00fcnden bu yana ge\u00e7en s\u00fcre\u00e7te isim isim \u201ca\u011fac\u0131n kurt\u00e7uklar\u0131n\u0131\u201d ortaya \u00e7\u0131kar\u0131yor, 15 Temmuz \u00f6ncesi ile sonras\u0131 aras\u0131ndaki ili\u015fkileri inceliyor. Ortaya \u00e7\u0131kar\u0131lanlar, ordunun nas\u0131l ayr\u0131\u015ft\u0131r\u0131ld\u0131\u011f\u0131n\u0131, siyaset bata\u011f\u0131na \u00e7ekildi\u011fini ve ad\u0131m ad\u0131m milli olmaktan \u00e7\u0131kar\u0131ld\u0131\u011f\u0131n\u0131 resmediyor. Tablo hem tehlikenin b\u00fcy\u00fckl\u00fc\u011f\u00fcn\u00fc sergiliyor ama hem de tehlikenin de\u011fi\u015fik \u00f6l\u00e7eklerde s\u00fcrd\u00fc\u011f\u00fcn\u00fc g\u00f6steriyor. <\/p>\n","protected":false},"excerpt":{"rendered":"<p>Bunca kumpas i\u00e7eriden ciddi bir destek olmadan yap\u0131labilir miydi? Mustafa \u00d6nsel, i\u015fte bu soru etraf\u0131nda geni\u015f bir muhasebe yap\u0131yor; \u201cA\u011fac\u0131n kurdu i\u00e7inde olur\u201d diyerek, kumpas\u0131n ilk<span class=\"excerpt-hellip\"> [\u2026]<\/span><\/p>\n","protected":false},"featured_media":0,"template":"","meta":{"_monsterinsights_skip_tracking":false,"_monsterinsights_sitenote_active":false,"_monsterinsights_sitenote_note":"","_monsterinsights_sitenote_category":0},"product_brand":[],"product_cat":[13590,12337],"product_tag":[],"class_list":{"0":"post-747048","1":"product","2":"type-product","3":"status-publish","5":"product_cat-arastirma-inceleme-politika-siyaset","6":"product_cat-politika-siyaset","7":"pa_cilt-ciltsiz","8":"pa_tur-kitap","9":"pa_yayinevi-kirmizi-kedi-yayinevi","10":"pa_yazar-mustafa-onsel","12":"first","13":"instock","14":"sale","15":"shipping-taxable","16":"purchasable","17":"product-type-simple"},"_links":{"self":[{"href":"https:\/\/roveyayinevi.com.tr\/index.php\/wp-json\/wp\/v2\/product\/747048","targetHints":{"allow":["GET"]}}],"collection":[{"href":"https:\/\/roveyayinevi.com.tr\/index.php\/wp-json\/wp\/v2\/product"}],"about":[{"href":"https:\/\/roveyayinevi.com.tr\/index.php\/wp-json\/wp\/v2\/types\/product"}],"wp:attachment":[{"href":"https:\/\/roveyayinevi.com.tr\/index.php\/wp-json\/wp\/v2\/media?parent=747048"}],"wp:term":[{"taxonomy":"product_brand","embeddable":true,"href":"https:\/\/roveyayinevi.com.tr\/index.php\/wp-json\/wp\/v2\/product_brand?post=747048"},{"taxonomy":"product_cat","embeddable":true,"href":"https:\/\/roveyayinevi.com.tr\/index.php\/wp-json\/wp\/v2\/product_cat?post=747048"},{"taxonomy":"product_tag","embeddable":true,"href":"https:\/\/roveyayinevi.com.tr\/index.php\/wp-json\/wp\/v2\/product_tag?post=747048"}],"curies":[{"name":"wp","href":"https:\/\/api.w.org\/{rel}","templated":true}]}}