{"id":747044,"date":"2025-08-28T02:57:49","date_gmt":"2025-08-27T23:57:49","guid":{"rendered":"https:\/\/roveyayinevi.com.tr\/index.php\/urun\/geri-donusum-muhtesem-olacak\/"},"modified":"2026-04-16T02:59:43","modified_gmt":"2026-04-15T23:59:43","slug":"geri-donusum-muhtesem-olacak","status":"publish","type":"product","link":"https:\/\/roveyayinevi.com.tr\/index.php\/urun\/geri-donusum-muhtesem-olacak\/","title":{"rendered":"Geri D\u00f6n\u00fc\u015f\u00fcm Muhte\u015fem Olacak"},"content":{"rendered":"<p>\u201cE\u011fer bu bizim hakk\u0131m\u0131zsa hakk\u0131m\u0131z\u0131 kendimiz korumal\u0131y\u0131z. E\u011fer bu hak de\u011fil de sadece bir hayalse o zaman da bu hayali ancak kendimiz ger\u00e7ekle\u015ftirebiliriz. Kimse bir ba\u015fkas\u0131n\u0131n hayalini onun yerine ger\u00e7ekle\u015ftirmek zorunda de\u011fil. Ve unutmay\u0131n, bu bizim hayalimiz.\u201d Bu mahallede art\u0131k hi\u00e7bir \u015fey eskisi gibi olmayacak! Bir maden suyu \u015fi\u015fesi t\u00fcm at\u0131klar\u0131n kaderini de\u011fi\u015ftirecek. Tabii ki mahallenin sad\u0131k k\u00f6pe\u011fi Susam da onlara yard\u0131m edecek.<\/p>\n","protected":false},"excerpt":{"rendered":"<p>\u201cE\u011fer bu bizim hakk\u0131m\u0131zsa hakk\u0131m\u0131z\u0131 kendimiz korumal\u0131y\u0131z. E\u011fer bu hak de\u011fil de sadece bir hayalse o zaman da bu hayali ancak kendimiz ger\u00e7ekle\u015ftirebiliriz. Kimse bir ba\u015fkas\u0131n\u0131n<span class=\"excerpt-hellip\"> [\u2026]<\/span><\/p>\n","protected":false},"featured_media":0,"template":"","meta":{"_monsterinsights_skip_tracking":false,"_monsterinsights_sitenote_active":false,"_monsterinsights_sitenote_note":"","_monsterinsights_sitenote_category":0},"product_brand":[],"product_cat":[12274,12284],"product_tag":[],"class_list":{"0":"post-747044","1":"product","2":"type-product","3":"status-publish","5":"product_cat-cocuk-ve-genclik-kitaplari","6":"product_cat-hikayeler","7":"pa_cilt-ciltsiz","8":"pa_tur-kitap","9":"pa_yayinevi-ucanfil-ozel-urun","10":"pa_yazar-meryem-ermeydan","12":"first","13":"instock","14":"sale","15":"shipping-taxable","16":"purchasable","17":"product-type-simple"},"_links":{"self":[{"href":"https:\/\/roveyayinevi.com.tr\/index.php\/wp-json\/wp\/v2\/product\/747044","targetHints":{"allow":["GET"]}}],"collection":[{"href":"https:\/\/roveyayinevi.com.tr\/index.php\/wp-json\/wp\/v2\/product"}],"about":[{"href":"https:\/\/roveyayinevi.com.tr\/index.php\/wp-json\/wp\/v2\/types\/product"}],"wp:attachment":[{"href":"https:\/\/roveyayinevi.com.tr\/index.php\/wp-json\/wp\/v2\/media?parent=747044"}],"wp:term":[{"taxonomy":"product_brand","embeddable":true,"href":"https:\/\/roveyayinevi.com.tr\/index.php\/wp-json\/wp\/v2\/product_brand?post=747044"},{"taxonomy":"product_cat","embeddable":true,"href":"https:\/\/roveyayinevi.com.tr\/index.php\/wp-json\/wp\/v2\/product_cat?post=747044"},{"taxonomy":"product_tag","embeddable":true,"href":"https:\/\/roveyayinevi.com.tr\/index.php\/wp-json\/wp\/v2\/product_tag?post=747044"}],"curies":[{"name":"wp","href":"https:\/\/api.w.org\/{rel}","templated":true}]}}