{"id":747043,"date":"2025-08-28T02:57:47","date_gmt":"2025-08-27T23:57:47","guid":{"rendered":"https:\/\/roveyayinevi.com.tr\/index.php\/urun\/darwin-teorinin-gelisimi\/"},"modified":"2026-04-16T02:59:43","modified_gmt":"2026-04-15T23:59:43","slug":"darwin-teorinin-gelisimi","status":"publish","type":"product","link":"https:\/\/roveyayinevi.com.tr\/index.php\/urun\/darwin-teorinin-gelisimi\/","title":{"rendered":"Darwin: Teorinin Geli\u015fimi"},"content":{"rendered":"<p>Charles Darwin, 1859 y\u0131l\u0131nda T\u00fcrlerin K\u00f6keni adl\u0131 kitab\u0131n\u0131 yay\u0131mlad\u0131. Ancak, hen\u00fcz kendisinin bile haberi olmadan, \u00e7ok erken ya\u015flardan itibaren bu olay i\u00e7in haz\u0131rlan\u0131yordu.   Bu \u00e7izgi romanda bir do\u011fa bilimcinin nas\u0131l do\u011fdu\u011funu, do\u011fay\u0131 g\u00f6zlemleme ve ke\u015ffetme tutkusunun onu nas\u0131l d\u00fcnyay\u0131 dola\u015fmaya y\u00f6nlendirdi\u011fini ve bir teorinin nas\u0131l geli\u015fti\u011fini ke\u015ffedeceksiniz.<\/p>\n","protected":false},"excerpt":{"rendered":"<p>Charles Darwin, 1859 y\u0131l\u0131nda T\u00fcrlerin K\u00f6keni adl\u0131 kitab\u0131n\u0131 yay\u0131mlad\u0131. Ancak, hen\u00fcz kendisinin bile haberi olmadan, \u00e7ok erken ya\u015flardan itibaren bu olay i\u00e7in haz\u0131rlan\u0131yordu. Bu \u00e7izgi romanda<span class=\"excerpt-hellip\"> [\u2026]<\/span><\/p>\n","protected":false},"featured_media":0,"template":"","meta":{"_monsterinsights_skip_tracking":false,"_monsterinsights_sitenote_active":false,"_monsterinsights_sitenote_note":"","_monsterinsights_sitenote_category":0},"product_brand":[],"product_cat":[12416,12291],"product_tag":[],"class_list":{"0":"post-747043","1":"product","2":"type-product","3":"status-publish","5":"product_cat-cizgi-roman","6":"product_cat-edebiyat","7":"pa_cilt-ciltsiz","8":"pa_tur-kitap","9":"pa_yayinevi-epsilon-yayinlari","10":"pa_yazar-jordi-bayarri","12":"first","13":"instock","14":"sale","15":"shipping-taxable","16":"purchasable","17":"product-type-simple"},"_links":{"self":[{"href":"https:\/\/roveyayinevi.com.tr\/index.php\/wp-json\/wp\/v2\/product\/747043","targetHints":{"allow":["GET"]}}],"collection":[{"href":"https:\/\/roveyayinevi.com.tr\/index.php\/wp-json\/wp\/v2\/product"}],"about":[{"href":"https:\/\/roveyayinevi.com.tr\/index.php\/wp-json\/wp\/v2\/types\/product"}],"wp:attachment":[{"href":"https:\/\/roveyayinevi.com.tr\/index.php\/wp-json\/wp\/v2\/media?parent=747043"}],"wp:term":[{"taxonomy":"product_brand","embeddable":true,"href":"https:\/\/roveyayinevi.com.tr\/index.php\/wp-json\/wp\/v2\/product_brand?post=747043"},{"taxonomy":"product_cat","embeddable":true,"href":"https:\/\/roveyayinevi.com.tr\/index.php\/wp-json\/wp\/v2\/product_cat?post=747043"},{"taxonomy":"product_tag","embeddable":true,"href":"https:\/\/roveyayinevi.com.tr\/index.php\/wp-json\/wp\/v2\/product_tag?post=747043"}],"curies":[{"name":"wp","href":"https:\/\/api.w.org\/{rel}","templated":true}]}}