{"id":747042,"date":"2025-08-28T02:57:46","date_gmt":"2025-08-27T23:57:46","guid":{"rendered":"https:\/\/roveyayinevi.com.tr\/index.php\/urun\/doga-ve-yasam\/"},"modified":"2026-04-16T02:59:43","modified_gmt":"2026-04-15T23:59:43","slug":"doga-ve-yasam","status":"publish","type":"product","link":"https:\/\/roveyayinevi.com.tr\/index.php\/urun\/doga-ve-yasam\/","title":{"rendered":"Do\u011fa ve Ya\u015fam"},"content":{"rendered":"<p>Alfred North Whitehead\u2019in 1933\u2019te Chicago\u2019da verdi\u011fi iki konferanstan olu\u015fan bu eser, do\u011fadaki de\u011fi\u015fimler ve s\u00fcreklilikler aras\u0131ndaki ili\u015fkiselli\u011fi ve b\u00fct\u00fcnsel bir ya\u015fam mefhumunun temellerini konu al\u0131yor. Birinci konferansta Whitehead, do\u011fay\u0131, ortodoks \u00f6\u011fretiler dedi\u011fi klasik mek\u00e2n anlay\u0131\u015flar\u0131 d\u0131\u015f\u0131ndaki bir d\u00fc\u015f\u00fcnce sahnesinde yeniden d\u00fc\u015f\u00fcnmenin olanaklar\u0131n\u0131 ara\u015ft\u0131r\u0131yor. Klasik mek\u00e2n anlay\u0131\u015flar\u0131n\u0131n ve genel olarak atomcu \u00f6\u011fretinin bo\u015f mek\u00e2n ile onu dolduran madde zerreleri aras\u0131nda kurdu\u011fu ba\u011flant\u0131n\u0131n zay\u0131fl\u0131\u011f\u0131n\u0131 sergiledikten sonra, faaliyet ve s\u00fcre\u00e7 eksenlerine oturan bir do\u011fa mefhumu geli\u015ftiriyor. Bu yeniden d\u00fc\u015f\u00fcnme, do\u011fay\u0131 bir s\u00fcre\u00e7 olarak kavrama giri\u015fiminde duyu-alg\u0131s\u0131n\u0131 temel hareket noktas\u0131 olarak al\u0131yor ve modern ontolojinin baz\u0131 ana dayanaklar\u0131na itiraz ediyor. Bu ele\u015ftiri ve arg\u00fcmanlarla ba\u011flant\u0131l\u0131 olarak ikinci konferansta ili\u015fkisel bir ya\u015fam mefhumu geli\u015ftiren Whitehead\u2019e g\u00f6re do\u011fa ve ya\u015fam, modern felsefenin ba\u015flang\u0131c\u0131ndan beri bir b\u00f6l\u00fcnme i\u00e7ine sokulmu\u015ftur. \u00d6zne, kendini, bedeninden ve maddi do\u011fadan ba\u011f\u0131ms\u0131z bir varl\u0131km\u0131\u015f\u00e7as\u0131na kurmu\u015ftur. Bedeni yok sayan felsefi gelene\u011fin ruhsuzla\u015ft\u0131rd\u0131\u011f\u0131 d\u00fcnya, s\u00fcre\u00e7 ve faaliyet olarak kavranmal\u0131d\u0131r. \u0130\u015fte ya\u015fam, ancak o zaman, i\u00e7erisinde dinamik bir evren ilkesi \u015feklinde i\u015fleyen kar\u015f\u0131l\u0131kl\u0131 ba\u011flant\u0131lar ve bir dayan\u0131\u015fma blo\u011fu olarak anla\u015f\u0131labilir. <\/p>\n","protected":false},"excerpt":{"rendered":"<p>Alfred North Whitehead\u2019in 1933\u2019te Chicago\u2019da verdi\u011fi iki konferanstan olu\u015fan bu eser, do\u011fadaki de\u011fi\u015fimler ve s\u00fcreklilikler aras\u0131ndaki ili\u015fkiselli\u011fi ve b\u00fct\u00fcnsel bir ya\u015fam mefhumunun temellerini konu al\u0131yor. Birinci<span class=\"excerpt-hellip\"> [\u2026]<\/span><\/p>\n","protected":false},"featured_media":0,"template":"","meta":{"_monsterinsights_skip_tracking":false,"_monsterinsights_sitenote_active":false,"_monsterinsights_sitenote_note":"","_monsterinsights_sitenote_category":0},"product_brand":[],"product_cat":[12389,12388],"product_tag":[],"class_list":{"0":"post-747042","1":"product","2":"type-product","3":"status-publish","5":"product_cat-diger-felsefe","6":"product_cat-felsefe","7":"pa_cilt-ciltsiz","8":"pa_tur-kitap","9":"pa_yayinevi-say-yayinlari","10":"pa_yazar-alfred-north-whitehead","12":"first","13":"instock","14":"sale","15":"shipping-taxable","16":"purchasable","17":"product-type-simple"},"_links":{"self":[{"href":"https:\/\/roveyayinevi.com.tr\/index.php\/wp-json\/wp\/v2\/product\/747042","targetHints":{"allow":["GET"]}}],"collection":[{"href":"https:\/\/roveyayinevi.com.tr\/index.php\/wp-json\/wp\/v2\/product"}],"about":[{"href":"https:\/\/roveyayinevi.com.tr\/index.php\/wp-json\/wp\/v2\/types\/product"}],"wp:attachment":[{"href":"https:\/\/roveyayinevi.com.tr\/index.php\/wp-json\/wp\/v2\/media?parent=747042"}],"wp:term":[{"taxonomy":"product_brand","embeddable":true,"href":"https:\/\/roveyayinevi.com.tr\/index.php\/wp-json\/wp\/v2\/product_brand?post=747042"},{"taxonomy":"product_cat","embeddable":true,"href":"https:\/\/roveyayinevi.com.tr\/index.php\/wp-json\/wp\/v2\/product_cat?post=747042"},{"taxonomy":"product_tag","embeddable":true,"href":"https:\/\/roveyayinevi.com.tr\/index.php\/wp-json\/wp\/v2\/product_tag?post=747042"}],"curies":[{"name":"wp","href":"https:\/\/api.w.org\/{rel}","templated":true}]}}