{"id":747041,"date":"2025-08-28T02:57:45","date_gmt":"2025-08-27T23:57:45","guid":{"rendered":"https:\/\/roveyayinevi.com.tr\/index.php\/urun\/ahsap-cagi\/"},"modified":"2026-04-16T02:59:43","modified_gmt":"2026-04-15T23:59:43","slug":"ahsap-cagi","status":"publish","type":"product","link":"https:\/\/roveyayinevi.com.tr\/index.php\/urun\/ahsap-cagi\/","title":{"rendered":"Ah\u015fap \u00c7a\u011f\u0131"},"content":{"rendered":"<p>A\u011fa\u00e7larda ya\u015fayan k\u00fc\u00e7\u00fck primatlar\u0131n torunlar\u0131 nas\u0131l kendi ayaklar\u0131 \u00fczerinde durarak d\u00fcnyay\u0131 ele ge\u00e7irmeyi ba\u015fard\u0131lar? Roland Ennos Ah\u015fap \u00c7a\u011f\u0131\u2019nda insanl\u0131\u011f\u0131n ba\u015far\u0131s\u0131n\u0131n anahtar\u0131n\u0131n ah\u015fapla ili\u015fkimiz oldu\u011funu g\u00f6sterirken bizi, yuvalar\u0131n\u0131 a\u011fa\u00e7lar\u0131n aras\u0131na kuran b\u00fcy\u00fck maymunlardan, ate\u015f, bar\u0131nak, alet ve silahlar i\u00e7in tahtaya ba\u011f\u0131ml\u0131 olan ilk insanlara ve sonras\u0131nda tekerle\u011fin, k\u00e2\u011f\u0131d\u0131n ve matbaan\u0131n icad\u0131na nas\u0131l g\u00f6t\u00fcrd\u00fc\u011f\u00fcn\u00fc anlat\u0131yor. Ennos antropoloji, arkeoloji, mimarl\u0131k, tarih ve m\u00fchendislik alanlar\u0131ndaki mevcut kan\u0131tlar\u0131 yeniden yorumlayarak ah\u015fab\u0131n benzersiz \u00f6zelliklerden yararlanma becerimizin bedenlerimizi ve zihinlerimizi nas\u0131l \u015fekillendirdi\u011fini a\u00e7\u0131klarken bir yandan da sanayile\u015fmenin y\u0131k\u0131c\u0131 tablosunu g\u00f6zler \u00f6n\u00fcne sererek a\u011fa\u00e7lar\u0131 anlaman\u0131n geleneksel yollar\u0131n\u0131 yeniden ke\u015ffetmenin iklim de\u011fi\u015fikli\u011fi ile m\u00fccadele etmeye nas\u0131l yard\u0131mc\u0131 olabilece\u011fine ve ya\u015famlar\u0131m\u0131z\u0131 do\u011fayla nas\u0131l daha dengeli hale getirebilece\u011fimize dair \u00f6neriler sunuyor. <\/p>\n","protected":false},"excerpt":{"rendered":"<p>A\u011fa\u00e7larda ya\u015fayan k\u00fc\u00e7\u00fck primatlar\u0131n torunlar\u0131 nas\u0131l kendi ayaklar\u0131 \u00fczerinde durarak d\u00fcnyay\u0131 ele ge\u00e7irmeyi ba\u015fard\u0131lar? Roland Ennos Ah\u015fap \u00c7a\u011f\u0131\u2019nda insanl\u0131\u011f\u0131n ba\u015far\u0131s\u0131n\u0131n anahtar\u0131n\u0131n ah\u015fapla ili\u015fkimiz oldu\u011funu g\u00f6sterirken bizi,<span class=\"excerpt-hellip\"> [\u2026]<\/span><\/p>\n","protected":false},"featured_media":0,"template":"","meta":{"_monsterinsights_skip_tracking":false,"_monsterinsights_sitenote_active":false,"_monsterinsights_sitenote_note":"","_monsterinsights_sitenote_category":0},"product_brand":[],"product_cat":[12312,12304],"product_tag":[],"class_list":{"0":"post-747041","1":"product","2":"type-product","3":"status-publish","5":"product_cat-diger","6":"product_cat-tarih","7":"pa_cilt-ciltsiz","8":"pa_tur-kitap","9":"pa_yayinevi-say-yayinlari","10":"pa_yazar-roland-ennos","12":"first","13":"instock","14":"sale","15":"shipping-taxable","16":"purchasable","17":"product-type-simple"},"_links":{"self":[{"href":"https:\/\/roveyayinevi.com.tr\/index.php\/wp-json\/wp\/v2\/product\/747041","targetHints":{"allow":["GET"]}}],"collection":[{"href":"https:\/\/roveyayinevi.com.tr\/index.php\/wp-json\/wp\/v2\/product"}],"about":[{"href":"https:\/\/roveyayinevi.com.tr\/index.php\/wp-json\/wp\/v2\/types\/product"}],"wp:attachment":[{"href":"https:\/\/roveyayinevi.com.tr\/index.php\/wp-json\/wp\/v2\/media?parent=747041"}],"wp:term":[{"taxonomy":"product_brand","embeddable":true,"href":"https:\/\/roveyayinevi.com.tr\/index.php\/wp-json\/wp\/v2\/product_brand?post=747041"},{"taxonomy":"product_cat","embeddable":true,"href":"https:\/\/roveyayinevi.com.tr\/index.php\/wp-json\/wp\/v2\/product_cat?post=747041"},{"taxonomy":"product_tag","embeddable":true,"href":"https:\/\/roveyayinevi.com.tr\/index.php\/wp-json\/wp\/v2\/product_tag?post=747041"}],"curies":[{"name":"wp","href":"https:\/\/api.w.org\/{rel}","templated":true}]}}