{"id":747039,"date":"2025-08-28T02:57:42","date_gmt":"2025-08-27T23:57:42","guid":{"rendered":"https:\/\/roveyayinevi.com.tr\/index.php\/urun\/buyuk-yikim\/"},"modified":"2026-04-16T02:59:43","modified_gmt":"2026-04-15T23:59:43","slug":"buyuk-yikim","status":"publish","type":"product","link":"https:\/\/roveyayinevi.com.tr\/index.php\/urun\/buyuk-yikim\/","title":{"rendered":"B\u00fcy\u00fck Y\u0131k\u0131m"},"content":{"rendered":"<p>Uzun s\u00fcre seni arad\u0131m. Sular \u00e7ekildikten sonra enkaz \u00e7al\u0131\u015fmalar\u0131 ba\u015flad\u0131. Seni \u00e7ok sonra kurtard\u0131lar ve ya\u015fad\u0131\u011f\u0131n\u0131 \u00f6\u011frendi\u011fimde d\u00fcnyalar benim oldu. \u00c7ok zalimce; sen d\u0131\u015far\u0131da bir yerdesin ve sevdi\u011fin kad\u0131n enkaz\u0131n alt\u0131nda. Belki \u00f6ld\u00fc, belki de can \u00e7eki\u015fiyor. Ama kurtarma \u00e7al\u0131\u015fmalar\u0131 ba\u015flad\u0131\u011f\u0131 andan beri ben, senin ya\u015fad\u0131\u011f\u0131n apartman\u0131n \u00f6n\u00fcndeydim. Ellerimle kazd\u0131m.   Z. A. Y\u0131lmaz, beklenen \u0130stanbul depremine dair ya\u015fanmas\u0131 olas\u0131 ac\u0131lar\u0131, ya\u015fanmamas\u0131n\u0131 \u00fcmit ederek kaleme al\u0131yor. Y\u0131k\u0131nt\u0131lar\u0131n alt\u0131nda kalan bir a\u015fk\u0131n \u00e7evresinde \u015fekillenen bu \u00f6yk\u00fcde ya\u015fananlar, son derece ger\u00e7ek\u00e7i ve sars\u0131c\u0131\u2026<\/p>\n","protected":false},"excerpt":{"rendered":"<p>Uzun s\u00fcre seni arad\u0131m. Sular \u00e7ekildikten sonra enkaz \u00e7al\u0131\u015fmalar\u0131 ba\u015flad\u0131. Seni \u00e7ok sonra kurtard\u0131lar ve ya\u015fad\u0131\u011f\u0131n\u0131 \u00f6\u011frendi\u011fimde d\u00fcnyalar benim oldu. \u00c7ok zalimce; sen d\u0131\u015far\u0131da bir yerdesin<span class=\"excerpt-hellip\"> [\u2026]<\/span><\/p>\n","protected":false},"featured_media":0,"template":"","meta":{"_monsterinsights_skip_tracking":false,"_monsterinsights_sitenote_active":false,"_monsterinsights_sitenote_note":"","_monsterinsights_sitenote_category":0},"product_brand":[],"product_cat":[12291,18202],"product_tag":[],"class_list":{"0":"post-747039","1":"product","2":"type-product","3":"status-publish","5":"product_cat-edebiyat","6":"product_cat-hikaye","7":"pa_cilt-ciltsiz","8":"pa_tur-kitap","9":"pa_yayinevi-luna-yayinlari","10":"pa_yazar-zeynel-abidin-yilmaz","12":"first","13":"instock","14":"sale","15":"shipping-taxable","16":"purchasable","17":"product-type-simple"},"_links":{"self":[{"href":"https:\/\/roveyayinevi.com.tr\/index.php\/wp-json\/wp\/v2\/product\/747039","targetHints":{"allow":["GET"]}}],"collection":[{"href":"https:\/\/roveyayinevi.com.tr\/index.php\/wp-json\/wp\/v2\/product"}],"about":[{"href":"https:\/\/roveyayinevi.com.tr\/index.php\/wp-json\/wp\/v2\/types\/product"}],"wp:attachment":[{"href":"https:\/\/roveyayinevi.com.tr\/index.php\/wp-json\/wp\/v2\/media?parent=747039"}],"wp:term":[{"taxonomy":"product_brand","embeddable":true,"href":"https:\/\/roveyayinevi.com.tr\/index.php\/wp-json\/wp\/v2\/product_brand?post=747039"},{"taxonomy":"product_cat","embeddable":true,"href":"https:\/\/roveyayinevi.com.tr\/index.php\/wp-json\/wp\/v2\/product_cat?post=747039"},{"taxonomy":"product_tag","embeddable":true,"href":"https:\/\/roveyayinevi.com.tr\/index.php\/wp-json\/wp\/v2\/product_tag?post=747039"}],"curies":[{"name":"wp","href":"https:\/\/api.w.org\/{rel}","templated":true}]}}