{"id":747037,"date":"2025-08-28T02:57:39","date_gmt":"2025-08-27T23:57:39","guid":{"rendered":"https:\/\/roveyayinevi.com.tr\/index.php\/urun\/deli-kar\/"},"modified":"2026-04-16T02:59:43","modified_gmt":"2026-04-15T23:59:43","slug":"deli-kar","status":"publish","type":"product","link":"https:\/\/roveyayinevi.com.tr\/index.php\/urun\/deli-kar\/","title":{"rendered":"Deli Kar"},"content":{"rendered":"<p>Erdal abi k\u0131r\u0131k adam. Birileri zaman\u0131nda k\u0131rm\u0131\u015f, etrafa da\u011f\u0131lan par\u00e7alar\u0131n\u0131 toplay\u0131p, eksilen yerlerine \u00f6ylece koyuvermi\u015fler. Ellerini \u00e7ekip, d\u00fc\u015fer mi da\u011f\u0131l\u0131r m\u0131 diye beklemi\u015fler. Bakm\u0131\u015flar k\u0131m\u0131ldam\u0131yor, yap\u0131\u015ft\u0131rma gere\u011fi duymadan onu \u00f6ylece rafa kald\u0131r\u0131p uzakla\u015fm\u0131\u015flar yan\u0131ndan. Erdal abinin \u00e7atlaklar\u0131 b\u00f6yle olu\u015fmu\u015f. Yaln\u0131z kondu\u011fu rafa yana\u015f\u0131l\u0131p ele al\u0131n\u0131nca bilinmi\u015f k\u0131r\u0131kl\u0131\u011f\u0131. Bu y\u00fczden g\u00f6z\u00fcyle \u00e7atla\u011f\u0131 takip eden biri ancak fark edebilmi\u015f darbe ald\u0131\u011f\u0131 esas yerini. Ona da kim u\u011fra\u015facak?<\/p>\n","protected":false},"excerpt":{"rendered":"<p>Erdal abi k\u0131r\u0131k adam. Birileri zaman\u0131nda k\u0131rm\u0131\u015f, etrafa da\u011f\u0131lan par\u00e7alar\u0131n\u0131 toplay\u0131p, eksilen yerlerine \u00f6ylece koyuvermi\u015fler. Ellerini \u00e7ekip, d\u00fc\u015fer mi da\u011f\u0131l\u0131r m\u0131 diye beklemi\u015fler. Bakm\u0131\u015flar k\u0131m\u0131ldam\u0131yor, yap\u0131\u015ft\u0131rma<span class=\"excerpt-hellip\"> [\u2026]<\/span><\/p>\n","protected":false},"featured_media":0,"template":"","meta":{"_monsterinsights_skip_tracking":false,"_monsterinsights_sitenote_active":false,"_monsterinsights_sitenote_note":"","_monsterinsights_sitenote_category":0},"product_brand":[],"product_cat":[12291,18202],"product_tag":[],"class_list":{"0":"post-747037","1":"product","2":"type-product","3":"status-publish","5":"product_cat-edebiyat","6":"product_cat-hikaye","7":"pa_cilt-ciltsiz","8":"pa_tur-kitap","9":"pa_yayinevi-luna-yayinlari","10":"pa_yazar-deniz-longa","12":"first","13":"instock","14":"sale","15":"shipping-taxable","16":"purchasable","17":"product-type-simple"},"_links":{"self":[{"href":"https:\/\/roveyayinevi.com.tr\/index.php\/wp-json\/wp\/v2\/product\/747037","targetHints":{"allow":["GET"]}}],"collection":[{"href":"https:\/\/roveyayinevi.com.tr\/index.php\/wp-json\/wp\/v2\/product"}],"about":[{"href":"https:\/\/roveyayinevi.com.tr\/index.php\/wp-json\/wp\/v2\/types\/product"}],"wp:attachment":[{"href":"https:\/\/roveyayinevi.com.tr\/index.php\/wp-json\/wp\/v2\/media?parent=747037"}],"wp:term":[{"taxonomy":"product_brand","embeddable":true,"href":"https:\/\/roveyayinevi.com.tr\/index.php\/wp-json\/wp\/v2\/product_brand?post=747037"},{"taxonomy":"product_cat","embeddable":true,"href":"https:\/\/roveyayinevi.com.tr\/index.php\/wp-json\/wp\/v2\/product_cat?post=747037"},{"taxonomy":"product_tag","embeddable":true,"href":"https:\/\/roveyayinevi.com.tr\/index.php\/wp-json\/wp\/v2\/product_tag?post=747037"}],"curies":[{"name":"wp","href":"https:\/\/api.w.org\/{rel}","templated":true}]}}