{"id":747036,"date":"2025-08-28T02:57:37","date_gmt":"2025-08-27T23:57:37","guid":{"rendered":"https:\/\/roveyayinevi.com.tr\/index.php\/urun\/cobandan-mektuplar\/"},"modified":"2026-04-16T02:59:43","modified_gmt":"2026-04-15T23:59:43","slug":"cobandan-mektuplar","status":"publish","type":"product","link":"https:\/\/roveyayinevi.com.tr\/index.php\/urun\/cobandan-mektuplar\/","title":{"rendered":"\u00c7obandan Mektuplar"},"content":{"rendered":"<p>Okuyucular\u0131m\u0131n akl\u0131na gelecek sorular\u0131 tahmin edebiliyorum: Neden bir ba\u015fkas\u0131 de\u011fil de \u00e7oban?  \u00c7oban\u2019\u0131n ismi nedir? Nerede bulunuyor \u015fimdi?  \u00c7oban ger\u00e7ek mi, hayal mi? Hepsi de\u011fil amma baz\u0131 \u015feyler tesad\u00fcfle v\u00fccut bulurlar. Hakiki dostluklar\u0131n hay\u0131rl\u0131 tesad\u00fcflerle ba\u015flad\u0131\u011f\u0131na inan\u0131yorum. \u015eair olmam ve tan\u0131nmam dolay\u0131s\u0131 ile bir\u00e7ok insandan mektuplar al\u0131r\u0131m. Politikac\u0131s\u0131, edebiyat\u00e7\u0131s\u0131, di\u011fer meslekten \u00e7oklar\u0131 bana mektup yazd\u0131lar. O mektuplar\u0131 ne ben kitap h\u00e2line getirmeye ve okuyucuya sunmaya cesaret ederim ne de sizler isteyerek okursunuz \u00e7\u00fcnk\u00fc hepsi de bombo\u015ftular. Yani hep tortu s\u00f6zlerdi s\u00f6ylenenler fakat \u00e7oban insan\u0131 s\u00f6z ile doyurmas\u0131n\u0131 biliyordu. Mektuplar\u0131 s\u0131ras\u0131yla okudu\u011fumuz zaman nerelerden nerelere gitti\u011fini g\u00f6receksiniz. Ger\u00e7ekle s\u00fcslenmi\u015f hayaller, hayalle s\u00fcslenmi\u015f ger\u00e7ekler \u00e7oktur. \u00c7oban, f\u00e2ni bir ger\u00e7ektir. E\u011fer ger\u00e7ekle y\u00fcz y\u00fcze gelmemi\u015f olsayd\u0131m ve hayal\u00ee bir \u00e7oban tipi \u015fekillendirseydim bu kitaptaki mektuplar, de\u011fil sizleri beni de rahats\u0131z ederdi <\/p>\n","protected":false},"excerpt":{"rendered":"<p>Okuyucular\u0131m\u0131n akl\u0131na gelecek sorular\u0131 tahmin edebiliyorum: Neden bir ba\u015fkas\u0131 de\u011fil de \u00e7oban? \u00c7oban\u2019\u0131n ismi nedir? Nerede bulunuyor \u015fimdi? \u00c7oban ger\u00e7ek mi, hayal mi? Hepsi de\u011fil amma<span class=\"excerpt-hellip\"> [\u2026]<\/span><\/p>\n","protected":false},"featured_media":0,"template":"","meta":{"_monsterinsights_skip_tracking":false,"_monsterinsights_sitenote_active":false,"_monsterinsights_sitenote_note":"","_monsterinsights_sitenote_category":0},"product_brand":[],"product_cat":[13701,12291],"product_tag":[],"class_list":{"0":"post-747036","1":"product","2":"type-product","3":"status-publish","5":"product_cat-ani-mektup-gunluk","6":"product_cat-edebiyat","7":"pa_cilt-ciltsiz","8":"pa_tur-kitap","9":"pa_yayinevi-altinordu-yayinlari","10":"pa_yazar-abdurrahim-karakoc","12":"first","13":"instock","14":"sale","15":"shipping-taxable","16":"purchasable","17":"product-type-simple"},"_links":{"self":[{"href":"https:\/\/roveyayinevi.com.tr\/index.php\/wp-json\/wp\/v2\/product\/747036","targetHints":{"allow":["GET"]}}],"collection":[{"href":"https:\/\/roveyayinevi.com.tr\/index.php\/wp-json\/wp\/v2\/product"}],"about":[{"href":"https:\/\/roveyayinevi.com.tr\/index.php\/wp-json\/wp\/v2\/types\/product"}],"wp:attachment":[{"href":"https:\/\/roveyayinevi.com.tr\/index.php\/wp-json\/wp\/v2\/media?parent=747036"}],"wp:term":[{"taxonomy":"product_brand","embeddable":true,"href":"https:\/\/roveyayinevi.com.tr\/index.php\/wp-json\/wp\/v2\/product_brand?post=747036"},{"taxonomy":"product_cat","embeddable":true,"href":"https:\/\/roveyayinevi.com.tr\/index.php\/wp-json\/wp\/v2\/product_cat?post=747036"},{"taxonomy":"product_tag","embeddable":true,"href":"https:\/\/roveyayinevi.com.tr\/index.php\/wp-json\/wp\/v2\/product_tag?post=747036"}],"curies":[{"name":"wp","href":"https:\/\/api.w.org\/{rel}","templated":true}]}}