{"id":747035,"date":"2025-08-28T02:57:36","date_gmt":"2025-08-27T23:57:36","guid":{"rendered":"https:\/\/roveyayinevi.com.tr\/index.php\/urun\/tugce-isinsu-tum-kitaplari-seti-11-kitapask-kartlari-ve-muhabbet-dualari-hediyeli\/"},"modified":"2026-04-16T02:59:43","modified_gmt":"2026-04-15T23:59:43","slug":"tugce-isinsu-tum-kitaplari-seti-11-kitapask-kartlari-ve-muhabbet-dualari-hediyeli","status":"publish","type":"product","link":"https:\/\/roveyayinevi.com.tr\/index.php\/urun\/tugce-isinsu-tum-kitaplari-seti-11-kitapask-kartlari-ve-muhabbet-dualari-hediyeli\/","title":{"rendered":"Tu\u011f\u00e7e I\u015f\u0131nsu T\u00fcm Kitaplar\u0131 Seti (11 Kitap)+(A\u015fk Kartlar\u0131 ve Muhabbet Dualar\u0131 Hediyeli)"},"content":{"rendered":"<p>H\u0130\u00c7L\u0130KTEN GELEN G\u00dc\u00c7 OL DER VE OLUR MUC\u0130ZELER\u0130 \u00c7A\u011eIRMAK KISMET A\u015eK VE CAZ\u0130BE AKADEM\u0130S\u0130 BA\u015eTAN \u00c7IKARMANIN G\u00dcC\u00dc EL CAM\u0130 EL VEDUD ONU KEND\u0130NE A\u015eIK ET MELEKLER VE D\u00dcNYANIN KURTULU\u015eU N\u0130YET VE D\u0130LEK KARTLARI A\u015eK KARTLARI (HED\u0130YE) MUHABBET DUALARI (HED\u0130YE) <\/p>\n","protected":false},"excerpt":{"rendered":"<p>H\u0130\u00c7L\u0130KTEN GELEN G\u00dc\u00c7 OL DER VE OLUR MUC\u0130ZELER\u0130 \u00c7A\u011eIRMAK KISMET A\u015eK VE CAZ\u0130BE AKADEM\u0130S\u0130 BA\u015eTAN \u00c7IKARMANIN G\u00dcC\u00dc EL CAM\u0130 EL VEDUD ONU KEND\u0130NE A\u015eIK ET MELEKLER<span class=\"excerpt-hellip\"> [\u2026]<\/span><\/p>\n","protected":false},"featured_media":0,"template":"","meta":{"_monsterinsights_skip_tracking":false,"_monsterinsights_sitenote_active":false,"_monsterinsights_sitenote_note":"","_monsterinsights_sitenote_category":0},"product_brand":[],"product_cat":[28265,15563],"product_tag":[],"class_list":{"0":"post-747035","1":"product","2":"type-product","3":"status-publish","5":"product_cat-diger-hobi","6":"product_cat-hobi","7":"pa_cilt-set","8":"pa_tur-kitap","9":"pa_yayinevi-feniks-yayinlari","10":"pa_yazar-tugce-isinsu","12":"first","13":"instock","14":"sale","15":"shipping-taxable","16":"purchasable","17":"product-type-simple"},"_links":{"self":[{"href":"https:\/\/roveyayinevi.com.tr\/index.php\/wp-json\/wp\/v2\/product\/747035","targetHints":{"allow":["GET"]}}],"collection":[{"href":"https:\/\/roveyayinevi.com.tr\/index.php\/wp-json\/wp\/v2\/product"}],"about":[{"href":"https:\/\/roveyayinevi.com.tr\/index.php\/wp-json\/wp\/v2\/types\/product"}],"wp:attachment":[{"href":"https:\/\/roveyayinevi.com.tr\/index.php\/wp-json\/wp\/v2\/media?parent=747035"}],"wp:term":[{"taxonomy":"product_brand","embeddable":true,"href":"https:\/\/roveyayinevi.com.tr\/index.php\/wp-json\/wp\/v2\/product_brand?post=747035"},{"taxonomy":"product_cat","embeddable":true,"href":"https:\/\/roveyayinevi.com.tr\/index.php\/wp-json\/wp\/v2\/product_cat?post=747035"},{"taxonomy":"product_tag","embeddable":true,"href":"https:\/\/roveyayinevi.com.tr\/index.php\/wp-json\/wp\/v2\/product_tag?post=747035"}],"curies":[{"name":"wp","href":"https:\/\/api.w.org\/{rel}","templated":true}]}}