{"id":747034,"date":"2025-08-28T02:57:35","date_gmt":"2025-08-27T23:57:35","guid":{"rendered":"https:\/\/roveyayinevi.com.tr\/index.php\/urun\/ama-gitme-lavinia-2\/"},"modified":"2026-04-16T02:59:43","modified_gmt":"2026-04-15T23:59:43","slug":"ama-gitme-lavinia-2","status":"publish","type":"product","link":"https:\/\/roveyayinevi.com.tr\/index.php\/urun\/ama-gitme-lavinia-2\/","title":{"rendered":"Ama Gitme, Lavinia 2"},"content":{"rendered":"<p>\u201cKuyruklu y\u0131ld\u0131z,\u201d dedi. G\u00f6z k\u0131rpt\u0131. \u201cTutun bana, seni \u00e7\u0131karmaya geldim.\u201d  Leyla i\u00e7in art\u0131k ka\u00e7\u0131\u015f sona ermi\u015ftir. A\u015fka teslim olmaya, Baran\u2019\u0131n elini tutmaya, korkular\u0131n\u0131 yenmeye ve mutlulu\u011fun kap\u0131s\u0131n\u0131 aralamaya haz\u0131rd\u0131r. Aylar \u00f6nce, Baran\u2019\u0131n hen\u00fcz bir yabanc\u0131yken ona otur yaz dedi\u011fi roman\u0131 yazm\u0131\u015ft\u0131r ve kitab\u0131n\u0131 eline almak i\u00e7in g\u00fcn say\u0131yordur.   Hayat\u0131n\u0131 bir kez daha de\u011fi\u015ftirecek yepyeni bir karar\u0131n e\u015fi\u011fine geldi\u011finden ise habersizdir. Onlar\u0131 binlerce mil uzakta, d\u00fcnyan\u0131n ba\u015fka bir ucunda yeniden bir araya getiren evrenin, Leyla ve Baran\u2019a son bir s\u00fcrprizi vard\u0131r. Leyla\u2019n\u0131n roman\u0131ndan uyarlayarak kaleme ald\u0131\u011f\u0131 tiyatro oyununda oynamas\u0131 i\u00e7in se\u00e7ilen ki\u015fi, Baran\u2019\u0131n eski sevgilisi G\u00f6zde\u2019den ba\u015fkas\u0131 de\u011fildir. Zorlu bir \u00e7eli\u015fkinin i\u00e7ine d\u00fc\u015fen iki \u00e2\u015f\u0131k, bu sisin i\u00e7inden de beraber, el ele \u00e7\u0131kabilecek midir? Yoksa y\u0131ld\u0131zlar\u0131 yerlerinden kayd\u0131ran a\u015fk, Leyla ve Baran\u2019\u0131 bir kara delik gibi i\u00e7ine mi \u00e7ekecektir?  A\u015fk, kendi yolunu \u00e7izebilir mi? Mesafeleri s\u0131f\u0131rlayabilir mi? A\u015fk affeder mi ve affettirir mi? Ama gitme, Lavinia. Hayal edenlerin, umut edenlerin, korkular\u0131n\u0131 yenenlerin ve a\u015fkla iyile\u015fenlerin hik\u00e2yesi\u2026<\/p>\n","protected":false},"excerpt":{"rendered":"<p>\u201cKuyruklu y\u0131ld\u0131z,\u201d dedi. G\u00f6z k\u0131rpt\u0131. \u201cTutun bana, seni \u00e7\u0131karmaya geldim.\u201d Leyla i\u00e7in art\u0131k ka\u00e7\u0131\u015f sona ermi\u015ftir. A\u015fka teslim olmaya, Baran\u2019\u0131n elini tutmaya, korkular\u0131n\u0131 yenmeye ve mutlulu\u011fun<span class=\"excerpt-hellip\"> [\u2026]<\/span><\/p>\n","protected":false},"featured_media":0,"template":"","meta":{"_monsterinsights_skip_tracking":false,"_monsterinsights_sitenote_active":false,"_monsterinsights_sitenote_note":"","_monsterinsights_sitenote_category":0},"product_brand":[],"product_cat":[12291,18202],"product_tag":[],"class_list":{"0":"post-747034","1":"product","2":"type-product","3":"status-publish","5":"product_cat-edebiyat","6":"product_cat-hikaye","7":"pa_cilt-ciltsiz","8":"pa_tur-kitap","9":"pa_yayinevi-artemis-yayinlari","10":"pa_yazar-elif-oner","12":"first","13":"instock","14":"sale","15":"shipping-taxable","16":"purchasable","17":"product-type-simple"},"_links":{"self":[{"href":"https:\/\/roveyayinevi.com.tr\/index.php\/wp-json\/wp\/v2\/product\/747034","targetHints":{"allow":["GET"]}}],"collection":[{"href":"https:\/\/roveyayinevi.com.tr\/index.php\/wp-json\/wp\/v2\/product"}],"about":[{"href":"https:\/\/roveyayinevi.com.tr\/index.php\/wp-json\/wp\/v2\/types\/product"}],"wp:attachment":[{"href":"https:\/\/roveyayinevi.com.tr\/index.php\/wp-json\/wp\/v2\/media?parent=747034"}],"wp:term":[{"taxonomy":"product_brand","embeddable":true,"href":"https:\/\/roveyayinevi.com.tr\/index.php\/wp-json\/wp\/v2\/product_brand?post=747034"},{"taxonomy":"product_cat","embeddable":true,"href":"https:\/\/roveyayinevi.com.tr\/index.php\/wp-json\/wp\/v2\/product_cat?post=747034"},{"taxonomy":"product_tag","embeddable":true,"href":"https:\/\/roveyayinevi.com.tr\/index.php\/wp-json\/wp\/v2\/product_tag?post=747034"}],"curies":[{"name":"wp","href":"https:\/\/api.w.org\/{rel}","templated":true}]}}