{"id":747029,"date":"2025-08-28T02:56:53","date_gmt":"2025-08-27T23:56:53","guid":{"rendered":"https:\/\/roveyayinevi.com.tr\/index.php\/urun\/bu-kimin-hikayesi-eski-catismalar-yeni-tartismalar\/"},"modified":"2026-04-16T02:59:43","modified_gmt":"2026-04-15T23:59:43","slug":"bu-kimin-hikayesi-eski-catismalar-yeni-tartismalar","status":"publish","type":"product","link":"https:\/\/roveyayinevi.com.tr\/index.php\/urun\/bu-kimin-hikayesi-eski-catismalar-yeni-tartismalar\/","title":{"rendered":"Bu Kimin Hikayesi? Eski \u00c7at\u0131\u015fmalar, Yeni Tart\u0131\u015fmalar"},"content":{"rendered":"<p>\u201cUmutluyum, \u00e7\u00fcnk\u00fc yoksullu\u011fun nedenleri, iklim de\u011fi\u015fikli\u011fi ger\u00e7e\u011fi ya da kad\u0131nlar\u0131n e\u015fitli\u011fi s\u00f6z konusu oldu\u011funda hakikati anlatan, bizim hik\u00e2yelerimiz. Umutluyum, \u00e7\u00fcnk\u00fc bu hik\u00e2yeler daha fazla insan\u0131 bize kat\u0131lmaya y\u00fcreklendiriyor.\u201d   G\u00fcn\u00fcm\u00fczde anlat\u0131lan hik\u00e2yelere son \u015feklini kimler verecek? \u0130\u015fte g\u00fcn\u00fcm\u00fczde bu \u00f6nemli g\u00fcce sahip olmak isteyenler aras\u0131nda b\u00fcy\u00fck bir m\u00fccadele h\u00fck\u00fcm s\u00fcr\u00fcyor: Kad\u0131nlar, beyaz ya da heteroseks\u00fcel olmayan insanlar kendilerine ait olan ba\u015fka ba\u015fka hik\u00e2yeler anlat\u0131rken erkekler, \u00f6zellikle de beyaz erkekler \u00f6teden beri anlat\u0131lan eski hik\u00e2yelere ve kendi merkezi konumlar\u0131na s\u0131k\u0131 s\u0131k\u0131ya tutunmaya \u00e7al\u0131\u015f\u0131yorlar. Bu Kimin Hik\u00e2yesi?\u2019nde Rebecca Solnit, son y\u0131llarda ortaya \u00e7\u0131kan #MeToo, #BlackLivesMatter ve benzeri hareketleri tarihi bir perspektife oturturken, bu t\u00fcr de\u011fi\u015fimlerin ortaya \u00e7\u0131kmas\u0131 i\u00e7in cesaret ve kararl\u0131l\u0131k g\u00f6sterenleri, kar\u0131nca karar\u0131nca yap\u0131lan katk\u0131lar\u0131n birikimsel etkilerini ele alarak bize umut dolu bir hik\u00e2ye anlat\u0131yor.   Bundan neredeyse yetmi\u015f y\u0131l \u00f6nce Alabama\u2019da otob\u00fcsteki yerinden kalkmayan Rosa Parks\u2019\u0131n bug\u00fcn\u00fcn aktivistlerinden Greta Thunberg\u2019e ilham verebildi\u011fine dikkat \u00e7eken Solnit, ba\u015far\u0131s\u0131zl\u0131\u011fa mahk\u00fbm g\u00f6r\u00fclen c\u0131l\u0131z eylemlerin bile, yads\u0131namayacak bir hakk\u0131 savunuyorsa mutlaka bir sonu\u00e7 do\u011furaca\u011f\u0131n\u0131 s\u00f6yl\u00fcyor. Onun yaz\u0131lar\u0131n\u0131 okuyunca y\u00fcrekleniyorsunuz, Solnit bizi ger\u00e7ek\u00e7i hik\u00e2yelerle nas\u0131l g\u00fc\u00e7lendirece\u011fini biliyor.   <\/p>\n","protected":false},"excerpt":{"rendered":"<p>\u201cUmutluyum, \u00e7\u00fcnk\u00fc yoksullu\u011fun nedenleri, iklim de\u011fi\u015fikli\u011fi ger\u00e7e\u011fi ya da kad\u0131nlar\u0131n e\u015fitli\u011fi s\u00f6z konusu oldu\u011funda hakikati anlatan, bizim hik\u00e2yelerimiz. Umutluyum, \u00e7\u00fcnk\u00fc bu hik\u00e2yeler daha fazla insan\u0131 bize<span class=\"excerpt-hellip\"> [\u2026]<\/span><\/p>\n","protected":false},"featured_media":0,"template":"","meta":{"_monsterinsights_skip_tracking":false,"_monsterinsights_sitenote_active":false,"_monsterinsights_sitenote_note":"","_monsterinsights_sitenote_category":0},"product_brand":[],"product_cat":[12777,12291],"product_tag":[],"class_list":{"0":"post-747029","1":"product","2":"type-product","3":"status-publish","5":"product_cat-deneme","6":"product_cat-edebiyat","7":"pa_cilt-ciltsiz","8":"pa_tur-kitap","9":"pa_yayinevi-minotor-kitap","10":"pa_yazar-rebecca-solnit","12":"first","13":"instock","14":"sale","15":"shipping-taxable","16":"purchasable","17":"product-type-simple"},"_links":{"self":[{"href":"https:\/\/roveyayinevi.com.tr\/index.php\/wp-json\/wp\/v2\/product\/747029","targetHints":{"allow":["GET"]}}],"collection":[{"href":"https:\/\/roveyayinevi.com.tr\/index.php\/wp-json\/wp\/v2\/product"}],"about":[{"href":"https:\/\/roveyayinevi.com.tr\/index.php\/wp-json\/wp\/v2\/types\/product"}],"wp:attachment":[{"href":"https:\/\/roveyayinevi.com.tr\/index.php\/wp-json\/wp\/v2\/media?parent=747029"}],"wp:term":[{"taxonomy":"product_brand","embeddable":true,"href":"https:\/\/roveyayinevi.com.tr\/index.php\/wp-json\/wp\/v2\/product_brand?post=747029"},{"taxonomy":"product_cat","embeddable":true,"href":"https:\/\/roveyayinevi.com.tr\/index.php\/wp-json\/wp\/v2\/product_cat?post=747029"},{"taxonomy":"product_tag","embeddable":true,"href":"https:\/\/roveyayinevi.com.tr\/index.php\/wp-json\/wp\/v2\/product_tag?post=747029"}],"curies":[{"name":"wp","href":"https:\/\/api.w.org\/{rel}","templated":true}]}}