{"id":747027,"date":"2025-08-28T02:56:51","date_gmt":"2025-08-27T23:56:51","guid":{"rendered":"https:\/\/roveyayinevi.com.tr\/index.php\/urun\/meraklisina-yonetim\/"},"modified":"2026-04-16T02:59:43","modified_gmt":"2026-04-15T23:59:43","slug":"meraklisina-yonetim","status":"publish","type":"product","link":"https:\/\/roveyayinevi.com.tr\/index.php\/urun\/meraklisina-yonetim\/","title":{"rendered":"Merakl\u0131s\u0131na Y\u00f6netim"},"content":{"rendered":"<p>Merakl\u0131s\u0131na Y\u00f6netim, modern y\u00f6neticili\u011fin ilke ve uygulamalar\u0131na de\u011finen basit, anla\u015f\u0131l\u0131r bir ilk ad\u0131m.    Cadbury ve Enron krizlerindeki insan y\u00f6netiminden \u00c7in\u2019deki k\u0131zarm\u0131\u015f tavuk pazarlamas\u0131na kadar geni\u015f yelpazedeki bir\u00e7ok \u00f6rnekten faydalanan bu kitap, i\u015fletme stratejisi ve hedeflere ula\u015fmak i\u00e7in y\u00f6netimin nas\u0131l kullan\u0131laca\u011f\u0131, ba\u015far\u0131l\u0131 pazarlaman\u0131n nas\u0131l i\u015fleyece\u011fi, \u015firket finansman\u0131n\u0131n temelleri, insan kaynaklar\u0131 y\u00f6netiminin rol\u00fc gibi kilit noktalar\u0131 a\u00e7\u0131kl\u0131yor. Sorumlu y\u00f6netim ve \u00e7evresel bask\u0131lar dahil olmak \u00fczere y\u00f6netim d\u00fc\u015f\u00fcncesindeki genel ilerlemeleri dikkate alarak Covid-19 pandemisi sonras\u0131nda g\u00fcndeme daha s\u0131k gelen sa\u011fl\u0131k ve esenlik konular\u0131na da de\u011finiyor.    Y\u00f6netim d\u00fc\u015f\u00fcncesini en yeni ak\u0131mlar ve e\u011filimlerle g\u00fcn\u00fcm\u00fcze ta\u015f\u0131yan bu rahat anla\u015f\u0131l\u0131r, okunmaya de\u011fer metin, i\u015fletme ve y\u00f6netim hakk\u0131nda bilgi sahibi olmak isteyen herkes i\u00e7in ideal bir ba\u015flang\u0131\u00e7 noktas\u0131.   <\/p>\n","protected":false},"excerpt":{"rendered":"<p>Merakl\u0131s\u0131na Y\u00f6netim, modern y\u00f6neticili\u011fin ilke ve uygulamalar\u0131na de\u011finen basit, anla\u015f\u0131l\u0131r bir ilk ad\u0131m. Cadbury ve Enron krizlerindeki insan y\u00f6netiminden \u00c7in\u2019deki k\u0131zarm\u0131\u015f tavuk pazarlamas\u0131na kadar geni\u015f yelpazedeki<span class=\"excerpt-hellip\"> [\u2026]<\/span><\/p>\n","protected":false},"featured_media":0,"template":"","meta":{"_monsterinsights_skip_tracking":false,"_monsterinsights_sitenote_active":false,"_monsterinsights_sitenote_note":"","_monsterinsights_sitenote_category":0},"product_brand":[],"product_cat":[13043,19008],"product_tag":[],"class_list":{"0":"post-747027","1":"product","2":"type-product","3":"status-publish","5":"product_cat-ekonomi","6":"product_cat-yonetim","7":"pa_cilt-ciltsiz","8":"pa_tur-kitap","9":"pa_yayinevi-nova-kitap","10":"pa_yazar-morgen-witzel","12":"first","13":"instock","14":"sale","15":"shipping-taxable","16":"purchasable","17":"product-type-simple"},"_links":{"self":[{"href":"https:\/\/roveyayinevi.com.tr\/index.php\/wp-json\/wp\/v2\/product\/747027","targetHints":{"allow":["GET"]}}],"collection":[{"href":"https:\/\/roveyayinevi.com.tr\/index.php\/wp-json\/wp\/v2\/product"}],"about":[{"href":"https:\/\/roveyayinevi.com.tr\/index.php\/wp-json\/wp\/v2\/types\/product"}],"wp:attachment":[{"href":"https:\/\/roveyayinevi.com.tr\/index.php\/wp-json\/wp\/v2\/media?parent=747027"}],"wp:term":[{"taxonomy":"product_brand","embeddable":true,"href":"https:\/\/roveyayinevi.com.tr\/index.php\/wp-json\/wp\/v2\/product_brand?post=747027"},{"taxonomy":"product_cat","embeddable":true,"href":"https:\/\/roveyayinevi.com.tr\/index.php\/wp-json\/wp\/v2\/product_cat?post=747027"},{"taxonomy":"product_tag","embeddable":true,"href":"https:\/\/roveyayinevi.com.tr\/index.php\/wp-json\/wp\/v2\/product_tag?post=747027"}],"curies":[{"name":"wp","href":"https:\/\/api.w.org\/{rel}","templated":true}]}}