{"id":747026,"date":"2025-08-28T02:56:50","date_gmt":"2025-08-27T23:56:50","guid":{"rendered":"https:\/\/roveyayinevi.com.tr\/index.php\/urun\/iyi-insanlar-yetistirmek\/"},"modified":"2026-04-16T02:59:43","modified_gmt":"2026-04-15T23:59:43","slug":"iyi-insanlar-yetistirmek","status":"publish","type":"product","link":"https:\/\/roveyayinevi.com.tr\/index.php\/urun\/iyi-insanlar-yetistirmek\/","title":{"rendered":"\u0130yi \u0130nsanlar Yeti\u015ftirmek"},"content":{"rendered":"<p>Kayda de\u011fer bir ki\u015fisel geli\u015fim mi istiyorsunuz? Okul\u00f6ncesi bir \u00e7ocukla ge\u00e7irilen alt\u0131 ay, bir da\u011f\u0131n tepesinde tek ba\u015f\u0131na ge\u00e7irilen y\u0131llardan daha etkili olabilir.   Daha kibar ve \u015fefkatli bir d\u00fcnyan\u0131n yolu, daha kibar ve \u015fefkatli \u00e7ocuklar yeti\u015ftirmekten ge\u00e7er. \u0130ster \u00e7ocu\u011funuzun okula ge\u00e7 kalmas\u0131n\u0131 \u00f6nlemek, ister sebze yemesini sa\u011flamak ya da ister bir marketin orta yerinde sinir krizine giren \u00e7ocu\u011funuzla ba\u015f etmeye \u00e7al\u0131\u015fmak olsun\u2026 ebeveynlik zor bir i\u015f. Ve \u00e7o\u011fu zaman, ebeveynler stres alt\u0131nda oldu\u011fu i\u00e7in tepkisel davranabilir. Peki ya, bu \u015fekilde ani tepkiler vermek yerine o anda durup d\u00fc\u015f\u00fcnmeyi, sakinli\u011finizi korumay\u0131 ve olaylar\u0131 ad\u0131m ad\u0131m ele almay\u0131 \u00f6\u011frenebilseydiniz?   \u0130yi \u0130nsanlar Yeti\u015ftirmek, stres tepkilerinizi kontrol etmeniz, \u00e7ocu\u011funuzla ba\u011f kurarak \u00e7at\u0131\u015fmalar\u0131 \u00e7\u00f6zmeniz, hem \u00e7ocu\u011funuzun sorunlar\u0131 ve gereksinimlerini anlaman\u0131z hem de kendi gereksinimlerinizi \u00e7ocu\u011funuza do\u011fru \u015fekilde aktarabilmeniz i\u00e7in ihtiyac\u0131n\u0131z olan ileti\u015fim becerilerini g\u00f6zler \u00f6n\u00fcne seriyor. Ayr\u0131ca kendi yeti\u015ftirilme tarz\u0131n\u0131zdan kaynaklanan \u201ctepkisel\u201d ebeveynlik al\u0131\u015fkanl\u0131klar\u0131ndan kurtulman\u0131n ve kibar, i\u015fbirlik\u00e7i ve kendine g\u00fcvenen \u00e7ocuklar yeti\u015ftirmenin g\u00fc\u00e7l\u00fc ve pratik yollar\u0131n\u0131 sunuyor.   \u201cB\u00fcy\u00fctmeyi umdu\u011fumuz \u00e7ocuklar\u0131 yeti\u015ftirmek i\u00e7in, olmay\u0131 umdu\u011fumuz ki\u015fi olmay\u0131 \u00f6\u011frenmeliyiz\u2026. Bu harika kitap, bu yolculu\u011fun \u00fcstesinden gelmenize yard\u0131mc\u0131 olacak.\u201d \u2014KJ Dell\u2019Antonia, How to Be a Happier Parent kitab\u0131n\u0131n yazar\u0131   \u201c\u00c7ocuklar\u0131n\u0131zla ili\u015fkilerinizi d\u00f6n\u00fc\u015ft\u00fcrmek i\u00e7in net ve do\u011frudan bir rehber. Sa\u011fl\u0131kl\u0131 ebeveynli\u011fin, kendinizin fark\u0131nda olma ve \u00e7ocuklar\u0131n\u0131z i\u00e7in istediklerinizi somutla\u015ft\u0131rma beceriniz sayesinde ger\u00e7ekle\u015fti\u011fini g\u00f6steriyor.\u201d \u2013Oran Jay Sofer, Bilin\u00e7li ve \u015eiddetsiz \u0130leti\u015fim kitab\u0131n\u0131n yazar\u0131   \u201cHunter Clarke-Fields, ebeveynlerin bar\u0131\u015f\u00e7\u0131l aileler yaratmas\u0131na yard\u0131mc\u0131 olmak i\u00e7in bilgeli\u011fini ve ki\u015fisel deneyimini payla\u015ft\u0131\u011f\u0131 bu kitapta, kendi duygusal dengenizi korurken \u00e7ocuk yeti\u015ftirmenin h\u0131z trenine binme becerinizi geli\u015ftireceksiniz.\u201d \u2013Joanna Faber ve Julie King, Anne Baba L\u00fctfen Bana K\u0131zma kitab\u0131n\u0131n yazarlar\u0131   \u201cBilin\u00e7li ebeveynlik i\u00e7in ak\u0131ll\u0131ca ve yepyeni bir yakla\u015f\u0131m.\u201d \u2013Dr. Tara Brach, Ko\u015fulsuz \u015eefkat kitab\u0131n\u0131n yazar\u0131 <\/p>\n","protected":false},"excerpt":{"rendered":"<p>Kayda de\u011fer bir ki\u015fisel geli\u015fim mi istiyorsunuz? Okul\u00f6ncesi bir \u00e7ocukla ge\u00e7irilen alt\u0131 ay, bir da\u011f\u0131n tepesinde tek ba\u015f\u0131na ge\u00e7irilen y\u0131llardan daha etkili olabilir. Daha kibar ve<span class=\"excerpt-hellip\"> [\u2026]<\/span><\/p>\n","protected":false},"featured_media":0,"template":"","meta":{"_monsterinsights_skip_tracking":false,"_monsterinsights_sitenote_active":false,"_monsterinsights_sitenote_note":"","_monsterinsights_sitenote_category":0},"product_brand":[],"product_cat":[12831,12324],"product_tag":[],"class_list":{"0":"post-747026","1":"product","2":"type-product","3":"status-publish","5":"product_cat-aile-ve-cocuk","6":"product_cat-sosyoloji","7":"pa_cilt-ciltsiz","8":"pa_tur-kitap","9":"pa_yayinevi-nova-kitap","10":"pa_yazar-hunter-clarke-fields","12":"first","13":"instock","14":"sale","15":"shipping-taxable","16":"purchasable","17":"product-type-simple"},"_links":{"self":[{"href":"https:\/\/roveyayinevi.com.tr\/index.php\/wp-json\/wp\/v2\/product\/747026","targetHints":{"allow":["GET"]}}],"collection":[{"href":"https:\/\/roveyayinevi.com.tr\/index.php\/wp-json\/wp\/v2\/product"}],"about":[{"href":"https:\/\/roveyayinevi.com.tr\/index.php\/wp-json\/wp\/v2\/types\/product"}],"wp:attachment":[{"href":"https:\/\/roveyayinevi.com.tr\/index.php\/wp-json\/wp\/v2\/media?parent=747026"}],"wp:term":[{"taxonomy":"product_brand","embeddable":true,"href":"https:\/\/roveyayinevi.com.tr\/index.php\/wp-json\/wp\/v2\/product_brand?post=747026"},{"taxonomy":"product_cat","embeddable":true,"href":"https:\/\/roveyayinevi.com.tr\/index.php\/wp-json\/wp\/v2\/product_cat?post=747026"},{"taxonomy":"product_tag","embeddable":true,"href":"https:\/\/roveyayinevi.com.tr\/index.php\/wp-json\/wp\/v2\/product_tag?post=747026"}],"curies":[{"name":"wp","href":"https:\/\/api.w.org\/{rel}","templated":true}]}}