{"id":747025,"date":"2025-08-28T02:56:48","date_gmt":"2025-08-27T23:56:48","guid":{"rendered":"https:\/\/roveyayinevi.com.tr\/index.php\/urun\/ben-kisaca-serlok-2-lanetin-gizemi\/"},"modified":"2026-04-16T02:59:42","modified_gmt":"2026-04-15T23:59:42","slug":"ben-kisaca-serlok-2-lanetin-gizemi","status":"publish","type":"product","link":"https:\/\/roveyayinevi.com.tr\/index.php\/urun\/ben-kisaca-serlok-2-lanetin-gizemi\/","title":{"rendered":"Ben K\u0131saca \u015eerLok -2 Lanetin Gizemi"},"content":{"rendered":"<p>Dedektiflik becerileriyle ger\u00e7e\u011fe ula\u015fmaya, zor sorular\u0131 ve \u00e7\u00f6z\u00fcms\u00fcz g\u00f6r\u00fcnen sorunlar\u0131 \u00e7\u00f6zmeye bay\u0131lan \u015eermin Lokman, k\u0131saca \u015eerLok, yeni bir gizemin pe\u015finde!   Problem Kutusu\u2019ndan \u00e7\u0131kan \u015fifreli mesaj onu terk edilmi\u015f, eski bir evin \u00f6n\u00fcne g\u00f6t\u00fcrd\u00fc\u011f\u00fcnde \u015eermin ne olup bitti\u011fini anlamak i\u00e7in hevesle i\u015fe giri\u015fir! Geli\u015fmi\u015f g\u00f6zlem yetene\u011fi, cesareti ve ona bu macera boyunca e\u015flik eden, biraz g\u0131c\u0131k oldu\u011fu Hakan\u2019la birlikte bakal\u0131m \u015eermin bu evin \u00fczerinde dola\u015fan lanetin gizemini \u00e7\u00f6zebilecek mi?   Hadi siz de sayfalar\u0131n aras\u0131nda sizi bekleyen sorularda ba\u011flant\u0131lar\u0131 kurun, alternatifleri d\u00fc\u015f\u00fcn\u00fcn, tahminler y\u00fcr\u00fct\u00fcn, g\u00f6r\u00fcnmeyeni g\u00f6r\u00fcn ve \u015eermin gibi harika bir dedektif oldu\u011funuzu kan\u0131tlay\u0131n! <\/p>\n","protected":false},"excerpt":{"rendered":"<p>Dedektiflik becerileriyle ger\u00e7e\u011fe ula\u015fmaya, zor sorular\u0131 ve \u00e7\u00f6z\u00fcms\u00fcz g\u00f6r\u00fcnen sorunlar\u0131 \u00e7\u00f6zmeye bay\u0131lan \u015eermin Lokman, k\u0131saca \u015eerLok, yeni bir gizemin pe\u015finde! Problem Kutusu\u2019ndan \u00e7\u0131kan \u015fifreli mesaj onu<span class=\"excerpt-hellip\"> [\u2026]<\/span><\/p>\n","protected":false},"featured_media":0,"template":"","meta":{"_monsterinsights_skip_tracking":false,"_monsterinsights_sitenote_active":false,"_monsterinsights_sitenote_note":"","_monsterinsights_sitenote_category":0},"product_brand":[],"product_cat":[12274,12284],"product_tag":[],"class_list":{"0":"post-747025","1":"product","2":"type-product","3":"status-publish","5":"product_cat-cocuk-ve-genclik-kitaplari","6":"product_cat-hikayeler","7":"pa_cilt-ciltsiz","8":"pa_tur-kitap","9":"pa_yayinevi-ithaki-yayinlari","10":"pa_yazar-asaf-ekin-yesil","12":"first","13":"instock","14":"sale","15":"shipping-taxable","16":"purchasable","17":"product-type-simple"},"_links":{"self":[{"href":"https:\/\/roveyayinevi.com.tr\/index.php\/wp-json\/wp\/v2\/product\/747025","targetHints":{"allow":["GET"]}}],"collection":[{"href":"https:\/\/roveyayinevi.com.tr\/index.php\/wp-json\/wp\/v2\/product"}],"about":[{"href":"https:\/\/roveyayinevi.com.tr\/index.php\/wp-json\/wp\/v2\/types\/product"}],"wp:attachment":[{"href":"https:\/\/roveyayinevi.com.tr\/index.php\/wp-json\/wp\/v2\/media?parent=747025"}],"wp:term":[{"taxonomy":"product_brand","embeddable":true,"href":"https:\/\/roveyayinevi.com.tr\/index.php\/wp-json\/wp\/v2\/product_brand?post=747025"},{"taxonomy":"product_cat","embeddable":true,"href":"https:\/\/roveyayinevi.com.tr\/index.php\/wp-json\/wp\/v2\/product_cat?post=747025"},{"taxonomy":"product_tag","embeddable":true,"href":"https:\/\/roveyayinevi.com.tr\/index.php\/wp-json\/wp\/v2\/product_tag?post=747025"}],"curies":[{"name":"wp","href":"https:\/\/api.w.org\/{rel}","templated":true}]}}