{"id":747022,"date":"2025-08-28T02:56:44","date_gmt":"2025-08-27T23:56:44","guid":{"rendered":"https:\/\/roveyayinevi.com.tr\/index.php\/urun\/her-sey-mumkun-baris\/"},"modified":"2026-04-16T02:59:42","modified_gmt":"2026-04-15T23:59:42","slug":"her-sey-mumkun-baris","status":"publish","type":"product","link":"https:\/\/roveyayinevi.com.tr\/index.php\/urun\/her-sey-mumkun-baris\/","title":{"rendered":"Her \u015eey M\u00fcmk\u00fcn &#8211; Bar\u0131\u015f"},"content":{"rendered":"<p>T\u00fcm ya\u015fam\u0131n\u0131z\u0131, birikiminizi, ailenizi, dostlar\u0131n\u0131z\u0131 geride b\u0131rak\u0131p yeni bir hayata ba\u015flamak nas\u0131l olurdu? Bu kitapta her \u015feyi geride b\u0131rakan gen\u00e7 bir kad\u0131n\u0131n tek y\u00f6n biletle geldi\u011fi yabanc\u0131 bir \u00fclkede hayata s\u0131f\u0131rdan ba\u015flay\u0131\u015f\u0131n\u0131n \u00e7arp\u0131c\u0131 hik\u00e2yesi anlat\u0131l\u0131yor.  Eski e\u015finden, ailesinden ka\u00e7\u0131p Avustralya\u2019ya gelen kahraman\u0131m\u0131z Bar\u0131\u015f hi\u00e7 bilmedi\u011fi bu topraklarda dostlu\u011fu, a\u015fk\u0131 ke\u015ffederken kendini yeniden var etme, k\u00fcllerinden do\u011fma kavgas\u0131 veriyor. Bar\u0131\u015f, yeni hayat\u0131n\u0131 t\u0131rnaklar\u0131yla kaz\u0131yarak kurmaya \u00e7al\u0131\u015f\u0131rken, geride b\u0131rakt\u0131\u011f\u0131n\u0131 d\u00fc\u015f\u00fcnd\u00fc\u011f\u00fc hayat\u0131n\u0131n y\u00fcrek kanatan izleriyle de m\u00fccadele ediyor. Angelina Masal Nur Ayo\u2019nun \u201cHer \u015eey M\u00fcmk\u00fcn &#8211; Bar\u0131\u015f\u201d kitab\u0131 ger\u00e7ek bir hayat hik\u00e2yesine dayan\u0131yor. \u201cSil ba\u015ftan ba\u015flamak gerek bazen,\u201d diyorsan\u0131z, bu kitap ruhunuza iyi gelecek. <\/p>\n","protected":false},"excerpt":{"rendered":"<p>T\u00fcm ya\u015fam\u0131n\u0131z\u0131, birikiminizi, ailenizi, dostlar\u0131n\u0131z\u0131 geride b\u0131rak\u0131p yeni bir hayata ba\u015flamak nas\u0131l olurdu? Bu kitapta her \u015feyi geride b\u0131rakan gen\u00e7 bir kad\u0131n\u0131n tek y\u00f6n biletle geldi\u011fi<span class=\"excerpt-hellip\"> [\u2026]<\/span><\/p>\n","protected":false},"featured_media":0,"template":"","meta":{"_monsterinsights_skip_tracking":false,"_monsterinsights_sitenote_active":false,"_monsterinsights_sitenote_note":"","_monsterinsights_sitenote_category":0},"product_brand":[],"product_cat":[12803,12291],"product_tag":[],"class_list":{"0":"post-747022","1":"product","2":"type-product","3":"status-publish","5":"product_cat-aksiyon-macera","6":"product_cat-edebiyat","7":"pa_cilt-ciltsiz","8":"pa_tur-kitap","9":"pa_yayinevi-muptela-yayinevi","10":"pa_yazar-angelina-masal-nur-ayo","12":"first","13":"instock","14":"sale","15":"shipping-taxable","16":"purchasable","17":"product-type-simple"},"_links":{"self":[{"href":"https:\/\/roveyayinevi.com.tr\/index.php\/wp-json\/wp\/v2\/product\/747022","targetHints":{"allow":["GET"]}}],"collection":[{"href":"https:\/\/roveyayinevi.com.tr\/index.php\/wp-json\/wp\/v2\/product"}],"about":[{"href":"https:\/\/roveyayinevi.com.tr\/index.php\/wp-json\/wp\/v2\/types\/product"}],"wp:attachment":[{"href":"https:\/\/roveyayinevi.com.tr\/index.php\/wp-json\/wp\/v2\/media?parent=747022"}],"wp:term":[{"taxonomy":"product_brand","embeddable":true,"href":"https:\/\/roveyayinevi.com.tr\/index.php\/wp-json\/wp\/v2\/product_brand?post=747022"},{"taxonomy":"product_cat","embeddable":true,"href":"https:\/\/roveyayinevi.com.tr\/index.php\/wp-json\/wp\/v2\/product_cat?post=747022"},{"taxonomy":"product_tag","embeddable":true,"href":"https:\/\/roveyayinevi.com.tr\/index.php\/wp-json\/wp\/v2\/product_tag?post=747022"}],"curies":[{"name":"wp","href":"https:\/\/api.w.org\/{rel}","templated":true}]}}