{"id":747020,"date":"2025-08-28T02:56:40","date_gmt":"2025-08-27T23:56:40","guid":{"rendered":"https:\/\/roveyayinevi.com.tr\/index.php\/urun\/kopuk-2\/"},"modified":"2026-04-16T02:59:42","modified_gmt":"2026-04-15T23:59:42","slug":"kopuk-2","status":"publish","type":"product","link":"https:\/\/roveyayinevi.com.tr\/index.php\/urun\/kopuk-2\/","title":{"rendered":"K\u00f6p\u00fck"},"content":{"rendered":"<p>\u201cBu anlatt\u0131klar\u0131m\u0131n \u0131\u015f\u0131\u011f\u0131nda size, kad\u0131n sahibimden ve beni evine ald\u0131\u011f\u0131 g\u00fcnden bu yana ge\u00e7en m\u00fc\u015fterek ya\u015fam\u0131m\u0131zdan kim benden iyi s\u00f6z edebilir?\u201d   5 Mart 1997\u2019de, Pendik\u2019te bir \u00e7iftlikte \u0130ngiliz bir anne babadan do\u011fmu\u015ftu. Ad\u0131 Maks\u2019t\u0131; yeni ailesine kat\u0131l\u0131nca K\u00f6p\u00fck olarak de\u011fi\u015ftirildi. K\u00f6p\u00fck\u2019le \u00e7o\u011fu zaman \u201cO\u201d diye s\u00f6z etti\u011fi kad\u0131n sahibi aras\u0131nda ya\u015fanan saf, kat\u0131ks\u0131z, hesaps\u0131z bir sevginin hik\u00e2yesidir okuyaca\u011f\u0131n\u0131z. Duygusal bir k\u00f6pek onu anlatmaya koyulursa, hik\u00e2ye ayn\u0131 zamanda bir evin, bir ailenin, ge\u00e7en mevsimlerin, y\u0131llar\u0131n, g\u00fcnlerin, tekrarlanan g\u00fcndelik hareketlerin ve sevgi dolu bir vedan\u0131n hik\u00e2yesi de olur. \u201cHayvanlar\u0131n bak\u0131\u015f\u0131nda derin ve biraz h\u00fcz\u00fcnl\u00fc tatl\u0131 bir \u0131\u015f\u0131k vard\u0131r,\u201d der bir ozan. Bu kitap, o bak\u0131\u015f\u0131 ve o bak\u0131\u015f\u0131n bize insanlarla ilgili g\u00f6sterdiklerini de yans\u0131tmay\u0131 ama\u00e7l\u0131yor.   \u201cDi\u011ferlerini bilmem ama ben bu izledi\u011fim g\u00f6r\u00fcnt\u00fclerden \u015fu iki \u00f6nemli dersi \u00e7\u0131kard\u0131m: \u0130nsan her zaman insand\u0131r; cennet gibi \u00fclkelerde bile ve k\u00e2h kendi t\u00fcr\u00fcne k\u00e2h biz hayvanlara, hatta bitkilere her t\u00fcrl\u00fc k\u00f6t\u00fcl\u00fc\u011f\u00fc yapabilir. Bu biir! Bundan dolay\u0131 ona s\u0131k\u0131 s\u0131k\u0131ya uymak zorunda kalaca\u011f\u0131 kanunlar konmas\u0131 laz\u0131md\u0131r, bu da iki. O kadar!\u201d   <\/p>\n","protected":false},"excerpt":{"rendered":"<p>\u201cBu anlatt\u0131klar\u0131m\u0131n \u0131\u015f\u0131\u011f\u0131nda size, kad\u0131n sahibimden ve beni evine ald\u0131\u011f\u0131 g\u00fcnden bu yana ge\u00e7en m\u00fc\u015fterek ya\u015fam\u0131m\u0131zdan kim benden iyi s\u00f6z edebilir?\u201d 5 Mart 1997\u2019de, Pendik\u2019te bir<span class=\"excerpt-hellip\"> [\u2026]<\/span><\/p>\n","protected":false},"featured_media":0,"template":"","meta":{"_monsterinsights_skip_tracking":false,"_monsterinsights_sitenote_active":false,"_monsterinsights_sitenote_note":"","_monsterinsights_sitenote_category":0},"product_brand":[],"product_cat":[12291,12711],"product_tag":[],"class_list":{"0":"post-747020","1":"product","2":"type-product","3":"status-publish","5":"product_cat-edebiyat","6":"product_cat-roman-oyku","7":"pa_cilt-ciltsiz","8":"pa_tur-kitap","9":"pa_yayinevi-ithaki-yayinlari","10":"pa_yazar-liz-behmoaras","12":"first","13":"instock","14":"sale","15":"shipping-taxable","16":"purchasable","17":"product-type-simple"},"_links":{"self":[{"href":"https:\/\/roveyayinevi.com.tr\/index.php\/wp-json\/wp\/v2\/product\/747020","targetHints":{"allow":["GET"]}}],"collection":[{"href":"https:\/\/roveyayinevi.com.tr\/index.php\/wp-json\/wp\/v2\/product"}],"about":[{"href":"https:\/\/roveyayinevi.com.tr\/index.php\/wp-json\/wp\/v2\/types\/product"}],"wp:attachment":[{"href":"https:\/\/roveyayinevi.com.tr\/index.php\/wp-json\/wp\/v2\/media?parent=747020"}],"wp:term":[{"taxonomy":"product_brand","embeddable":true,"href":"https:\/\/roveyayinevi.com.tr\/index.php\/wp-json\/wp\/v2\/product_brand?post=747020"},{"taxonomy":"product_cat","embeddable":true,"href":"https:\/\/roveyayinevi.com.tr\/index.php\/wp-json\/wp\/v2\/product_cat?post=747020"},{"taxonomy":"product_tag","embeddable":true,"href":"https:\/\/roveyayinevi.com.tr\/index.php\/wp-json\/wp\/v2\/product_tag?post=747020"}],"curies":[{"name":"wp","href":"https:\/\/api.w.org\/{rel}","templated":true}]}}