{"id":747019,"date":"2025-08-28T02:56:39","date_gmt":"2025-08-27T23:56:39","guid":{"rendered":"https:\/\/roveyayinevi.com.tr\/index.php\/urun\/dunyayi-ardinda-birak\/"},"modified":"2026-04-16T02:59:42","modified_gmt":"2026-04-15T23:59:42","slug":"dunyayi-ardinda-birak","status":"publish","type":"product","link":"https:\/\/roveyayinevi.com.tr\/index.php\/urun\/dunyayi-ardinda-birak\/","title":{"rendered":"D\u00fcnyay\u0131 Ard\u0131nda B\u0131rak"},"content":{"rendered":"<p>Birbirine yabanc\u0131 iki aile ve beklenmedik olaylar\u0131n girdab\u0131nda giderek bilinmezli\u011fe ve deh\u015fete savrulan bir hafta sonu&#8230;   Amanda ve Clay, Long Island\u2019\u0131n \u00fccra bir k\u00f6\u015fesine tatile gittiklerinde ak\u0131llar\u0131nda sadece New York\u2019un ke\u015fmeke\u015finden uzakla\u015fmak, o\u011fullar\u0131 ve k\u0131zlar\u0131yla keyifli zaman ge\u00e7irmek ve bir haftal\u0131\u011f\u0131na kiralad\u0131klar\u0131 l\u00fcks evde sahip olamad\u0131klar\u0131 bir hayat\u0131n tad\u0131n\u0131 \u00e7\u0131karmak vard\u0131. Ancak gecenin ge\u00e7 saatlerinde kap\u0131 \u00e7al\u0131nd\u0131\u011f\u0131nda t\u00fcm b\u00fcy\u00fc bozulacakt\u0131.   Ev sahibi ya\u015fl\u0131 ve siyah \u00e7ift panik i\u00e7inde geldiklerinde ani bir elektrik kesintisinin \u015fehri kas\u0131p kavurdu\u011fu haberini de beraberlerinde getirmi\u015flerdi. \u0130nternet kesilmi\u015f, televizyon yay\u0131n\u0131 durmu\u015f, cep telefonlar\u0131 da \u00e7ekmezken neye inanacaklard\u0131? Amanda ve Clay bu \u00e7ifte g\u00fcvenmeli miydi?    Rumaan Alam\u2019\u0131n gerilim dolu roman\u0131, ebeveynli\u011fin, \u0131rk\u0131n ve toplumsal s\u0131n\u0131flar\u0131n karma\u015f\u0131kl\u0131\u011f\u0131n\u0131 keskin bir dille ele al\u0131yor. D\u00fcnyay\u0131 Ard\u0131nda B\u0131rak, kriz anlar\u0131nda en yak\u0131n ba\u011flar\u0131n nas\u0131l yeniden \u015fekillendi\u011fini ve beklenmedik ba\u011flar\u0131n nas\u0131l kuruldu\u011funu irdeleyen istisnai bir eser.   \u201c\u0130nsanl\u0131\u011f\u0131n m\u00fc\u015fterek k\u0131yametine odaklanan bir roman.\u201d \u2013Carmen Maria Machado   \u201cI\u015f\u0131klar\u0131 s\u00f6nd\u00fcrmeden yatmaya haz\u0131rlan\u0131n.\u201d \u2013Popsugar   \u201cT\u0131pk\u0131 Stephen King\u2019in Sis\u2019i gibi, D\u00fcnyay\u0131 Ard\u0131nda B\u0131rak da bilinmeyenin deh\u015fetini yans\u0131t\u0131yor.\u201d \u2013Rolling Stone   <\/p>\n","protected":false},"excerpt":{"rendered":"<p>Birbirine yabanc\u0131 iki aile ve beklenmedik olaylar\u0131n girdab\u0131nda giderek bilinmezli\u011fe ve deh\u015fete savrulan bir hafta sonu&#8230; Amanda ve Clay, Long Island\u2019\u0131n \u00fccra bir k\u00f6\u015fesine tatile gittiklerinde<span class=\"excerpt-hellip\"> [\u2026]<\/span><\/p>\n","protected":false},"featured_media":0,"template":"","meta":{"_monsterinsights_skip_tracking":false,"_monsterinsights_sitenote_active":false,"_monsterinsights_sitenote_note":"","_monsterinsights_sitenote_category":0},"product_brand":[],"product_cat":[12291,17033],"product_tag":[],"class_list":{"0":"post-747019","1":"product","2":"type-product","3":"status-publish","5":"product_cat-edebiyat","6":"product_cat-korku-gerilim","7":"pa_cilt-ciltsiz","8":"pa_tur-kitap","9":"pa_yayinevi-ithaki-yayinlari","10":"pa_yazar-rumaan-alam","12":"first","13":"instock","14":"sale","15":"shipping-taxable","16":"purchasable","17":"product-type-simple"},"_links":{"self":[{"href":"https:\/\/roveyayinevi.com.tr\/index.php\/wp-json\/wp\/v2\/product\/747019","targetHints":{"allow":["GET"]}}],"collection":[{"href":"https:\/\/roveyayinevi.com.tr\/index.php\/wp-json\/wp\/v2\/product"}],"about":[{"href":"https:\/\/roveyayinevi.com.tr\/index.php\/wp-json\/wp\/v2\/types\/product"}],"wp:attachment":[{"href":"https:\/\/roveyayinevi.com.tr\/index.php\/wp-json\/wp\/v2\/media?parent=747019"}],"wp:term":[{"taxonomy":"product_brand","embeddable":true,"href":"https:\/\/roveyayinevi.com.tr\/index.php\/wp-json\/wp\/v2\/product_brand?post=747019"},{"taxonomy":"product_cat","embeddable":true,"href":"https:\/\/roveyayinevi.com.tr\/index.php\/wp-json\/wp\/v2\/product_cat?post=747019"},{"taxonomy":"product_tag","embeddable":true,"href":"https:\/\/roveyayinevi.com.tr\/index.php\/wp-json\/wp\/v2\/product_tag?post=747019"}],"curies":[{"name":"wp","href":"https:\/\/api.w.org\/{rel}","templated":true}]}}