{"id":747017,"date":"2025-08-28T02:56:36","date_gmt":"2025-08-27T23:56:36","guid":{"rendered":"https:\/\/roveyayinevi.com.tr\/index.php\/urun\/callahan-gunlukleri\/"},"modified":"2026-04-16T02:59:42","modified_gmt":"2026-04-15T23:59:42","slug":"callahan-gunlukleri","status":"publish","type":"product","link":"https:\/\/roveyayinevi.com.tr\/index.php\/urun\/callahan-gunlukleri\/","title":{"rendered":"Callahan G\u00fcnl\u00fckleri"},"content":{"rendered":"<p>\u201cKimse m\u00fckemmel de\u011fildir, do\u011fru ama Spider Robinson m\u00fckemmel olmaya epey yak\u0131n.\u201d \u2013Ben Bova   \u201cHeinlein, Sturgeon ve Asimov\u2019un en iyi yanlar\u0131n\u0131 b\u00fcnyesinde bar\u0131nd\u0131ran bir yazar Spider Robinson.\u201d \u2013David Gerrold   \u201cDERTLER PAYLA\u015eTIK\u00c7A AZALIR, MUTLULUK PAYLA\u015eTIK\u00c7A \u00c7O\u011eALIR, DOLAYISIYLA ENTROP\u0130Y\u0130 \u0130NK\u00c2R ED\u0130YORUZ.\u201d   Spider Robinson, 20. y\u00fczy\u0131l\u0131n son \u00e7eyre\u011findeki bilimkurgu camias\u0131n\u0131n en yarat\u0131c\u0131 ve g\u00fc\u00e7l\u00fc seslerinden biri, yeri de Douglas Adams ve Terry Pratchett gibi yazarlar\u0131n yan\u0131. Callahan \u00f6yk\u00fclerini bir araya getiren Callahan G\u00fcnl\u00fckleri ise abs\u00fcrt, sars\u0131c\u0131, heyecanl\u0131 ve oyunbaz bir eser.   Callahan\u2019\u0131n Yeri, her zamandan insana ve her galaksiden uzayl\u0131ya kap\u0131s\u0131 a\u00e7\u0131k bir mek\u00e2n; m\u00fcdavimleri ise normalin tam z\u0131dd\u0131 kimseler: zaman yolcular\u0131, konu\u015fan k\u00f6pekler, alkolik vampirler, sibernetik uzayl\u0131lar ve birbirlerini \u00f6nemseyen bir grup insan. Buras\u0131 k\u00f6t\u00fc kelime oyunlar\u0131n\u0131n da iyi sohbetler kadar takdir edildi\u011fi nadir yerlerden biri.   Bir zaman polisi zaman su\u00e7lusunun pe\u015fine d\u00fc\u015f\u00fcyor, uzak gezegenden bir uzayl\u0131 i\u00e7ini d\u00f6kmek istiyor, aynan\u0131n i\u00e7inde hapis kalan bir adam yard\u0131m ar\u0131yor, intihar\u0131n e\u015fi\u011findeki bir telepat \u00f6zel g\u00fcc\u00fcnden kurtulmaya \u00e7al\u0131\u015f\u0131yor ve her birinin yolu Callahan\u2019\u0131n Yeri\u2019ne d\u00fc\u015f\u00fcyor.   T\u00fcm bunlar olurken Callahan\u2019\u0131n Yeri\u2019nin m\u00fcdavimlerini \u00e7ok daha b\u00fcy\u00fck bir g\u00f6rev bekliyor: D\u00fcnya gezegeninin sonunu getirecek komploya engel olmak.   Callahan G\u00fcnl\u00fckleri, kitab\u0131n empat h\u00e2li.   Ben Bova\u2019n\u0131n sunu\u015fuyla <\/p>\n","protected":false},"excerpt":{"rendered":"<p>\u201cKimse m\u00fckemmel de\u011fildir, do\u011fru ama Spider Robinson m\u00fckemmel olmaya epey yak\u0131n.\u201d \u2013Ben Bova \u201cHeinlein, Sturgeon ve Asimov\u2019un en iyi yanlar\u0131n\u0131 b\u00fcnyesinde bar\u0131nd\u0131ran bir yazar Spider Robinson.\u201d<span class=\"excerpt-hellip\"> [\u2026]<\/span><\/p>\n","protected":false},"featured_media":0,"template":"","meta":{"_monsterinsights_skip_tracking":false,"_monsterinsights_sitenote_active":false,"_monsterinsights_sitenote_note":"","_monsterinsights_sitenote_category":0},"product_brand":[],"product_cat":[12540,12291],"product_tag":[],"class_list":{"0":"post-747017","1":"product","2":"type-product","3":"status-publish","5":"product_cat-bilim-kurgu","6":"product_cat-edebiyat","7":"pa_cilt-ciltsiz","8":"pa_tur-kitap","9":"pa_yayinevi-ithaki-yayinlari","10":"pa_yazar-spider-robinson","12":"first","13":"instock","14":"sale","15":"shipping-taxable","16":"purchasable","17":"product-type-simple"},"_links":{"self":[{"href":"https:\/\/roveyayinevi.com.tr\/index.php\/wp-json\/wp\/v2\/product\/747017","targetHints":{"allow":["GET"]}}],"collection":[{"href":"https:\/\/roveyayinevi.com.tr\/index.php\/wp-json\/wp\/v2\/product"}],"about":[{"href":"https:\/\/roveyayinevi.com.tr\/index.php\/wp-json\/wp\/v2\/types\/product"}],"wp:attachment":[{"href":"https:\/\/roveyayinevi.com.tr\/index.php\/wp-json\/wp\/v2\/media?parent=747017"}],"wp:term":[{"taxonomy":"product_brand","embeddable":true,"href":"https:\/\/roveyayinevi.com.tr\/index.php\/wp-json\/wp\/v2\/product_brand?post=747017"},{"taxonomy":"product_cat","embeddable":true,"href":"https:\/\/roveyayinevi.com.tr\/index.php\/wp-json\/wp\/v2\/product_cat?post=747017"},{"taxonomy":"product_tag","embeddable":true,"href":"https:\/\/roveyayinevi.com.tr\/index.php\/wp-json\/wp\/v2\/product_tag?post=747017"}],"curies":[{"name":"wp","href":"https:\/\/api.w.org\/{rel}","templated":true}]}}