{"id":747016,"date":"2025-08-28T02:56:35","date_gmt":"2025-08-27T23:56:35","guid":{"rendered":"https:\/\/roveyayinevi.com.tr\/index.php\/urun\/bir-neolitik-cag-masali-toprak-ana-ve-coban-ana\/"},"modified":"2026-04-16T02:59:42","modified_gmt":"2026-04-15T23:59:42","slug":"bir-neolitik-cag-masali-toprak-ana-ve-coban-ana","status":"publish","type":"product","link":"https:\/\/roveyayinevi.com.tr\/index.php\/urun\/bir-neolitik-cag-masali-toprak-ana-ve-coban-ana\/","title":{"rendered":"Bir Neolitik \u00c7a\u011f Masal\u0131 : Toprak Ana ve \u00c7oban Ana"},"content":{"rendered":"<p>Mezopotamya\u2019da zaman\u0131m\u0131zdan 12.500 ile 8.000 y\u0131l kadar \u00f6ncesine denk gelen Neolitik \u00c7a\u011f k\u00f6y hayat\u0131, tar\u0131m ve hayvanc\u0131l\u0131k gibi insanl\u0131k tarihinin son derece \u00f6nemli k\u00fclt\u00fcrel d\u00f6n\u00fc\u015f\u00fcmlerine damgas\u0131n\u0131 vuran, adeta insanl\u0131\u011f\u0131n kaderini de\u011fi\u015ftiren, insan-\u00e7evre ili\u015fkisini bir ba\u015fka boyuta ta\u015f\u0131yan k\u00fclt\u00fcr devrimidir. Sosyal, k\u00fclt\u00fcrel ve ekonomik nice yeniliklerin \u00e7\u0131k\u0131\u015f noktas\u0131 say\u0131lan Neolitik \u00c7a\u011f\u2019\u0131n karanl\u0131kta kalan y\u00f6nlerini, arkeolojik ve antropolojik ara\u015ft\u0131rmalar\u0131n bize sundu\u011fu son derece de\u011ferli verilerle her ge\u00e7en g\u00fcn daha iyi tan\u0131yoruz. Yazar, bilimsel ara\u015ft\u0131rmalar\u0131n bug\u00fcne kadar bize sa\u011flad\u0131\u011f\u0131 bilgileri hayal g\u00fcc\u00fcyle b\u00fct\u00fcnle\u015ftirerek okuyucuya bir masal format\u0131nda sunuyor. Neolitik \u00c7a\u011f\u2019daki k\u00f6y hayat\u0131n\u0131n mercek alt\u0131na al\u0131nd\u0131\u011f\u0131 bu masals\u0131 anlat\u0131da, atalar\u0131m\u0131z\u0131n kendilerini ne denli zorlu bir ya\u015fam kavgas\u0131 i\u00e7inde bulduklar\u0131na tan\u0131k olacaks\u0131n\u0131z. O d\u00f6nemin insanlar\u0131yla sevinecek, h\u00fcz\u00fcnlenecek, ayn\u0131 zamanda onlarla gurur duyacaks\u0131n\u0131z. <\/p>\n","protected":false},"excerpt":{"rendered":"<p>Mezopotamya\u2019da zaman\u0131m\u0131zdan 12.500 ile 8.000 y\u0131l kadar \u00f6ncesine denk gelen Neolitik \u00c7a\u011f k\u00f6y hayat\u0131, tar\u0131m ve hayvanc\u0131l\u0131k gibi insanl\u0131k tarihinin son derece \u00f6nemli k\u00fclt\u00fcrel d\u00f6n\u00fc\u015f\u00fcmlerine damgas\u0131n\u0131<span class=\"excerpt-hellip\"> [\u2026]<\/span><\/p>\n","protected":false},"featured_media":0,"template":"","meta":{"_monsterinsights_skip_tracking":false,"_monsterinsights_sitenote_active":false,"_monsterinsights_sitenote_note":"","_monsterinsights_sitenote_category":0},"product_brand":[],"product_cat":[15499,13488],"product_tag":[],"class_list":{"0":"post-747016","1":"product","2":"type-product","3":"status-publish","5":"product_cat-antropoloji","6":"product_cat-toplum-ve-insan","7":"pa_cilt-ciltsiz","8":"pa_tur-kitap","9":"pa_yayinevi-koyusiyah-kitap","10":"pa_yazar-metin-ozbek","12":"first","13":"instock","14":"sale","15":"shipping-taxable","16":"purchasable","17":"product-type-simple"},"_links":{"self":[{"href":"https:\/\/roveyayinevi.com.tr\/index.php\/wp-json\/wp\/v2\/product\/747016","targetHints":{"allow":["GET"]}}],"collection":[{"href":"https:\/\/roveyayinevi.com.tr\/index.php\/wp-json\/wp\/v2\/product"}],"about":[{"href":"https:\/\/roveyayinevi.com.tr\/index.php\/wp-json\/wp\/v2\/types\/product"}],"wp:attachment":[{"href":"https:\/\/roveyayinevi.com.tr\/index.php\/wp-json\/wp\/v2\/media?parent=747016"}],"wp:term":[{"taxonomy":"product_brand","embeddable":true,"href":"https:\/\/roveyayinevi.com.tr\/index.php\/wp-json\/wp\/v2\/product_brand?post=747016"},{"taxonomy":"product_cat","embeddable":true,"href":"https:\/\/roveyayinevi.com.tr\/index.php\/wp-json\/wp\/v2\/product_cat?post=747016"},{"taxonomy":"product_tag","embeddable":true,"href":"https:\/\/roveyayinevi.com.tr\/index.php\/wp-json\/wp\/v2\/product_tag?post=747016"}],"curies":[{"name":"wp","href":"https:\/\/api.w.org\/{rel}","templated":true}]}}