{"id":747012,"date":"2025-08-28T02:56:28","date_gmt":"2025-08-27T23:56:28","guid":{"rendered":"https:\/\/roveyayinevi.com.tr\/index.php\/urun\/duruma-gore-bazen-kizilderiliyim\/"},"modified":"2026-04-13T03:05:52","modified_gmt":"2026-04-13T00:05:52","slug":"duruma-gore-bazen-kizilderiliyim","status":"publish","type":"product","link":"https:\/\/roveyayinevi.com.tr\/index.php\/urun\/duruma-gore-bazen-kizilderiliyim\/","title":{"rendered":"Duruma G\u00f6re Bazen K\u0131z\u0131lderiliyim"},"content":{"rendered":"<p>Hi\u00e7bir \u015fey sadece siyah ve beyaz de\u011fildir. Ya\u015fam\u0131n i\u00e7indeki gri alanlar hepimizi birbirimize ba\u011flar&#8230;Gelecek vaat eden bir karikat\u00fcrist olan Junior, do\u011fu\u015ftan gelen sa\u011fl\u0131k sorunlar\u0131 nedeniyle arkada\u015flar\u0131 taraf\u0131ndan hep alay edilen bir gen\u00e7tir. Sonunda, iyi bir e\u011fitim almak amac\u0131yla kom\u015fu kasabadaki okulda okumaya karar verir ve buraya kayd\u0131n\u0131 yapt\u0131r\u0131r. Ancak, maskotu K\u0131z\u0131lderili olan bu okulun tek K\u0131z\u0131lderili \u00f6\u011frencisi kendisidir. Verdi\u011fi bu karar kabilesi taraf\u0131ndan hain ilan edilmesine neden olsa da o, zek\u00e2s\u0131 ve olaylar kar\u015f\u0131s\u0131ndaki mizahi yakla\u015f\u0131m\u0131 ile hayata tutunur. Ve ya\u015fad\u0131\u011f\u0131 bu zorlu s\u00fcre\u00e7, i\u00e7inde yepyeni bir g\u00fcc\u00fcn varl\u0131\u011f\u0131n\u0131 hissetmesini sa\u011flar&#8230;\u00d6d\u00fcll\u00fc yazar Sherman Alexie, kendi \u00e7ocukluk deneyimlerinden ilham alarak yazd\u0131\u011f\u0131 bu romanda, s\u0131n\u0131rlar\u0131n\u0131n \u00f6tesine ge\u00e7meye \u00e7al\u0131\u015fan bir gencin \u00f6n yarg\u0131lar ve farkl\u0131l\u0131klar \u00fczerine verdi\u011fi s\u0131ra d\u0131\u015f\u0131 m\u00fccadeleyi mizah dolu bir dille anlat\u0131yor.\u2022 \u2022 \u2022&#8221;Her y\u00f6n\u00fcyle m\u00fckemmel, dokunakl\u0131 ve son derece komik&#8230;&#8221;- Neil Gaiman&#8221;\u0130lk sayfadan son sayfaya kadar kahkahalar\u0131ma engel olamad\u0131m.&#8221;- Amy Sedaris, oyuncu, komedyen ve yazar&#8221;\u00c7arp\u0131c\u0131 g\u00f6zlemler ve keskin bir mizah anlay\u0131\u015f\u0131&#8230; e\u011flenceli bir \u00fcslup.&#8221;- Newsday<\/p>\n","protected":false},"excerpt":{"rendered":"<p>Hi\u00e7bir \u015fey sadece siyah ve beyaz de\u011fildir. Ya\u015fam\u0131n i\u00e7indeki gri alanlar hepimizi birbirimize ba\u011flar&#8230;Gelecek vaat eden bir karikat\u00fcrist olan Junior, do\u011fu\u015ftan gelen sa\u011fl\u0131k sorunlar\u0131 nedeniyle arkada\u015flar\u0131<span class=\"excerpt-hellip\"> [\u2026]<\/span><\/p>\n","protected":false},"featured_media":0,"template":"","meta":{"_monsterinsights_skip_tracking":false,"_monsterinsights_sitenote_active":false,"_monsterinsights_sitenote_note":"","_monsterinsights_sitenote_category":0},"product_brand":[],"product_cat":[12291,12711],"product_tag":[],"class_list":{"0":"post-747012","1":"product","2":"type-product","3":"status-publish","5":"product_cat-edebiyat","6":"product_cat-roman-oyku","7":"pa_cilt-ciltsiz","8":"pa_tur-kitap","9":"pa_yayinevi-altin-kitaplar-ozel-urun","10":"pa_yazar-sherman-alexie","12":"first","13":"instock","14":"sale","15":"shipping-taxable","16":"purchasable","17":"product-type-simple"},"_links":{"self":[{"href":"https:\/\/roveyayinevi.com.tr\/index.php\/wp-json\/wp\/v2\/product\/747012","targetHints":{"allow":["GET"]}}],"collection":[{"href":"https:\/\/roveyayinevi.com.tr\/index.php\/wp-json\/wp\/v2\/product"}],"about":[{"href":"https:\/\/roveyayinevi.com.tr\/index.php\/wp-json\/wp\/v2\/types\/product"}],"wp:attachment":[{"href":"https:\/\/roveyayinevi.com.tr\/index.php\/wp-json\/wp\/v2\/media?parent=747012"}],"wp:term":[{"taxonomy":"product_brand","embeddable":true,"href":"https:\/\/roveyayinevi.com.tr\/index.php\/wp-json\/wp\/v2\/product_brand?post=747012"},{"taxonomy":"product_cat","embeddable":true,"href":"https:\/\/roveyayinevi.com.tr\/index.php\/wp-json\/wp\/v2\/product_cat?post=747012"},{"taxonomy":"product_tag","embeddable":true,"href":"https:\/\/roveyayinevi.com.tr\/index.php\/wp-json\/wp\/v2\/product_tag?post=747012"}],"curies":[{"name":"wp","href":"https:\/\/api.w.org\/{rel}","templated":true}]}}