{"id":747009,"date":"2025-08-28T02:56:25","date_gmt":"2025-08-27T23:56:25","guid":{"rendered":"https:\/\/roveyayinevi.com.tr\/index.php\/urun\/ruyalarin-sifali-bilgeligi\/"},"modified":"2026-04-16T02:59:42","modified_gmt":"2026-04-15T23:59:42","slug":"ruyalarin-sifali-bilgeligi","status":"publish","type":"product","link":"https:\/\/roveyayinevi.com.tr\/index.php\/urun\/ruyalarin-sifali-bilgeligi\/","title":{"rendered":"R\u00fcyalar\u0131n \u015eifal\u0131 Bilgeli\u011fi"},"content":{"rendered":"<p>R\u00fcyalar\u0131m\u0131z; bilincimiz, bedenimiz ve vicdan\u0131m\u0131z aras\u0131nda bir k\u00f6pr\u00fcd\u00fcr.R\u00fcyalar, bilincimizin g\u00f6lgesi ard\u0131ndan, zor zamanlarda yolumuzu bulmam\u0131zda bize e\u015fli etmek i\u00e7in g\u00f6r\u00fcn\u00fcr olurlar. Bizi en gizli, en hassas par\u00e7alar\u0131m\u0131za, temel yeteneklerimize ve amac\u0131m\u0131za ba\u011flarlar. En karanl\u0131k zamanlarda yolumuzu ayd\u0131nlatarak ger\u00e7ekte ki oldu\u011fumuzu ve olabilece\u011fimiz ki\u015fiyi ortaya \u00e7\u0131karmam\u0131za yard\u0131mc\u0131 olurlar.R\u00fcyalar\u0131n \u015eifal\u0131 Bilgeli\u011fi\u2019nde wellness uygulay\u0131c\u0131s\u0131 Kathleen Webster O&#8217;Malley, r\u00fcya g\u00fcnl\u00fc\u011f\u00fc, r\u00fcya kulu\u00e7kas\u0131, berrak r\u00fcya ve Tibet R\u00fcya Yogas\u0131 gibi uygulamalarla r\u00fcyalar\u0131m\u0131z fark\u0131ndal\u0131kla bakabilmenin ve onlardan cevaplar alman\u0131n yollar\u0131n\u0131 g\u00f6steriyor. Sizi, r\u00fcyalar\u0131n\u0131z\u0131n derinine inip, atalardan gelen g\u00f6r\u00fclerin, sembollerin, i\u015faretlerin ve arketiplerin kadim bilgilerini \u00f6\u011frenerek, varolu\u015funuzda saklanm\u0131\u015f gizli yeteneklerinizi ke\u015ffetmeye \u00e7a\u011f\u0131r\u0131yor.\u0130\u00e7 d\u00fcnyan\u0131zdaki kavray\u0131\u015f\u0131 derinle\u015ftirmek, ya\u015fam bilgeli\u011finizin sesini duymak i\u00e7in derinve iyile\u015ftirici bir rehber.<\/p>\n","protected":false},"excerpt":{"rendered":"<p>R\u00fcyalar\u0131m\u0131z; bilincimiz, bedenimiz ve vicdan\u0131m\u0131z aras\u0131nda bir k\u00f6pr\u00fcd\u00fcr.R\u00fcyalar, bilincimizin g\u00f6lgesi ard\u0131ndan, zor zamanlarda yolumuzu bulmam\u0131zda bize e\u015fli etmek i\u00e7in g\u00f6r\u00fcn\u00fcr olurlar. Bizi en gizli, en hassas<span class=\"excerpt-hellip\"> [\u2026]<\/span><\/p>\n","protected":false},"featured_media":0,"template":"","meta":{"_monsterinsights_skip_tracking":false,"_monsterinsights_sitenote_active":false,"_monsterinsights_sitenote_note":"","_monsterinsights_sitenote_category":0},"product_brand":[],"product_cat":[12364,12376],"product_tag":[],"class_list":{"0":"post-747009","1":"product","2":"type-product","3":"status-publish","5":"product_cat-genel-konular","6":"product_cat-kisisel-gelisim","7":"pa_cilt-ciltsiz","8":"pa_tur-kitap","9":"pa_yayinevi-serenad-yayinevi","10":"pa_yazar-kathleen-webster-omalley","12":"first","13":"instock","14":"sale","15":"shipping-taxable","16":"purchasable","17":"product-type-simple"},"_links":{"self":[{"href":"https:\/\/roveyayinevi.com.tr\/index.php\/wp-json\/wp\/v2\/product\/747009","targetHints":{"allow":["GET"]}}],"collection":[{"href":"https:\/\/roveyayinevi.com.tr\/index.php\/wp-json\/wp\/v2\/product"}],"about":[{"href":"https:\/\/roveyayinevi.com.tr\/index.php\/wp-json\/wp\/v2\/types\/product"}],"wp:attachment":[{"href":"https:\/\/roveyayinevi.com.tr\/index.php\/wp-json\/wp\/v2\/media?parent=747009"}],"wp:term":[{"taxonomy":"product_brand","embeddable":true,"href":"https:\/\/roveyayinevi.com.tr\/index.php\/wp-json\/wp\/v2\/product_brand?post=747009"},{"taxonomy":"product_cat","embeddable":true,"href":"https:\/\/roveyayinevi.com.tr\/index.php\/wp-json\/wp\/v2\/product_cat?post=747009"},{"taxonomy":"product_tag","embeddable":true,"href":"https:\/\/roveyayinevi.com.tr\/index.php\/wp-json\/wp\/v2\/product_tag?post=747009"}],"curies":[{"name":"wp","href":"https:\/\/api.w.org\/{rel}","templated":true}]}}