{"id":747006,"date":"2025-08-28T02:56:21","date_gmt":"2025-08-27T23:56:21","guid":{"rendered":"https:\/\/roveyayinevi.com.tr\/index.php\/urun\/tarih-ve-toplum-sayi-20-yeni-yaklasimlar\/"},"modified":"2026-04-16T02:59:42","modified_gmt":"2026-04-15T23:59:42","slug":"tarih-ve-toplum-sayi-20-yeni-yaklasimlar","status":"publish","type":"product","link":"https:\/\/roveyayinevi.com.tr\/index.php\/urun\/tarih-ve-toplum-sayi-20-yeni-yaklasimlar\/","title":{"rendered":"Tarih ve Toplum (Say\u0131 20) Yeni Yakla\u015f\u0131mlar"},"content":{"rendered":"<p>5 Sunu\u015f Y. DO\u011eAN \u00c7ET\u0130NKAYA &#8211; KEREM \u00dcN\u00dcVAR9 Tanzimat Hatt-\u0131 H\u00fcmayunu\u2019nu (1839) ba\u015ftan okumaEDHEM ELDEM 98 Nizam\u2019dan tanzimata, reayadan tebaaya gidilirken: 1830\u2019lar\u0131n ba\u015f\u0131nda Takv\u00eem-i Vekayi\u2019nin siyas\u00ee dili ve s\u00f6ylemi \u00d6ZG\u00dcR T\u00dcRESAY 143 Tanzimat siyasetini yeniden d\u00fc\u015f\u00fcnmek: Sar\u0131yerli Hoca Sad\u0131k Efendi ve Tanz\u00eer-i Telemak ALP EREN TOPAL 175 Osmanl\u0131\u2019da reform: Osmanl\u0131\u2019n\u0131n reformu? MARC AYMES 195 \u201c Bizim Osmanl\u0131 sosyalist yolda\u015flar\u0131m\u0131z\u201d: Frans\u0131z gazetesi L\u2019Humanit\u00e9 ve devrimci bir d\u00f6nemde Osmanl\u0131 \u0130mparatorlu\u011fu (1904-1914) VINCENT BENEDETTO 221 Spordan fazlas\u0131: Sosyalist Zagreb\u2019de basketbol ve g\u00fcndelik ya\u015fam GORAN KRNI\u0106 &#8211; MARKO ZUBAK TARTI\u015eMA \/ ELE\u015eT\u0130R\u0130 247 1821 Yunan Devrimi\u2019ne \u00e7ok boyutlu bir bak\u0131\u015f EMRE CAN DA\u011eLIO\u011eLU 256 \u00d6zetler 260 Abstracts<\/p>\n","protected":false},"excerpt":{"rendered":"<p>5 Sunu\u015f Y. DO\u011eAN \u00c7ET\u0130NKAYA &#8211; KEREM \u00dcN\u00dcVAR9 Tanzimat Hatt-\u0131 H\u00fcmayunu\u2019nu (1839) ba\u015ftan okumaEDHEM ELDEM 98 Nizam\u2019dan tanzimata, reayadan tebaaya gidilirken: 1830\u2019lar\u0131n ba\u015f\u0131nda Takv\u00eem-i Vekayi\u2019nin siyas\u00ee<span class=\"excerpt-hellip\"> [\u2026]<\/span><\/p>\n","protected":false},"featured_media":0,"template":"","meta":{"_monsterinsights_skip_tracking":false,"_monsterinsights_sitenote_active":false,"_monsterinsights_sitenote_note":"","_monsterinsights_sitenote_category":0},"product_brand":[],"product_cat":[13527],"product_tag":[],"class_list":{"0":"post-747006","1":"product","2":"type-product","3":"status-publish","5":"product_cat-sureli-yayinlar","6":"pa_cilt-ciltsiz","7":"pa_tur-dergi","8":"pa_yayinevi-iletisim-yayinlari","9":"pa_yazar-kolektif","11":"first","12":"instock","13":"sale","14":"shipping-taxable","15":"purchasable","16":"product-type-simple"},"_links":{"self":[{"href":"https:\/\/roveyayinevi.com.tr\/index.php\/wp-json\/wp\/v2\/product\/747006","targetHints":{"allow":["GET"]}}],"collection":[{"href":"https:\/\/roveyayinevi.com.tr\/index.php\/wp-json\/wp\/v2\/product"}],"about":[{"href":"https:\/\/roveyayinevi.com.tr\/index.php\/wp-json\/wp\/v2\/types\/product"}],"wp:attachment":[{"href":"https:\/\/roveyayinevi.com.tr\/index.php\/wp-json\/wp\/v2\/media?parent=747006"}],"wp:term":[{"taxonomy":"product_brand","embeddable":true,"href":"https:\/\/roveyayinevi.com.tr\/index.php\/wp-json\/wp\/v2\/product_brand?post=747006"},{"taxonomy":"product_cat","embeddable":true,"href":"https:\/\/roveyayinevi.com.tr\/index.php\/wp-json\/wp\/v2\/product_cat?post=747006"},{"taxonomy":"product_tag","embeddable":true,"href":"https:\/\/roveyayinevi.com.tr\/index.php\/wp-json\/wp\/v2\/product_tag?post=747006"}],"curies":[{"name":"wp","href":"https:\/\/api.w.org\/{rel}","templated":true}]}}