{"id":747005,"date":"2025-08-28T02:56:19","date_gmt":"2025-08-27T23:56:19","guid":{"rendered":"https:\/\/roveyayinevi.com.tr\/index.php\/urun\/cagaster-3\/"},"modified":"2026-04-16T02:59:42","modified_gmt":"2026-04-15T23:59:42","slug":"cagaster-3","status":"publish","type":"product","link":"https:\/\/roveyayinevi.com.tr\/index.php\/urun\/cagaster-3\/","title":{"rendered":"Cagaster &#8211; 3"},"content":{"rendered":"<p>Kidow\u2019un trajik ge\u00e7mi\u015finin yans\u0131malar\u0131 bug\u00fcn\u00fc sarsmaya devam eder. Qas\u0131m\u2019\u0131n ald\u0131\u011f\u0131 kararlara kar\u015f\u0131n Lygi E-01\u2019deki okula gitmeyi reddeder. Cagaster\u2019e yakalanan birini \u00f6ld\u00fcrmeyi reddetti\u011fi i\u00e7in ordudan at\u0131lan Hadi ise birliklerin garip hareketlerini fark eder ve Ilie\u2019nin geldi\u011fi b\u00f6lgede ya\u015fanm\u0131\u015f garip olay\u0131 ke\u015ffeder. Durumu ayd\u0131nlatmak i\u00e7in Kidow\u2019la ileti\u015fime ge\u00e7mesi gerekir&#8230; <\/p>\n","protected":false},"excerpt":{"rendered":"<p>Kidow\u2019un trajik ge\u00e7mi\u015finin yans\u0131malar\u0131 bug\u00fcn\u00fc sarsmaya devam eder. Qas\u0131m\u2019\u0131n ald\u0131\u011f\u0131 kararlara kar\u015f\u0131n Lygi E-01\u2019deki okula gitmeyi reddeder. Cagaster\u2019e yakalanan birini \u00f6ld\u00fcrmeyi reddetti\u011fi i\u00e7in ordudan at\u0131lan Hadi<span class=\"excerpt-hellip\"> [\u2026]<\/span><\/p>\n","protected":false},"featured_media":0,"template":"","meta":{"_monsterinsights_skip_tracking":false,"_monsterinsights_sitenote_active":false,"_monsterinsights_sitenote_note":"","_monsterinsights_sitenote_category":0},"product_brand":[],"product_cat":[12416,12291],"product_tag":[],"class_list":{"0":"post-747005","1":"product","2":"type-product","3":"status-publish","5":"product_cat-cizgi-roman","6":"product_cat-edebiyat","7":"pa_cilt-ciltsiz","8":"pa_tur-kitap","9":"pa_yayinevi-dex-yayinevi","10":"pa_yazar-kachou-hashimoto","12":"first","13":"instock","14":"sale","15":"shipping-taxable","16":"purchasable","17":"product-type-simple"},"_links":{"self":[{"href":"https:\/\/roveyayinevi.com.tr\/index.php\/wp-json\/wp\/v2\/product\/747005","targetHints":{"allow":["GET"]}}],"collection":[{"href":"https:\/\/roveyayinevi.com.tr\/index.php\/wp-json\/wp\/v2\/product"}],"about":[{"href":"https:\/\/roveyayinevi.com.tr\/index.php\/wp-json\/wp\/v2\/types\/product"}],"wp:attachment":[{"href":"https:\/\/roveyayinevi.com.tr\/index.php\/wp-json\/wp\/v2\/media?parent=747005"}],"wp:term":[{"taxonomy":"product_brand","embeddable":true,"href":"https:\/\/roveyayinevi.com.tr\/index.php\/wp-json\/wp\/v2\/product_brand?post=747005"},{"taxonomy":"product_cat","embeddable":true,"href":"https:\/\/roveyayinevi.com.tr\/index.php\/wp-json\/wp\/v2\/product_cat?post=747005"},{"taxonomy":"product_tag","embeddable":true,"href":"https:\/\/roveyayinevi.com.tr\/index.php\/wp-json\/wp\/v2\/product_tag?post=747005"}],"curies":[{"name":"wp","href":"https:\/\/api.w.org\/{rel}","templated":true}]}}