{"id":747004,"date":"2025-08-28T02:56:19","date_gmt":"2025-08-27T23:56:19","guid":{"rendered":"https:\/\/roveyayinevi.com.tr\/index.php\/urun\/kendi-kendine-terapi\/"},"modified":"2026-04-16T02:59:41","modified_gmt":"2026-04-15T23:59:41","slug":"kendi-kendine-terapi","status":"publish","type":"product","link":"https:\/\/roveyayinevi.com.tr\/index.php\/urun\/kendi-kendine-terapi\/","title":{"rendered":"Kendi Kendine Terapi"},"content":{"rendered":"<p>Ruh halinizi anlamak ve zihninizin derinlerinde yatan duygusal sorunlar\u0131 \u00e7\u00f6z\u00fcmlemek ister misiniz?   Kendi Kendine Terapi en \u00e7a\u011fda\u015f psikoterapi yakla\u015f\u0131mlar\u0131ndan birini, \u0130\u00e7sel Aile Sistemleri (\u0130AS) terapisini dan\u0131\u015fanlardan terapistlere kadar herkes i\u00e7in ula\u015f\u0131labilir k\u0131lan bir uygulama. \u00d6zsayg\u0131, erteleme, depresyon ve ili\u015fki sorunlar\u0131 dahil bir\u00e7ok konuda etkili olan \u0130AS, kendi zihninizin karma\u015f\u0131kl\u0131\u011f\u0131n\u0131 anlaman\u0131za da yard\u0131mc\u0131 oluyor.   \u201cEarley\u2019nin yaz\u0131m tarz\u0131 ak\u0131c\u0131, \u00f6\u011fretti\u011fi y\u00f6ntem kadar \u015fefkatli ve sayg\u0131l\u0131. Okur her ad\u0131mda desteklendi\u011fini ve te\u015fvik edildi\u011fini hissediyor. Daha dolu, daha zengin, daha anlaml\u0131 bir hayat ya\u015famak ya da bunun i\u00e7in ba\u015fkalar\u0131na yard\u0131m etmek isteyen herkesin bu kitab\u0131 okumas\u0131 gerekir.\u201d Dr. Ann Weiser Cornell   \u201c\u0130AS\u2019nin en \u00f6nemli \u00f6zelli\u011fi i\u015fe yaramas\u0131. Bu kitab\u0131 kendi \u00fczerinde derinlemesine ama g\u00fcvenli bir \u015fekilde \u00e7al\u0131\u015fmak isteyen herkese \u00f6neririm, son derece etkili ve b\u00fcy\u00fcleyici oldu\u011fu konusunda bana hak vereceksiniz. Bu m\u00fcthi\u015f kitap harika bir ba\u015flang\u0131\u00e7. \u015eimdiye dek hi\u00e7bir terapi sisteminden bu denli etkilenmemi\u015ftim.\u201d Jason Wingate <\/p>\n","protected":false},"excerpt":{"rendered":"<p>Ruh halinizi anlamak ve zihninizin derinlerinde yatan duygusal sorunlar\u0131 \u00e7\u00f6z\u00fcmlemek ister misiniz? Kendi Kendine Terapi en \u00e7a\u011fda\u015f psikoterapi yakla\u015f\u0131mlar\u0131ndan birini, \u0130\u00e7sel Aile Sistemleri (\u0130AS) terapisini dan\u0131\u015fanlardan<span class=\"excerpt-hellip\"> [\u2026]<\/span><\/p>\n","protected":false},"featured_media":0,"template":"","meta":{"_monsterinsights_skip_tracking":false,"_monsterinsights_sitenote_active":false,"_monsterinsights_sitenote_note":"","_monsterinsights_sitenote_category":0},"product_brand":[],"product_cat":[12358,12357],"product_tag":[],"class_list":{"0":"post-747004","1":"product","2":"type-product","3":"status-publish","5":"product_cat-genel-psikoloji","6":"product_cat-psikoloji","7":"pa_cilt-ciltsiz","8":"pa_tur-kitap","9":"pa_yayinevi-dogan-novus","10":"pa_yazar-jay-earley","12":"first","13":"instock","14":"sale","15":"shipping-taxable","16":"purchasable","17":"product-type-simple"},"_links":{"self":[{"href":"https:\/\/roveyayinevi.com.tr\/index.php\/wp-json\/wp\/v2\/product\/747004","targetHints":{"allow":["GET"]}}],"collection":[{"href":"https:\/\/roveyayinevi.com.tr\/index.php\/wp-json\/wp\/v2\/product"}],"about":[{"href":"https:\/\/roveyayinevi.com.tr\/index.php\/wp-json\/wp\/v2\/types\/product"}],"wp:attachment":[{"href":"https:\/\/roveyayinevi.com.tr\/index.php\/wp-json\/wp\/v2\/media?parent=747004"}],"wp:term":[{"taxonomy":"product_brand","embeddable":true,"href":"https:\/\/roveyayinevi.com.tr\/index.php\/wp-json\/wp\/v2\/product_brand?post=747004"},{"taxonomy":"product_cat","embeddable":true,"href":"https:\/\/roveyayinevi.com.tr\/index.php\/wp-json\/wp\/v2\/product_cat?post=747004"},{"taxonomy":"product_tag","embeddable":true,"href":"https:\/\/roveyayinevi.com.tr\/index.php\/wp-json\/wp\/v2\/product_tag?post=747004"}],"curies":[{"name":"wp","href":"https:\/\/api.w.org\/{rel}","templated":true}]}}