{"id":747002,"date":"2025-08-28T02:56:15","date_gmt":"2025-08-27T23:56:15","guid":{"rendered":"https:\/\/roveyayinevi.com.tr\/index.php\/urun\/ileri-sar\/"},"modified":"2026-02-03T03:12:34","modified_gmt":"2026-02-03T00:12:34","slug":"ileri-sar","status":"publish","type":"product","link":"https:\/\/roveyayinevi.com.tr\/index.php\/urun\/ileri-sar\/","title":{"rendered":"\u0130leri Sar"},"content":{"rendered":"<p>Baz\u0131lar\u0131 i\u00e7in d\u00fcnyan\u0131n sonu, di\u011ferleri i\u00e7inse sadece bir ba\u015flang\u0131\u00e7.   \u00dcnl\u00fc bilimkurgu yazar\u0131 ve senarist Blake Crouch&#8217;un derledi\u011fi 6 c\u00fcretk\u00e2r \u00f6yk\u00fcl\u00fck bu koleksiyonda, teknolojik geli\u015fmelerin insanl\u0131\u011fa getirdi\u011fi sonu\u00e7lar\u0131 ara\u015ft\u0131ran \u00e7a\u011fda\u015f edebiyat\u0131n en ileri g\u00f6r\u00fc\u015fl\u00fc, \u00f6d\u00fcll\u00fc, b\u00fcy\u00fck yazarlar\u0131 parlak bir hayal g\u00fcc\u00fcyle yar\u0131na i\u015faret ediyorlar.   Kara mizahtan t\u00fcyler \u00fcrpertici distopyalara uzanan bu \u00f6yk\u00fclerle ileriye sar\u0131p gelece\u011fe g\u00f6z atmaya haz\u0131r m\u0131s\u0131n\u0131z?   \u00b7         Wayward \u00dc\u00e7lemesi, Karanl\u0131k Madde ve Sahte Bellek romanlar\u0131 ile \u00e7oksatan yazarlardan Blake Crouch, SUMMER FROZE ile bilgisayar oyunlar\u0131 ve yapay zek\u00e2n\u0131n s\u0131n\u0131rlar\u0131n\u0131 tart\u0131\u015fmaya a\u00e7\u0131yor. \u00b7         K\u0131r\u0131k Diyar \u00fc\u00e7lemesinin Hugo \u00d6d\u00fcll\u00fc yazar\u0131 N. K. Jemisin, AC\u0130L DURUM DER\u0130S\u0130 ile kendi kendini yok eden gezegenimizde post apokaliptik bir ayd\u0131nlanma \u00f6yk\u00fcs\u00fcyle kar\u015f\u0131m\u0131za \u00e7\u0131k\u0131yor. \u00b7         New York Times&#8217;\u0131n 1 numaras\u0131 Uyumsuz \u00fc\u00e7lemesinin yazar\u0131 Veronica Roth, ARK ile okuyucular\u0131n\u0131 D\u00fcnya&#8217;n\u0131n yok olu\u015funun arifesinde gen\u00e7 bir bilim insan\u0131yla tan\u0131\u015ft\u0131r\u0131yor. \u00b7         New York Times \u00e7oksatan\u0131 Moskova&#8217;da Bir Beyefendi\u2019nin yazar\u0131 Amor Towles, DEST\u0130NASYONA VARDINIZ ile yak\u0131n gelecekte \u00e7ocuk yeti\u015ftirmenin cesur ve yeni bir yolunu ke\u015ffe \u00e7\u0131kar\u0131yor bizleri. \u00b7         Bram Stoker \u00d6d\u00fcll\u00fc \u201cKafamdaki Hayaletler\u201d \u00f6yk\u00fcs\u00fcyle Stephen King\u2019i korkutmay\u0131 ba\u015faran Paul Tremblay, SON KONU\u015eMA adl\u0131 t\u00fcyler \u00fcrpertici \u00f6yk\u00fcs\u00fcnde bilin\u00e7 ve etik aras\u0131ndaki ahlaki dengeyi d\u00fc\u015f\u00fcnmeye davet ediyor. \u00b7         New York Times \u00e7oksatan\u0131 Marsl\u0131\u2019n\u0131n yazar\u0131 Andy Weir, RASGELELE\u015eT\u0130R ile yak\u0131n gelecekte kuantum bilgisayar sistemiyle korunan Vegas kumarhanelerine uzan\u0131yor ve soruyor: Bilim ve teknolojideki geli\u015fmeler insan zek\u00e2s\u0131n\u0131 yenmeye yetecek mi? <\/p>\n","protected":false},"excerpt":{"rendered":"<p>Baz\u0131lar\u0131 i\u00e7in d\u00fcnyan\u0131n sonu, di\u011ferleri i\u00e7inse sadece bir ba\u015flang\u0131\u00e7. \u00dcnl\u00fc bilimkurgu yazar\u0131 ve senarist Blake Crouch&#8217;un derledi\u011fi 6 c\u00fcretk\u00e2r \u00f6yk\u00fcl\u00fck bu koleksiyonda, teknolojik geli\u015fmelerin insanl\u0131\u011fa getirdi\u011fi<span class=\"excerpt-hellip\"> [\u2026]<\/span><\/p>\n","protected":false},"featured_media":0,"template":"","meta":{"_monsterinsights_skip_tracking":false,"_monsterinsights_sitenote_active":false,"_monsterinsights_sitenote_note":"","_monsterinsights_sitenote_category":0},"product_brand":[],"product_cat":[12540,12291],"product_tag":[],"class_list":{"0":"post-747002","1":"product","2":"type-product","3":"status-publish","5":"product_cat-bilim-kurgu","6":"product_cat-edebiyat","7":"pa_cilt-ciltsiz","8":"pa_tur-kitap","9":"pa_yayinevi-dex-yayinevi","10":"pa_yazar-kolektif","12":"first","13":"instock","14":"sale","15":"shipping-taxable","16":"purchasable","17":"product-type-simple"},"_links":{"self":[{"href":"https:\/\/roveyayinevi.com.tr\/index.php\/wp-json\/wp\/v2\/product\/747002","targetHints":{"allow":["GET"]}}],"collection":[{"href":"https:\/\/roveyayinevi.com.tr\/index.php\/wp-json\/wp\/v2\/product"}],"about":[{"href":"https:\/\/roveyayinevi.com.tr\/index.php\/wp-json\/wp\/v2\/types\/product"}],"wp:attachment":[{"href":"https:\/\/roveyayinevi.com.tr\/index.php\/wp-json\/wp\/v2\/media?parent=747002"}],"wp:term":[{"taxonomy":"product_brand","embeddable":true,"href":"https:\/\/roveyayinevi.com.tr\/index.php\/wp-json\/wp\/v2\/product_brand?post=747002"},{"taxonomy":"product_cat","embeddable":true,"href":"https:\/\/roveyayinevi.com.tr\/index.php\/wp-json\/wp\/v2\/product_cat?post=747002"},{"taxonomy":"product_tag","embeddable":true,"href":"https:\/\/roveyayinevi.com.tr\/index.php\/wp-json\/wp\/v2\/product_tag?post=747002"}],"curies":[{"name":"wp","href":"https:\/\/api.w.org\/{rel}","templated":true}]}}