{"id":747001,"date":"2025-08-28T02:56:14","date_gmt":"2025-08-27T23:56:14","guid":{"rendered":"https:\/\/roveyayinevi.com.tr\/index.php\/urun\/cagaster-4\/"},"modified":"2026-04-16T02:59:41","modified_gmt":"2026-04-15T23:59:41","slug":"cagaster-4","status":"publish","type":"product","link":"https:\/\/roveyayinevi.com.tr\/index.php\/urun\/cagaster-4\/","title":{"rendered":"Cagaster &#8211; 4"},"content":{"rendered":"<p>E-05&#8217;te \u00e7at\u0131\u015fmalar yo\u011funla\u015f\u0131r ve ordudaki hainler bir haber salarlar: Milis g\u00fcn bat\u0131m\u0131na kadar teslim olmazsa kenti parampar\u00e7a edeceklerdir. Hadi d\u0131\u015far\u0131dan yard\u0131m istemek i\u00e7in Bat\u0131\u2019daki ge\u00e7i\u015f kap\u0131s\u0131n\u0131 almaya \u00e7al\u0131\u015f\u0131r ama ticaret m\u00fcd\u00fcr\u00fc Hadi&#8217;yi yakalamay\u0131 kafas\u0131na koymu\u015ftur. Kidow ise Ilie&#8217;yi kurtarmak i\u00e7in her t\u00fcrl\u00fc tehlikeye at\u0131lmaya haz\u0131rd\u0131r. Tek ba\u015f\u0131na E-07 kafeslerinin g\u00f6be\u011fine, d\u00fc\u015fman \u00fcss\u00fcn\u00fcn kalbine dalar&#8230; <\/p>\n","protected":false},"excerpt":{"rendered":"<p>E-05&#8217;te \u00e7at\u0131\u015fmalar yo\u011funla\u015f\u0131r ve ordudaki hainler bir haber salarlar: Milis g\u00fcn bat\u0131m\u0131na kadar teslim olmazsa kenti parampar\u00e7a edeceklerdir. Hadi d\u0131\u015far\u0131dan yard\u0131m istemek i\u00e7in Bat\u0131\u2019daki ge\u00e7i\u015f kap\u0131s\u0131n\u0131<span class=\"excerpt-hellip\"> [\u2026]<\/span><\/p>\n","protected":false},"featured_media":0,"template":"","meta":{"_monsterinsights_skip_tracking":false,"_monsterinsights_sitenote_active":false,"_monsterinsights_sitenote_note":"","_monsterinsights_sitenote_category":0},"product_brand":[],"product_cat":[12416,12291],"product_tag":[],"class_list":{"0":"post-747001","1":"product","2":"type-product","3":"status-publish","5":"product_cat-cizgi-roman","6":"product_cat-edebiyat","7":"pa_cilt-ciltsiz","8":"pa_tur-kitap","9":"pa_yayinevi-dex-yayinevi","10":"pa_yazar-kachou-hashimoto","12":"first","13":"instock","14":"sale","15":"shipping-taxable","16":"purchasable","17":"product-type-simple"},"_links":{"self":[{"href":"https:\/\/roveyayinevi.com.tr\/index.php\/wp-json\/wp\/v2\/product\/747001","targetHints":{"allow":["GET"]}}],"collection":[{"href":"https:\/\/roveyayinevi.com.tr\/index.php\/wp-json\/wp\/v2\/product"}],"about":[{"href":"https:\/\/roveyayinevi.com.tr\/index.php\/wp-json\/wp\/v2\/types\/product"}],"wp:attachment":[{"href":"https:\/\/roveyayinevi.com.tr\/index.php\/wp-json\/wp\/v2\/media?parent=747001"}],"wp:term":[{"taxonomy":"product_brand","embeddable":true,"href":"https:\/\/roveyayinevi.com.tr\/index.php\/wp-json\/wp\/v2\/product_brand?post=747001"},{"taxonomy":"product_cat","embeddable":true,"href":"https:\/\/roveyayinevi.com.tr\/index.php\/wp-json\/wp\/v2\/product_cat?post=747001"},{"taxonomy":"product_tag","embeddable":true,"href":"https:\/\/roveyayinevi.com.tr\/index.php\/wp-json\/wp\/v2\/product_tag?post=747001"}],"curies":[{"name":"wp","href":"https:\/\/api.w.org\/{rel}","templated":true}]}}